{"id":1442,"date":"2026-01-20T12:08:23","date_gmt":"2026-01-20T12:08:23","guid":{"rendered":"https:\/\/bonuskongcasino.com\/app-2\/"},"modified":"2026-03-05T09:17:22","modified_gmt":"2026-03-05T09:17:22","slug":"app","status":"publish","type":"page","link":"https:\/\/royal-zino.org\/de\/app\/","title":{"rendered":"App"},"content":{"rendered":"<h1>Mobile Plattform von Royalzino Casino<\/h1>\n<p>Die Royalzino App ist unsere beste Idee, um unseren Casino-Spielern Mobilit\u00e4t und die modernsten L\u00f6sungen zu bieten. Die App basiert auf der neuesten Technologie und garantiert den Verbrauchern ein reibungsloses, zuverl\u00e4ssiges und interessantes Erlebnis auf verschiedenen Ger\u00e4ten. Royalzino Casino ist sehr mobil. Es ist ein Standard f\u00fcr Spielefans, die viel unterwegs sind.<\/p>\n<div class=\"banner-wrap\" aria-label=\"Banner\"><img src=\"https:\/\/royal-zino.org\/wp-content\/uploads\/2026\/03\/royalzino-bnr-static-pc.webp\" class=\"w-100 d-none d-lg-block img-pc main-banner-img\" alt=\"royalzino banner pc\" fetchpriority=\"high\" decoding=\"async\"><img src=\"https:\/\/royal-zino.org\/wp-content\/uploads\/2026\/03\/royalzino-banner-mobile.webp\" class=\"w-100 d-none d-md-block d-lg-none main-banner-img\" alt=\"royalzino banner mobile\" fetchpriority=\"high\" decoding=\"async\"><img src=\"https:\/\/royal-zino.org\/wp-content\/uploads\/2026\/03\/royalzino-banner-mobile.webp\" class=\"w-100 d-md-none\" alt=\"royalzino banner mobile\" fetchpriority=\"high\" decoding=\"async\"><div class=\"banner-description\">\n<div class=\"banner-title\">Willkommensboni<\/div>\n<p class=\"banner-header-title\">1500 \u20ac<\/p>\n<div class=\"banner-header-AdditionalText\">+ 250 Freispiele<\/div>\n<button data-item=\"homepage_banner_link\" class=\"goto m-button m-gradient-border m-button--primary m-button--large banner-button btn-orange\">\n            <div class=\"m-button-content\">\n                <span>Jetzt anmelden<\/span>\n                <span><\/span>\n            <\/div>\n        <\/button>\n<\/div>\n<div class=\"WelcomePack\">\n<p><img loading=\"lazy\" decoding=\"async\" class=\"alignnone size-full wp-image-1870\" src=\"https:\/\/royal-zino.org\/wp-content\/uploads\/2026\/03\/welcome-crown.png\" alt=\"welcome crown\" width=\"25\" height=\"26\" \/><\/p>\n<div class=\"WelcomePack-Info\">W\u00f6chentlicher Cashback von bis zu 25 %<\/div>\n<p><img loading=\"lazy\" decoding=\"async\" class=\"alignnone size-full wp-image-1870\" src=\"https:\/\/royal-zino.org\/wp-content\/uploads\/2026\/03\/welcome-crown.png\" alt=\"welcome crown\" width=\"25\" height=\"26\" \/><\/p>\n<\/div>\n<\/div>\n<h2>Royalzino auf Ihrem Mobilger\u00e4t nutzen<\/h2>\n<p>Das mobile Spielen bei Royalzino Casino ist eine Revolution! Unsere App bietet gegen\u00fcber der Desktop-Version zahlreiche Vorteile. Das mobile Portal ist schnell, reaktionsschnell und benutzerfreundlich. Spieler k\u00f6nnen ihr Smartphone zur Hand nehmen und jederzeit auf Royal Zino klicken, wenn sie eine freie Minute zum Spielen haben.<\/p>\n<p>Wir sind immer mit Online-Slots, Live-Dealer-Spielen und anderen Casinospielen zur Stelle. Die Benutzeroberfl\u00e4che ist sehr intuitiv und alle Bereiche sind in der PWA genauso verf\u00fcgbar wie auf unserem Desktop. Die Navigation ist einfach und Sie erhalten sofort Zugriff auf die komplette Spielebibliothek (mehr als 6.000 coole Spiele, k\u00f6nnen Sie sich das vorstellen?), Werbeaktionen und Tools zur Kontoverwaltung.<\/p>\n<p>Die Royalzino App bietet ein fl\u00fcssigeres Erlebnis, selbst wenn Sie auf Ihrem PC spielen. Sie l\u00e4dt schneller, hat einfachere Steuerelemente und weniger Konfigurationsanforderungen. Es sind keine umfangreichen Updates und Installationen erforderlich, sodass sich die Spieler jederzeit und \u00fcberall ganz auf ihr Spiel konzentrieren k\u00f6nnen. Dies ist perfekte Flexibilit\u00e4t, da der Spieler den Komfort genie\u00dfen kann, ohne dass das Spielerlebnis beeintr\u00e4chtigt wird.<\/p>\n<p><div class=\"scrollable-content-wrap my-5\"><div class=\"scrollable-content-inner\"><h2>Royalzino Android-App<\/h2>\n<p>Die Royalzino App ist eine Progressive Web App (PWA) und keine APK-Datei, sodass Android-Nutzern eine Reihe von M\u00f6glichkeiten offenstehen.<\/p>\n<p>Vorteile der Royal Zino PWA-Version:<\/p>\n<ul>\n<li>Unsere Progressive Web App-Version verf\u00fcgt \u00fcber einen direkten mobilen Browser in Chrome und Firefox. Stellen Sie sich diese als eine Mischung aus einer Website und einer Anwendung vor, die einen schnellen und sicheren Zugriff bietet und keine Downloads erfordert.<\/li>\n<li>Die Royalzino App l\u00e4sst sich schnell laden, wird automatisch aktualisiert und funktioniert mit verschiedenen Android-Ger\u00e4ten. Das Spielerlebnis \u00e4hnelt dem in einem echten Casino, Sie werden es also nicht bereuen, das versprechen wir Ihnen.<\/li>\n<li>Das schlanke Design bedeutet weniger Speicherplatz auf Ihrem Handy (eine gute Nachricht f\u00fcr alle, die den Speicherplatz f\u00fcr Bilder ben\u00f6tigen!) und einen einfachen Zugriff auf Funktionen wie Live-Chat, Kontaktaufnahme mit dem Support-Team und den Verifizierungsprozess.<\/li>\n<\/ul>\n<p>Zusammenfassend l\u00e4sst sich sagen, dass die Royalzino App aufgrund ihrer verbesserten Sicherheit, automatischen Updates und Benutzerfreundlichkeit die empfohlene Methode f\u00fcr den Zugriff auf das Casino auf Android-Ger\u00e4ten ist. Die APK unterlag manuellen Updates und einem m\u00f6glichen Sicherheitsrisiko, das durch die PWA-L\u00f6sung beseitigt wurde.<\/p>\n<p><img loading=\"lazy\" decoding=\"async\" class=\"alignnone size-full wp-image-1920\" src=\"https:\/\/royal-zino.org\/wp-content\/uploads\/2026\/03\/Royalzino-Android.webp\" alt=\"Royalzino Android\" width=\"1248\" height=\"536\" srcset=\"https:\/\/royal-zino.org\/wp-content\/uploads\/2026\/03\/Royalzino-Android.webp 1248w, https:\/\/royal-zino.org\/wp-content\/uploads\/2026\/03\/Royalzino-Android-300x129.webp 300w, https:\/\/royal-zino.org\/wp-content\/uploads\/2026\/03\/Royalzino-Android-1024x440.webp 1024w, https:\/\/royal-zino.org\/wp-content\/uploads\/2026\/03\/Royalzino-Android-768x330.webp 768w\" sizes=\"auto, (max-width: 1248px) 100vw, 1248px\" \/><\/p>\n<\/div><\/div><div style=\"clear: both\"><\/div><div class=\"d-flex justify-content-center\"><button data-item=\"decouvrez_link\" data-group=\"website_links\" class=\"goto fw-bold rounded-pill btn btn-orange\" aria-label=\"Laden Sie die Royalzino-App herunter\" >Laden Sie die Royalzino-App herunter<\/button><\/div><div class=\"scrollable-content-wrap my-5\"><div class=\"scrollable-content-inner\"><h2>Royalzino iOS-App<\/h2>\n<p>Die Royalzino App f\u00fcr iOS wurde entwickelt, um Nutzern mit einem Apple-Ger\u00e4t ein erstklassiges Spielerlebnis zu bieten. Die f\u00fcr iPhone und iPad optimierte Version zeichnet sich durch hohe Leistung, schnelle Ladezeiten und eine sichere Umgebung aus. Die Anwendung bietet beste Qualit\u00e4t und ein einfaches Bedienfeld mit \u00fcbersichtlichen Registerkarten zur Navigation im Royalzino Casino. Genie\u00dfen Sie die einfache Navigation durch die hochwertige Spielebibliothek, die unter anderem Online-Slot-Spiele und Buchsammlungen umfasst.<\/p>\n<p>Die iOS-Version ist professionell und erleichtert den Verifizierungsprozess effektiv gem\u00e4\u00df den Sicherheitsstandards. Wir f\u00fcgen st\u00e4ndig neue coole Funktionen und Verbesserungen hinzu, um mit den neuesten Trends in der Casino-Branche Schritt zu halten. Das Design der App konzentriert sich auf Geschwindigkeit, Sicherheit und hochwertige Grafiken, sodass Spieler schnell im Royal Zino Casino spielen k\u00f6nnen, ohne sich \u00fcber den Ladekreis zu \u00e4rgern.<\/p>\n<p><img loading=\"lazy\" decoding=\"async\" class=\"alignnone size-full wp-image-1944\" src=\"https:\/\/royal-zino.org\/wp-content\/uploads\/2026\/03\/Royalzino-iOS.webp\" alt=\"Royalzino iOS\" width=\"1248\" height=\"536\" srcset=\"https:\/\/royal-zino.org\/wp-content\/uploads\/2026\/03\/Royalzino-iOS.webp 1248w, https:\/\/royal-zino.org\/wp-content\/uploads\/2026\/03\/Royalzino-iOS-300x129.webp 300w, https:\/\/royal-zino.org\/wp-content\/uploads\/2026\/03\/Royalzino-iOS-1024x440.webp 1024w, https:\/\/royal-zino.org\/wp-content\/uploads\/2026\/03\/Royalzino-iOS-768x330.webp 768w\" sizes=\"auto, (max-width: 1248px) 100vw, 1248px\" \/><\/p>\n<\/div><\/div><div style=\"clear: both\"><\/div><div class=\"d-flex justify-content-center\"><button data-item=\"decouvrez_link\" data-group=\"website_links\" class=\"goto fw-bold rounded-pill btn btn-orange\" aria-label=\"Laden Sie die Royalzino-App herunter\" >Laden Sie die Royalzino-App herunter<\/button><\/div><div class=\"scrollable-content-wrap my-5\"><div class=\"scrollable-content-inner\"><h2>MacOS- und Windows-Anwendungen<\/h2>\n<p>Royal Zino bietet auch Windows- und macOS-Anwendungen f\u00fcr Spieler, die Desktop-Spiele bevorzugen. Diese Apps funktionieren hervorragend auf Desktops. Wir bei Royalzino Casino unterst\u00fctzen stets hochaufl\u00f6sende Grafiken und fortschrittliche Funktionen, die f\u00fcr ein immersives Erlebnis sorgen. Die Desktop-Version ist so beeindruckend, dass Sie sie auf jede Bildschirmgr\u00f6\u00dfe, sogar auf Kinoformat, skalieren k\u00f6nnen! F\u00fcr den besten Eindruck spielen Sie am besten mit Freunden zusammen.<\/p>\n<p>Spieler k\u00f6nnen das volle Casino-Erlebnis genie\u00dfen, einschlie\u00dflich Live-Chat-Support, sofortiger Kontoverifizierung und einer umfassenden Spielumgebung. Die Desktop-PWA bietet ein umfassenderes Spielerlebnis, insbesondere f\u00fcr Live-Dealer-Spiele, bei denen Realismus und visuelle Qualit\u00e4t am wichtigsten sind. Unsere Croupiers sind in allen Details zu sehen \u2013 als st\u00fcnden sie neben Ihnen in einem echten Casino irgendwo in Nassau &amp; Paradise Island auf den Bahamas!<\/p>\n<p>Probieren Sie also auch diese Version aus \u2013 um die schnelle Navigation, personalisierte Optionen und die sichere Datenverwaltung zu testen. Wir freuen uns, Ihnen mitteilen zu k\u00f6nnen, dass alle Spieler das Royal Zino Casino ohne Bedenken genie\u00dfen k\u00f6nnen.<\/p>\n<p>Lassen Sie uns also zusammenfassen, warum Sie unsere Royalzino App brauchen!<\/p>\n<table>\n<tbody>\n<tr>\n<td>Funktion<\/td>\n<td>Warum PWA in Royalzino das Beste f\u00fcr Spieler ist<\/td>\n<td>Details<\/td>\n<\/tr>\n<tr>\n<td>Sofortige Zug\u00e4nglichkeit<\/td>\n<td>Keine Downloads erforderlich \u2013 Spieler k\u00f6nnen sofort auf jedem Ger\u00e4t auf das Spiel zugreifen.<\/td>\n<td>Royalzino PWA erm\u00f6glicht einen schnellen Einstieg, reduziert Wartezeiten und erh\u00f6ht die Spielzeit.<\/td>\n<\/tr>\n<tr>\n<td>Ger\u00e4te\u00fcbergreifende Kompatibilit\u00e4t<\/td>\n<td>Nahtloses Erlebnis auf allen Ger\u00e4ten \u2013 Smartphones, Tablets, Desktops.<\/td>\n<td>Universell zug\u00e4nglich, sodass Spieler \u00fcberall eine einheitliche Benutzeroberfl\u00e4che genie\u00dfen k\u00f6nnen.<\/td>\n<\/tr>\n<tr>\n<td>Schnelle Ladezeiten<\/td>\n<td>Optimiert f\u00fcr schnellen Start und fl\u00fcssiges Gameplay.<\/td>\n<td>Die Spieler verbringen mehr Zeit mit dem Spielen und weniger Zeit mit Warten.<\/td>\n<\/tr>\n<tr>\n<td>Geringe Speicheranforderungen<\/td>\n<td>Keine Downloads aus dem App Store erforderlich, wodurch Speicherplatz auf dem Ger\u00e4t gespart wird.<\/td>\n<td>Ideal f\u00fcr Spieler mit begrenztem Speicherplatz, was zu einer h\u00e4ufigeren Nutzung f\u00fchrt.<\/td>\n<\/tr>\n<tr>\n<td>Automatische Updates<\/td>\n<td>Immer auf dem neuesten Stand mit den neuesten Funktionen, ohne manuelle Updates.<\/td>\n<td>Spieler k\u00f6nnen sofort auf neue Spiele und Funktionen zugreifen und bleiben so mit der Plattform verbunden.<\/td>\n<\/tr>\n<tr>\n<td>Verbesserte Sicherheit<\/td>\n<td>Sicheres Surfen und sichere Transaktionen dank moderner Web-Sicherheitsprotokolle.<\/td>\n<td>Schafft Vertrauen durch den Schutz von Spielerdaten und Finanzinformationen.<\/td>\n<\/tr>\n<tr>\n<td>Push-Benachrichtigungen<\/td>\n<td>Echtzeit-Updates zu Boni, neuen Spielen und Werbeaktionen.<\/td>\n<td>H\u00e4lt Spieler auf dem Laufenden und motiviert sie, wodurch die Kundenbindung erh\u00f6ht wird.<\/td>\n<\/tr>\n<tr>\n<td>Kosteng\u00fcnstig f\u00fcr Spieler<\/td>\n<td>Es m\u00fcssen keine Apps aus App-Stores gekauft oder aktualisiert werden, wodurch Geld gespart wird.<\/td>\n<td>Besser zug\u00e4nglich, was eine breitere Akzeptanz unter den Spielern f\u00f6rdert.<\/td>\n<\/tr>\n<tr>\n<td>Umweltfreundlich und nachhaltig<\/td>\n<td>Geringerer Bedarf an App-Store-Infrastruktur und Updates, wodurch die Umweltbelastung reduziert wird.<\/td>\n<td>Spiegelt einen modernen, verantwortungsbewussten Ansatz wider, der mit umweltbewussten Spielern im Einklang steht.<\/td>\n<\/tr>\n<\/tbody>\n<\/table>\n<p><img loading=\"lazy\" decoding=\"async\" class=\"alignnone size-full wp-image-1936\" src=\"https:\/\/royal-zino.org\/wp-content\/uploads\/2026\/03\/Royalzino-Desktop.webp\" alt=\"Royalzino Desktop\" width=\"1248\" height=\"536\" srcset=\"https:\/\/royal-zino.org\/wp-content\/uploads\/2026\/03\/Royalzino-Desktop.webp 1248w, https:\/\/royal-zino.org\/wp-content\/uploads\/2026\/03\/Royalzino-Desktop-300x129.webp 300w, https:\/\/royal-zino.org\/wp-content\/uploads\/2026\/03\/Royalzino-Desktop-1024x440.webp 1024w, https:\/\/royal-zino.org\/wp-content\/uploads\/2026\/03\/Royalzino-Desktop-768x330.webp 768w\" sizes=\"auto, (max-width: 1248px) 100vw, 1248px\" \/><\/p>\n<\/div><\/div><div style=\"clear: both\"><\/div><div class=\"d-flex justify-content-center\"><button data-item=\"decouvrez_link\" data-group=\"website_links\" class=\"goto fw-bold rounded-pill btn btn-orange\" aria-label=\"Laden Sie die Royalzino-App herunter\" >Laden Sie die Royalzino-App herunter<\/button><\/div><div class=\"scrollable-content-wrap my-5\"><div class=\"scrollable-content-inner\"><h2>FAQ<\/h2>\n<h3>Muss man ein Konto erstellen, um die Royalzino App nutzen zu k\u00f6nnen?<\/h3>\n<p>Technisch gesehen k\u00f6nnen Sie viele Royalzino Casino Spiele im Demo-Modus spielen, aber wir glauben nicht, dass Ihnen das ausreichen w\u00fcrde. Unser mobiles Casino bietet Ihnen viele M\u00f6glichkeiten, gro\u00dfe Gewinne zu erzielen, aber um an das Geld zu kommen, m\u00fcssen Sie sich registrieren. Man muss registriert sein, um die gesamte Palette an Funktionen nutzen zu k\u00f6nnen, darunter Online-Slots, Live-Dealer-Spiele, B\u00fccher, Originaltitel und Spiele aus den exklusiven Festtagsbereichen.<\/p>\n<h3>Bietet die Royalzino Casino Anwendung Kundensupport?<\/h3>\n<p>Ja, unser qualifiziertes mehrsprachiges Support-Team steht Ihnen jederzeit in Ihrer Zeitzone zur Verf\u00fcgung. Klicken Sie auf die Live-Chat-Schaltfl\u00e4che und chatten Sie mit uns, oder schreiben Sie uns einfach eine l\u00e4ngere E-Mail, wenn Sie mehr Platz ben\u00f6tigen, um uns etwas mitzuteilen. Dieser Support bietet schnelle Hilfe bei technischen Problemen, Fragen zur Verifizierung und anderen Anfragen, damit der Spielablauf jederzeit reibungslos verl\u00e4uft.<\/p>\n<h3>Muss ich die Royalzino Casino App selbst aktualisieren?<\/h3>\n<p>Bei mobilen Anwendungen erfolgen die Updates automatisch, sodass die Spieler sich nicht um manuelle Updates k\u00fcmmern m\u00fcssen. Apps auf dem Desktop werden \u00fcber interne Benachrichtigungen innerhalb der Browser aktualisiert. Es sind also keine manuellen Downloads erforderlich.<\/p>\n<\/div><\/div><\/p>\n","protected":false},"excerpt":{"rendered":"<p>Mobile Plattform von Royalzino Casino Die Royalzino App ist unsere beste Idee, um unseren Casino-Spielern Mobilit\u00e4t und die modernsten L\u00f6sungen zu bieten. Die App basiert auf der neuesten Technologie und garantiert den Verbrauchern ein reibungsloses, zuverl\u00e4ssiges und interessantes Erlebnis auf verschiedenen Ger\u00e4ten. Royalzino Casino ist sehr mobil. Es ist ein Standard f\u00fcr Spielefans, die viel [&hellip;]<\/p>\n","protected":false},"author":1,"featured_media":0,"parent":0,"menu_order":0,"comment_status":"closed","ping_status":"closed","template":"template-builder.php","meta":{"_acf_changed":false,"inline_featured_image":false,"footnotes":""},"class_list":["post-1442","page","type-page","status-publish","hentry"],"acf":[],"yoast_head":"<!-- This site is optimized with the Yoast SEO plugin v27.3 - https:\/\/yoast.com\/product\/yoast-seo-wordpress\/ -->\n<title>Royalzino App Download | iOS, Android &amp; Desktop<\/title>\n<meta name=\"description\" content=\"Royalzino App \u2013 lade die App f\u00fcr iOS, Android und Desktop herunter, um Slots, Tischspiele und Live-Casino \u00fcberall zu spielen. Genie\u00dfe reibungslose Leistung und vollen Kontozugriff mit Royal Zino.\" \/>\n<meta name=\"robots\" content=\"index, follow, max-snippet:-1, max-image-preview:large, max-video-preview:-1\" \/>\n<link rel=\"canonical\" href=\"https:\/\/royal-zino.org\/de\/app\/\" \/>\n<meta property=\"og:locale\" content=\"de_DE\" \/>\n<meta property=\"og:type\" content=\"article\" \/>\n<meta property=\"og:title\" content=\"Royalzino App Download | iOS, Android &amp; Desktop\" \/>\n<meta property=\"og:description\" content=\"Royalzino App \u2013 lade die App f\u00fcr iOS, Android und Desktop herunter, um Slots, Tischspiele und Live-Casino \u00fcberall zu spielen. Genie\u00dfe reibungslose Leistung und vollen Kontozugriff mit Royal Zino.\" \/>\n<meta property=\"og:url\" content=\"https:\/\/royal-zino.org\/de\/app\/\" \/>\n<meta property=\"og:site_name\" content=\"royalzino\" \/>\n<meta property=\"article:modified_time\" content=\"2026-03-05T09:17:22+00:00\" \/>\n<meta name=\"twitter:card\" content=\"summary_large_image\" \/>\n<meta name=\"twitter:label1\" content=\"Gesch\u00e4tzte Lesezeit\" \/>\n\t<meta name=\"twitter:data1\" content=\"2\u00a0Minuten\" \/>\n<script type=\"application\/ld+json\" class=\"yoast-schema-graph\">{\"@context\":\"https:\\\/\\\/schema.org\",\"@graph\":[{\"@type\":\"WebPage\",\"@id\":\"https:\\\/\\\/royal-zino.org\\\/de\\\/app\\\/\",\"url\":\"https:\\\/\\\/royal-zino.org\\\/de\\\/app\\\/\",\"name\":\"Royalzino App Download | iOS, Android & Desktop\",\"isPartOf\":{\"@id\":\"https:\\\/\\\/royal-zino.org\\\/de\\\/#website\"},\"datePublished\":\"2026-01-20T12:08:23+00:00\",\"dateModified\":\"2026-03-05T09:17:22+00:00\",\"description\":\"Royalzino App \u2013 lade die App f\u00fcr iOS, Android und Desktop herunter, um Slots, Tischspiele und Live-Casino \u00fcberall zu spielen. Genie\u00dfe reibungslose Leistung und vollen Kontozugriff mit Royal Zino.\",\"breadcrumb\":{\"@id\":\"https:\\\/\\\/royal-zino.org\\\/de\\\/app\\\/#breadcrumb\"},\"inLanguage\":\"de\",\"potentialAction\":[{\"@type\":\"ReadAction\",\"target\":[\"https:\\\/\\\/royal-zino.org\\\/de\\\/app\\\/\"]}]},{\"@type\":\"BreadcrumbList\",\"@id\":\"https:\\\/\\\/royal-zino.org\\\/de\\\/app\\\/#breadcrumb\",\"itemListElement\":[{\"@type\":\"ListItem\",\"position\":1,\"name\":\"Royalzino\",\"item\":\"https:\\\/\\\/royal-zino.org\\\/de\\\/\"},{\"@type\":\"ListItem\",\"position\":2,\"name\":\"App\"}]},{\"@type\":\"WebSite\",\"@id\":\"https:\\\/\\\/royal-zino.org\\\/de\\\/#website\",\"url\":\"https:\\\/\\\/royal-zino.org\\\/de\\\/\",\"name\":\"Royalzino\",\"description\":\"\",\"publisher\":{\"@id\":\"https:\\\/\\\/royal-zino.org\\\/de\\\/#organization\"},\"potentialAction\":[{\"@type\":\"SearchAction\",\"target\":{\"@type\":\"EntryPoint\",\"urlTemplate\":\"https:\\\/\\\/royal-zino.org\\\/de\\\/?s={search_term_string}\"},\"query-input\":{\"@type\":\"PropertyValueSpecification\",\"valueRequired\":true,\"valueName\":\"search_term_string\"}}],\"inLanguage\":\"de\"},{\"@type\":\"Organization\",\"@id\":\"https:\\\/\\\/royal-zino.org\\\/de\\\/#organization\",\"name\":\"Royalzino\",\"url\":\"https:\\\/\\\/royal-zino.org\\\/de\\\/\",\"logo\":{\"@type\":\"ImageObject\",\"inLanguage\":\"de\",\"@id\":\"https:\\\/\\\/royal-zino.org\\\/de\\\/#\\\/schema\\\/logo\\\/image\\\/\",\"url\":\"https:\\\/\\\/royal-zino.org\\\/wp-content\\\/uploads\\\/2026\\\/03\\\/logo-1.png\",\"contentUrl\":\"https:\\\/\\\/royal-zino.org\\\/wp-content\\\/uploads\\\/2026\\\/03\\\/logo-1.png\",\"width\":160,\"height\":32,\"caption\":\"Royalzino\"},\"image\":{\"@id\":\"https:\\\/\\\/royal-zino.org\\\/de\\\/#\\\/schema\\\/logo\\\/image\\\/\"}}]}<\/script>\n<!-- \/ Yoast SEO plugin. -->","yoast_head_json":{"title":"Royalzino App Download | iOS, Android & Desktop","description":"Royalzino App \u2013 lade die App f\u00fcr iOS, Android und Desktop herunter, um Slots, Tischspiele und Live-Casino \u00fcberall zu spielen. Genie\u00dfe reibungslose Leistung und vollen Kontozugriff mit Royal Zino.","robots":{"index":"index","follow":"follow","max-snippet":"max-snippet:-1","max-image-preview":"max-image-preview:large","max-video-preview":"max-video-preview:-1"},"canonical":"https:\/\/royal-zino.org\/de\/app\/","og_locale":"de_DE","og_type":"article","og_title":"Royalzino App Download | iOS, Android & Desktop","og_description":"Royalzino App \u2013 lade die App f\u00fcr iOS, Android und Desktop herunter, um Slots, Tischspiele und Live-Casino \u00fcberall zu spielen. Genie\u00dfe reibungslose Leistung und vollen Kontozugriff mit Royal Zino.","og_url":"https:\/\/royal-zino.org\/de\/app\/","og_site_name":"royalzino","article_modified_time":"2026-03-05T09:17:22+00:00","twitter_card":"summary_large_image","twitter_misc":{"Gesch\u00e4tzte Lesezeit":"2\u00a0Minuten"},"schema":{"@context":"https:\/\/schema.org","@graph":[{"@type":"WebPage","@id":"https:\/\/royal-zino.org\/de\/app\/","url":"https:\/\/royal-zino.org\/de\/app\/","name":"Royalzino App Download | iOS, Android & Desktop","isPartOf":{"@id":"https:\/\/royal-zino.org\/de\/#website"},"datePublished":"2026-01-20T12:08:23+00:00","dateModified":"2026-03-05T09:17:22+00:00","description":"Royalzino App \u2013 lade die App f\u00fcr iOS, Android und Desktop herunter, um Slots, Tischspiele und Live-Casino \u00fcberall zu spielen. Genie\u00dfe reibungslose Leistung und vollen Kontozugriff mit Royal Zino.","breadcrumb":{"@id":"https:\/\/royal-zino.org\/de\/app\/#breadcrumb"},"inLanguage":"de","potentialAction":[{"@type":"ReadAction","target":["https:\/\/royal-zino.org\/de\/app\/"]}]},{"@type":"BreadcrumbList","@id":"https:\/\/royal-zino.org\/de\/app\/#breadcrumb","itemListElement":[{"@type":"ListItem","position":1,"name":"Royalzino","item":"https:\/\/royal-zino.org\/de\/"},{"@type":"ListItem","position":2,"name":"App"}]},{"@type":"WebSite","@id":"https:\/\/royal-zino.org\/de\/#website","url":"https:\/\/royal-zino.org\/de\/","name":"Royalzino","description":"","publisher":{"@id":"https:\/\/royal-zino.org\/de\/#organization"},"potentialAction":[{"@type":"SearchAction","target":{"@type":"EntryPoint","urlTemplate":"https:\/\/royal-zino.org\/de\/?s={search_term_string}"},"query-input":{"@type":"PropertyValueSpecification","valueRequired":true,"valueName":"search_term_string"}}],"inLanguage":"de"},{"@type":"Organization","@id":"https:\/\/royal-zino.org\/de\/#organization","name":"Royalzino","url":"https:\/\/royal-zino.org\/de\/","logo":{"@type":"ImageObject","inLanguage":"de","@id":"https:\/\/royal-zino.org\/de\/#\/schema\/logo\/image\/","url":"https:\/\/royal-zino.org\/wp-content\/uploads\/2026\/03\/logo-1.png","contentUrl":"https:\/\/royal-zino.org\/wp-content\/uploads\/2026\/03\/logo-1.png","width":160,"height":32,"caption":"Royalzino"},"image":{"@id":"https:\/\/royal-zino.org\/de\/#\/schema\/logo\/image\/"}}]}},"_links":{"self":[{"href":"https:\/\/royal-zino.org\/de\/wp-json\/wp\/v2\/pages\/1442","targetHints":{"allow":["GET"]}}],"collection":[{"href":"https:\/\/royal-zino.org\/de\/wp-json\/wp\/v2\/pages"}],"about":[{"href":"https:\/\/royal-zino.org\/de\/wp-json\/wp\/v2\/types\/page"}],"author":[{"embeddable":true,"href":"https:\/\/royal-zino.org\/de\/wp-json\/wp\/v2\/users\/1"}],"replies":[{"embeddable":true,"href":"https:\/\/royal-zino.org\/de\/wp-json\/wp\/v2\/comments?post=1442"}],"version-history":[{"count":4,"href":"https:\/\/royal-zino.org\/de\/wp-json\/wp\/v2\/pages\/1442\/revisions"}],"predecessor-version":[{"id":2071,"href":"https:\/\/royal-zino.org\/de\/wp-json\/wp\/v2\/pages\/1442\/revisions\/2071"}],"wp:attachment":[{"href":"https:\/\/royal-zino.org\/de\/wp-json\/wp\/v2\/media?parent=1442"}],"curies":[{"name":"wp","href":"https:\/\/api.w.org\/{rel}","templated":true}]}}