{"id":1483,"date":"2026-01-20T12:11:11","date_gmt":"2026-01-20T12:11:11","guid":{"rendered":"https:\/\/bonuskongcasino.com\/login-and-registration\/"},"modified":"2026-03-05T09:13:18","modified_gmt":"2026-03-05T09:13:18","slug":"anmeldung-und-registrierung","status":"publish","type":"page","link":"https:\/\/royal-zino.org\/de\/anmeldung-und-registrierung\/","title":{"rendered":"Anmeldung und Registrierung"},"content":{"rendered":"<h1>Anmeldung und Registrierung bei Royalzino Casino<\/h1>\n<p>Der Royalzino Login erm\u00f6glicht allen Spielern den Zugang zu einer umfangreichen Auswahl an Spielprodukten, exklusiven Angeboten und ma\u00dfgeschneiderten Funktionen in unserem Casino. Royalzino Casino ist f\u00fchrend in Bezug auf Sicherheit, Komfort und bahnbrechende Tools f\u00fcr unabh\u00e4ngiges digitales Gaming. Wir freuen uns, dass wir allen Spielern einen einfachen Zugang zu unserer Plattform bieten k\u00f6nnen, sodass alle Nutzer das Gef\u00fchl haben, dass wir ihre erste Wahl f\u00fcr ein stabiles und faszinierendes Online-Casino-Erlebnis sind.<\/p>\n<p><div class=\"banner-wrap\" aria-label=\"Banner\"><img src=\"https:\/\/royal-zino.org\/wp-content\/uploads\/2026\/03\/royalzino-bnr-static-pc.webp\" class=\"w-100 d-none d-lg-block img-pc main-banner-img\" alt=\"royalzino banner pc\" fetchpriority=\"high\" decoding=\"async\"><img src=\"https:\/\/royal-zino.org\/wp-content\/uploads\/2026\/03\/royalzino-banner-mobile.webp\" class=\"w-100 d-none d-md-block d-lg-none main-banner-img\" alt=\"royalzino banner mobile\" fetchpriority=\"high\" decoding=\"async\"><img src=\"https:\/\/royal-zino.org\/wp-content\/uploads\/2026\/03\/royalzino-banner-mobile.webp\" class=\"w-100 d-md-none\" alt=\"royalzino banner mobile\" fetchpriority=\"high\" decoding=\"async\"><div class=\"banner-description\">\n<div class=\"banner-title\">Willkommensboni<\/div>\n<p class=\"banner-header-title\">1500 \u20ac<\/p>\n<div class=\"banner-header-AdditionalText\">+ 250 Freispiele<\/div>\n<button data-item=\"homepage_banner_link\" class=\"goto m-button m-gradient-border m-button--primary m-button--large banner-button btn-orange\">\n            <div class=\"m-button-content\">\n                <span>Jetzt anmelden<\/span>\n                <span><\/span>\n            <\/div>\n        <\/button>\n<\/div>\n<div class=\"WelcomePack\">\n<p><img loading=\"lazy\" decoding=\"async\" class=\"alignnone size-full wp-image-1870\" src=\"https:\/\/royal-zino.org\/wp-content\/uploads\/2026\/03\/welcome-crown.png\" alt=\"welcome crown\" width=\"25\" height=\"26\" \/><\/p>\n<div class=\"WelcomePack-Info\">W\u00f6chentlicher Cashback von bis zu 25 %<\/div>\n<p><img loading=\"lazy\" decoding=\"async\" class=\"alignnone size-full wp-image-1870\" src=\"https:\/\/royal-zino.org\/wp-content\/uploads\/2026\/03\/welcome-crown.png\" alt=\"welcome crown\" width=\"25\" height=\"26\" \/><\/p>\n<\/div>\n<\/div><div class=\"scrollable-content-wrap my-5\"><div class=\"scrollable-content-inner\"><h2>Neuanmeldung bei Royalzino Casino<\/h2>\n<p>Es ist auch relativ einfach, ein Royalzino Casino Konto zu erstellen, mit dem neue Spieler sofortigen Zugriff auf unsere gesamte Spielbibliothek erhalten. Um sich selbstst\u00e4ndig zu registrieren, m\u00fcssen Benutzer einige einfache Schritte befolgen, um sicherzustellen, dass ihr Konto sicher ist und ordnungsgem\u00e4\u00df eingerichtet wurde.<\/p>\n<p><img loading=\"lazy\" decoding=\"async\" class=\"alignnone size-full wp-image-1952\" src=\"https:\/\/royal-zino.org\/wp-content\/uploads\/2026\/03\/Royalzino-login-page.webp\" alt=\"Royalzino login page\" width=\"1248\" height=\"536\" srcset=\"https:\/\/royal-zino.org\/wp-content\/uploads\/2026\/03\/Royalzino-login-page.webp 1248w, https:\/\/royal-zino.org\/wp-content\/uploads\/2026\/03\/Royalzino-login-page-300x129.webp 300w, https:\/\/royal-zino.org\/wp-content\/uploads\/2026\/03\/Royalzino-login-page-1024x440.webp 1024w, https:\/\/royal-zino.org\/wp-content\/uploads\/2026\/03\/Royalzino-login-page-768x330.webp 768w\" sizes=\"auto, (max-width: 1248px) 100vw, 1248px\" \/><\/p>\n<h3>So erstellen Sie selbst ein Royal Zino Casino Konto<\/h3>\n<p>Lassen Sie uns den gesamten Prozess in einfache Schritte unterteilen:<\/p>\n<ol>\n<li>Klicken Sie zun\u00e4chst auf die Hauptseite von Royal Zino Casino und f\u00fcllen Sie das Formular aus.<\/li>\n<li>Auf der Homepage befindet sich eine gut sichtbare Schaltfl\u00e4che \u201eRegistrieren\u201c. Wenn Sie darauf klicken, wird der Registrierungsprozess gestartet.<\/li>\n<li>Sie werden dann aufgefordert, die erforderlichen Informationen einzugeben \u2013 eine E-Mail-Adresse, die als Hauptzugangsdaten f\u00fcr die Anmeldung bei Royalzino verwendet wird.<\/li>\n<li>Als N\u00e4chstes m\u00fcssen Sie ein sicheres Passwort w\u00e4hlen, das einzigartig ist und den Sicherheitsstandards entspricht. Dadurch wird gew\u00e4hrleistet, dass kein unbefugter Zugriff auf Ihr Konto erfolgt.<\/li>\n<li>Wir bitten Sie au\u00dferdem, im Registrierungsformular Ihren bevorzugten Benutzernamen anzugeben und die Allgemeinen Gesch\u00e4ftsbedingungen der Plattform zu akzeptieren (kreuzen Sie das K\u00e4stchen an, nachdem Sie diese vollst\u00e4ndig gelesen haben).<\/li>\n<li>Au\u00dferdem gibt es eine Option zur Registrierung mit einem Feld f\u00fcr Aktionscodes, die eingel\u00f6st werden k\u00f6nnen, um das anf\u00e4ngliche Spielerlebnis zu verbessern, einschlie\u00dflich Sonderboni oder Freispielen.<\/li>\n<\/ol>\n<p>Sobald diese Schritte abgeschlossen sind, erhalten Sie eine Best\u00e4tigungs-E-Mail. Bitte aktivieren Sie Ihr Konto \u00fcber den darin enthaltenen Link. Sobald Sie ein Konto haben, k\u00f6nnen Sie sich jederzeit bei Royalzino anmelden, um alle Funktionen der Plattform zu nutzen, wie Einzahlungen, Auszahlungen und Spiele.<\/p>\n<h2>Royalzino Login<\/h2>\n<p>Die Anmeldung bei Royalzino sollte schnell und sicher sein. Sie m\u00fcssen lediglich die Homepage besuchen und dort \u201eAnmelden\u201c finden. Mit Ihrer registrierten E-Mail-Adresse und Ihrem Passwort k\u00f6nnen Sie sofort auf Ihr Konto-Dashboard zugreifen.<\/p>\n<p>Wir erm\u00f6glichen auch die Verwendung von Drittanbieter-Konten von Google als Anmeldeoption \u2013 alles f\u00fcr Ihren Komfort! Auf diese Weise k\u00f6nnen Benutzer sich sofort bei Royalzino anmelden, ohne sich zus\u00e4tzliche Passw\u00f6rter merken zu m\u00fcssen, was die Nutzung vereinfacht und ein hohes Ma\u00df an Sicherheit gew\u00e4hrleistet. Wir hoffen, dass Sie diese Anmeldemethode ebenfalls ausprobieren \u2013 sie hat viel positives Feedback von unseren Spielern erhalten.<\/p>\n<h3>Was tun, wenn ich mein Passwort vergessen habe?<\/h3>\n<p>Royalzino bietet eine einfache Option zur Passwortwiederherstellung, falls Sie Ihr Passwort vergessen haben. W\u00e4hlen Sie auf der Anmeldeseite von Royalzino die Option \u201ePasswort vergessen?\u201c. Sie werden dann aufgefordert, Ihre registrierte E-Mail-Adresse einzugeben.<\/p>\n<p>Wir senden Ihnen eine E-Mail mit Hilfe zur Wiederherstellung Ihrer verlorenen Zugangsdaten f\u00fcr Royalzino Casino \u2013 f\u00fcr E-Mail und Passwort. Wenn Sie keine E-Mail von uns erhalten, ist das unm\u00f6glich. \u00dcberpr\u00fcfen Sie Ihren Spam-Ordner \u2013 sie k\u00f6nnte dort sein. Lesen Sie die E-Mail und klicken Sie auf den Link, um ein neues Passwort zu erstellen, damit Ihr Konto sicher und bequem ist.<\/p>\n<h2>KYC-Verfahren bei Royal Zino Casino<\/h2>\n<p>Bei Royalzino Casino haben wir strenge Richtlinien, um jeden einzelnen Spieler zu \u00fcberpr\u00fcfen, der unsere Einrichtung betritt. Der KYC-Verifizierungsprozess (Know Your Customer) ist wichtig, da Sie als Spieler ebenfalls Stunden in einer sicheren Umgebung verbringen m\u00f6chten, umgeben von echten Menschen und nicht von gef\u00e4lschten Bots.<\/p>\n<p>Das Verifizierungsverfahren dauert nicht lange \u2013 wir k\u00f6nnen Ihre Dokumente innerhalb von 1\u20132 Tagen \u00fcberpr\u00fcfen, wenn nicht sogar schneller. Das h\u00e4ngt von der jeweiligen Person ab. Manchmal haben wir zus\u00e4tzliche Fragen, wenn wir Bedenken haben. Machen Sie sich keine Sorgen, wenn Sie eine E-Mail oder einen Anruf von uns erhalten \u2013 dies dient Ihrer eigenen Sicherheit. Welche Dokumente ben\u00f6tigt das Royal Zino Casino?<\/p>\n<ol>\n<li>Eine Kopie Ihres echten Reisepasses mit allen wichtigen Informationen zu Ihrer Identit\u00e4t.<\/li>\n<li>Rechnungen von Versorgungsunternehmen zum Nachweis Ihrer Wohnadresse und Ihrer F\u00e4higkeit, die Grundkosten zu bezahlen.<\/li>\n<\/ol>\n<p>Nachdem wir Ihre Dokumente erhalten haben, k\u00f6nnen Sie diese in Ihrem Royalzino Casino-Dashboard hochladen \u2013 wir werden uns Zeit nehmen, um alles gr\u00fcndlich zu pr\u00fcfen. Bitte haben Sie etwas Geduld, da wir viele Spieler zu \u00fcberpr\u00fcfen haben. Nachdem wir zu dem Schluss gekommen sind, dass alles in Ordnung ist, erhalten Sie eine Benachrichtigung von Royalzino Casino und k\u00f6nnen hier v\u00f6llig frei agieren \u2013 Sie k\u00f6nnen ohne Einschr\u00e4nkungen beliebige Geldbetr\u00e4ge einzahlen und abheben, jede Art von Spiel spielen und Spa\u00df haben.<\/p>\n<table>\n<tbody>\n<tr>\n<td>Wie die Verifizierung hilft<\/td>\n<td>Erkl\u00e4rung<\/td>\n<\/tr>\n<tr>\n<td>Vermeiden Sie eingeschr\u00e4nkten Zugriff auf Gelder<\/td>\n<td>Nach der Verifizierung Ihres Kontos k\u00f6nnen Sie Geld einzahlen oder abheben.<\/td>\n<\/tr>\n<tr>\n<td>Befreien Sie sich von eingeschr\u00e4nkten Spieloptionen<\/td>\n<td>Nach der KYC-Verifizierung unterliegen Sie keinen Einschr\u00e4nkungen mehr beim Spielen bestimmter Spiele oder beim Zugriff auf alle Funktionen des Online-Casinos.<\/td>\n<\/tr>\n<tr>\n<td>M\u00f6glichkeit, Gewinne auszuzahlen<\/td>\n<td>Nach der Verifizierung k\u00f6nnen Sie alle Gewinne oder Kontoguthaben auszahlen lassen.<\/td>\n<\/tr>\n<tr>\n<td>Vermeiden Sie das Risiko einer Kontosperrung<\/td>\n<td>Das Casino wird Ihr Konto nicht wegen Nichteinhaltung der Richtlinien einschr\u00e4nken oder sperren.<\/td>\n<\/tr>\n<tr>\n<td>Zugang zu allen Kontovorteilen<\/td>\n<td>Bonusse, Werbeaktionen und alle Kontovorteile k\u00f6nnen nach der Verifizierung verf\u00fcgbar sein.<\/td>\n<\/tr>\n<tr>\n<td>Beseitigung potenzieller Sicherheitsrisiken<\/td>\n<td>Nach der Verifizierung wird Ihr Konto vor Betrug und unbefugtem Zugriff gesch\u00fctzt.<\/td>\n<\/tr>\n<tr>\n<td>Vermeidung m\u00f6glicher zuk\u00fcnftiger Einschr\u00e4nkungen<\/td>\n<td>Das Casino wird keine Einschr\u00e4nkungen auferlegen oder Konten schlie\u00dfen, die die Verifizierung nicht abgeschlossen haben.<\/td>\n<\/tr>\n<\/tbody>\n<\/table>\n<h2>FAQ<\/h2>\n<h3>Wie kann ich mich ganz einfach bei Royalzino anmelden?<\/h3>\n<p>Die Anmeldung bei Royalzino auf unserer Plattform geht sehr schnell \u2013 einfacher geht es nicht! Im Anmeldebereich (oben rechts) k\u00f6nnen Sie die Option \u201eMit Google anmelden\u201d ausw\u00e4hlen. Suchen Sie nach der kleinen Schaltfl\u00e4che \u201eOder mit Google anmelden\u201d und melden Sie sich einfach mit Ihrer Gmail-Adresse an. Sobald Sie angemeldet sind, k\u00f6nnen Sie alle Funktionen wie Boni und Live-Spiele nutzen.<\/p>\n<h3>Wie l\u00f6sche ich mein Konto?<\/h3>\n<p>Wie jedes seri\u00f6se Casino helfen wir Ihnen gerne dabei, Ihr Konto zu schlie\u00dfen. Wenn Sie Ihr Royalzino-Konto deaktivieren m\u00f6chten, senden Sie eine Nachricht an den Kundendienst per Live-Chat oder E-Mail. Der Kundendienst wird Sie durch diesen Vorgang begleiten, der aus Sicherheitsgr\u00fcnden die \u00dcberpr\u00fcfung Ihrer Identit\u00e4t umfasst. Wir l\u00f6schen Konten effizient und entfernen alle Daten sicher aus unseren Systemen.<\/p>\n<h3>Wie l\u00e4uft die Aktualisierung der Kontodaten ab?<\/h3>\n<p>Nach dem Verifizierungsprozess kann jeder problemlos auf den Bereich zur Kontoverwaltung zugreifen. Dort k\u00f6nnen pers\u00f6nliche Daten, Kontaktdaten und Zahlungsmethoden ge\u00e4ndert werden. Falls Sie alles \u00e4ndern, sollten Sie ein st\u00e4rkeres Passwort erstellen. Generell ist es immer gut, die Sicherheit Ihres Royal Zino Casino Kontos zu verbessern.<\/p>\n<\/div><\/div><\/p>\n","protected":false},"excerpt":{"rendered":"<p>Anmeldung und Registrierung bei Royalzino Casino Der Royalzino Login erm\u00f6glicht allen Spielern den Zugang zu einer umfangreichen Auswahl an Spielprodukten, exklusiven Angeboten und ma\u00dfgeschneiderten Funktionen in unserem Casino. Royalzino Casino ist f\u00fchrend in Bezug auf Sicherheit, Komfort und bahnbrechende Tools f\u00fcr unabh\u00e4ngiges digitales Gaming. Wir freuen uns, dass wir allen Spielern einen einfachen Zugang zu [&hellip;]<\/p>\n","protected":false},"author":1,"featured_media":0,"parent":0,"menu_order":0,"comment_status":"closed","ping_status":"closed","template":"template-builder.php","meta":{"_acf_changed":false,"inline_featured_image":false,"footnotes":""},"class_list":["post-1483","page","type-page","status-publish","hentry"],"acf":[],"yoast_head":"<!-- This site is optimized with the Yoast SEO plugin v27.3 - https:\/\/yoast.com\/product\/yoast-seo-wordpress\/ -->\n<title>Royalzino Login \u2013 Registrierung mit sicherem Zugang<\/title>\n<meta name=\"description\" content=\"Royalzino Login \u2013 melde dich sicher an oder registriere dein Konto in Sekunden mit verschl\u00fcsseltem Zugang und schneller Verifizierung. Verwalte Passwortwiederherstellung, Profileinstellungen und Kontofunktionen einfach bei Royal Zino.\" \/>\n<meta name=\"robots\" content=\"index, follow, max-snippet:-1, max-image-preview:large, max-video-preview:-1\" \/>\n<link rel=\"canonical\" href=\"https:\/\/royal-zino.org\/de\/anmeldung-und-registrierung\/\" \/>\n<meta property=\"og:locale\" content=\"de_DE\" \/>\n<meta property=\"og:type\" content=\"article\" \/>\n<meta property=\"og:title\" content=\"Royalzino Login \u2013 Registrierung mit sicherem Zugang\" \/>\n<meta property=\"og:description\" content=\"Royalzino Login \u2013 melde dich sicher an oder registriere dein Konto in Sekunden mit verschl\u00fcsseltem Zugang und schneller Verifizierung. Verwalte Passwortwiederherstellung, Profileinstellungen und Kontofunktionen einfach bei Royal Zino.\" \/>\n<meta property=\"og:url\" content=\"https:\/\/royal-zino.org\/de\/anmeldung-und-registrierung\/\" \/>\n<meta property=\"og:site_name\" content=\"royalzino\" \/>\n<meta property=\"article:modified_time\" content=\"2026-03-05T09:13:18+00:00\" \/>\n<meta name=\"twitter:card\" content=\"summary_large_image\" \/>\n<meta name=\"twitter:label1\" content=\"Gesch\u00e4tzte Lesezeit\" \/>\n\t<meta name=\"twitter:data1\" content=\"1\u00a0Minute\" \/>\n<script type=\"application\/ld+json\" class=\"yoast-schema-graph\">{\"@context\":\"https:\\\/\\\/schema.org\",\"@graph\":[{\"@type\":\"WebPage\",\"@id\":\"https:\\\/\\\/royal-zino.org\\\/de\\\/anmeldung-und-registrierung\\\/\",\"url\":\"https:\\\/\\\/royal-zino.org\\\/de\\\/anmeldung-und-registrierung\\\/\",\"name\":\"Royalzino Login \u2013 Registrierung mit sicherem Zugang\",\"isPartOf\":{\"@id\":\"https:\\\/\\\/royal-zino.org\\\/de\\\/#website\"},\"datePublished\":\"2026-01-20T12:11:11+00:00\",\"dateModified\":\"2026-03-05T09:13:18+00:00\",\"description\":\"Royalzino Login \u2013 melde dich sicher an oder registriere dein Konto in Sekunden mit verschl\u00fcsseltem Zugang und schneller Verifizierung. Verwalte Passwortwiederherstellung, Profileinstellungen und Kontofunktionen einfach bei Royal Zino.\",\"breadcrumb\":{\"@id\":\"https:\\\/\\\/royal-zino.org\\\/de\\\/anmeldung-und-registrierung\\\/#breadcrumb\"},\"inLanguage\":\"de\",\"potentialAction\":[{\"@type\":\"ReadAction\",\"target\":[\"https:\\\/\\\/royal-zino.org\\\/de\\\/anmeldung-und-registrierung\\\/\"]}]},{\"@type\":\"BreadcrumbList\",\"@id\":\"https:\\\/\\\/royal-zino.org\\\/de\\\/anmeldung-und-registrierung\\\/#breadcrumb\",\"itemListElement\":[{\"@type\":\"ListItem\",\"position\":1,\"name\":\"Royalzino\",\"item\":\"https:\\\/\\\/royal-zino.org\\\/de\\\/\"},{\"@type\":\"ListItem\",\"position\":2,\"name\":\"Anmeldung und Registrierung\"}]},{\"@type\":\"WebSite\",\"@id\":\"https:\\\/\\\/royal-zino.org\\\/de\\\/#website\",\"url\":\"https:\\\/\\\/royal-zino.org\\\/de\\\/\",\"name\":\"Royalzino\",\"description\":\"\",\"publisher\":{\"@id\":\"https:\\\/\\\/royal-zino.org\\\/de\\\/#organization\"},\"potentialAction\":[{\"@type\":\"SearchAction\",\"target\":{\"@type\":\"EntryPoint\",\"urlTemplate\":\"https:\\\/\\\/royal-zino.org\\\/de\\\/?s={search_term_string}\"},\"query-input\":{\"@type\":\"PropertyValueSpecification\",\"valueRequired\":true,\"valueName\":\"search_term_string\"}}],\"inLanguage\":\"de\"},{\"@type\":\"Organization\",\"@id\":\"https:\\\/\\\/royal-zino.org\\\/de\\\/#organization\",\"name\":\"Royalzino\",\"url\":\"https:\\\/\\\/royal-zino.org\\\/de\\\/\",\"logo\":{\"@type\":\"ImageObject\",\"inLanguage\":\"de\",\"@id\":\"https:\\\/\\\/royal-zino.org\\\/de\\\/#\\\/schema\\\/logo\\\/image\\\/\",\"url\":\"https:\\\/\\\/royal-zino.org\\\/wp-content\\\/uploads\\\/2026\\\/03\\\/logo-1.png\",\"contentUrl\":\"https:\\\/\\\/royal-zino.org\\\/wp-content\\\/uploads\\\/2026\\\/03\\\/logo-1.png\",\"width\":160,\"height\":32,\"caption\":\"Royalzino\"},\"image\":{\"@id\":\"https:\\\/\\\/royal-zino.org\\\/de\\\/#\\\/schema\\\/logo\\\/image\\\/\"}}]}<\/script>\n<!-- \/ Yoast SEO plugin. -->","yoast_head_json":{"title":"Royalzino Login \u2013 Registrierung mit sicherem Zugang","description":"Royalzino Login \u2013 melde dich sicher an oder registriere dein Konto in Sekunden mit verschl\u00fcsseltem Zugang und schneller Verifizierung. Verwalte Passwortwiederherstellung, Profileinstellungen und Kontofunktionen einfach bei Royal Zino.","robots":{"index":"index","follow":"follow","max-snippet":"max-snippet:-1","max-image-preview":"max-image-preview:large","max-video-preview":"max-video-preview:-1"},"canonical":"https:\/\/royal-zino.org\/de\/anmeldung-und-registrierung\/","og_locale":"de_DE","og_type":"article","og_title":"Royalzino Login \u2013 Registrierung mit sicherem Zugang","og_description":"Royalzino Login \u2013 melde dich sicher an oder registriere dein Konto in Sekunden mit verschl\u00fcsseltem Zugang und schneller Verifizierung. Verwalte Passwortwiederherstellung, Profileinstellungen und Kontofunktionen einfach bei Royal Zino.","og_url":"https:\/\/royal-zino.org\/de\/anmeldung-und-registrierung\/","og_site_name":"royalzino","article_modified_time":"2026-03-05T09:13:18+00:00","twitter_card":"summary_large_image","twitter_misc":{"Gesch\u00e4tzte Lesezeit":"1\u00a0Minute"},"schema":{"@context":"https:\/\/schema.org","@graph":[{"@type":"WebPage","@id":"https:\/\/royal-zino.org\/de\/anmeldung-und-registrierung\/","url":"https:\/\/royal-zino.org\/de\/anmeldung-und-registrierung\/","name":"Royalzino Login \u2013 Registrierung mit sicherem Zugang","isPartOf":{"@id":"https:\/\/royal-zino.org\/de\/#website"},"datePublished":"2026-01-20T12:11:11+00:00","dateModified":"2026-03-05T09:13:18+00:00","description":"Royalzino Login \u2013 melde dich sicher an oder registriere dein Konto in Sekunden mit verschl\u00fcsseltem Zugang und schneller Verifizierung. Verwalte Passwortwiederherstellung, Profileinstellungen und Kontofunktionen einfach bei Royal Zino.","breadcrumb":{"@id":"https:\/\/royal-zino.org\/de\/anmeldung-und-registrierung\/#breadcrumb"},"inLanguage":"de","potentialAction":[{"@type":"ReadAction","target":["https:\/\/royal-zino.org\/de\/anmeldung-und-registrierung\/"]}]},{"@type":"BreadcrumbList","@id":"https:\/\/royal-zino.org\/de\/anmeldung-und-registrierung\/#breadcrumb","itemListElement":[{"@type":"ListItem","position":1,"name":"Royalzino","item":"https:\/\/royal-zino.org\/de\/"},{"@type":"ListItem","position":2,"name":"Anmeldung und Registrierung"}]},{"@type":"WebSite","@id":"https:\/\/royal-zino.org\/de\/#website","url":"https:\/\/royal-zino.org\/de\/","name":"Royalzino","description":"","publisher":{"@id":"https:\/\/royal-zino.org\/de\/#organization"},"potentialAction":[{"@type":"SearchAction","target":{"@type":"EntryPoint","urlTemplate":"https:\/\/royal-zino.org\/de\/?s={search_term_string}"},"query-input":{"@type":"PropertyValueSpecification","valueRequired":true,"valueName":"search_term_string"}}],"inLanguage":"de"},{"@type":"Organization","@id":"https:\/\/royal-zino.org\/de\/#organization","name":"Royalzino","url":"https:\/\/royal-zino.org\/de\/","logo":{"@type":"ImageObject","inLanguage":"de","@id":"https:\/\/royal-zino.org\/de\/#\/schema\/logo\/image\/","url":"https:\/\/royal-zino.org\/wp-content\/uploads\/2026\/03\/logo-1.png","contentUrl":"https:\/\/royal-zino.org\/wp-content\/uploads\/2026\/03\/logo-1.png","width":160,"height":32,"caption":"Royalzino"},"image":{"@id":"https:\/\/royal-zino.org\/de\/#\/schema\/logo\/image\/"}}]}},"_links":{"self":[{"href":"https:\/\/royal-zino.org\/de\/wp-json\/wp\/v2\/pages\/1483","targetHints":{"allow":["GET"]}}],"collection":[{"href":"https:\/\/royal-zino.org\/de\/wp-json\/wp\/v2\/pages"}],"about":[{"href":"https:\/\/royal-zino.org\/de\/wp-json\/wp\/v2\/types\/page"}],"author":[{"embeddable":true,"href":"https:\/\/royal-zino.org\/de\/wp-json\/wp\/v2\/users\/1"}],"replies":[{"embeddable":true,"href":"https:\/\/royal-zino.org\/de\/wp-json\/wp\/v2\/comments?post=1483"}],"version-history":[{"count":3,"href":"https:\/\/royal-zino.org\/de\/wp-json\/wp\/v2\/pages\/1483\/revisions"}],"predecessor-version":[{"id":2069,"href":"https:\/\/royal-zino.org\/de\/wp-json\/wp\/v2\/pages\/1483\/revisions\/2069"}],"wp:attachment":[{"href":"https:\/\/royal-zino.org\/de\/wp-json\/wp\/v2\/media?parent=1483"}],"curies":[{"name":"wp","href":"https:\/\/api.w.org\/{rel}","templated":true}]}}