{"id":1449,"date":"2026-01-20T12:08:23","date_gmt":"2026-01-20T12:08:23","guid":{"rendered":"https:\/\/bonuskongcasino.com\/app-2\/"},"modified":"2026-03-05T10:11:32","modified_gmt":"2026-03-05T10:11:32","slug":"aplicacion","status":"publish","type":"page","link":"https:\/\/royal-zino.org\/es\/aplicacion\/","title":{"rendered":"Aplicaci\u00f3n"},"content":{"rendered":"<h1>Plataforma m\u00f3vil del casino Royalzino<\/h1>\n<p>Royalzino app es nuestra mejor idea para proporcionar a nuestros jugadores espa\u00f1oles movilidad y las soluciones m\u00e1s avanzadas tecnol\u00f3gicamente. La aplicaci\u00f3n est\u00e1 basada en la \u00faltima tecnolog\u00eda y garantiza a los consumidores una experiencia fluida, fiable e interesante en diversos dispositivos. Royalzino Casino es muy m\u00f3vil. Es un est\u00e1ndar para los aficionados a los juegos que se desplazan.<\/p>\n<div class=\"banner-wrap\" aria-label=\"Banner\"><img src=\"https:\/\/royal-zino.org\/wp-content\/uploads\/2026\/03\/royalzino-bnr-static-pc.webp\" class=\"w-100 d-none d-lg-block img-pc main-banner-img\" alt=\"royalzino banner pc\" fetchpriority=\"high\" decoding=\"async\"><img src=\"https:\/\/royal-zino.org\/wp-content\/uploads\/2026\/03\/royalzino-banner-mobile.webp\" class=\"w-100 d-none d-md-block d-lg-none main-banner-img\" alt=\"royalzino banner mobile\" fetchpriority=\"high\" decoding=\"async\"><img src=\"https:\/\/royal-zino.org\/wp-content\/uploads\/2026\/03\/royalzino-banner-mobile.webp\" class=\"w-100 d-md-none\" alt=\"royalzino banner mobile\" fetchpriority=\"high\" decoding=\"async\"><div class=\"banner-description\">\n<div class=\"banner-title\">Bonos de bienvenida<\/div>\n<p class=\"banner-header-title\">1500 \u20ac<\/p>\n<div class=\"banner-header-AdditionalText\">+ 250 Tiradas gratis<\/div>\n<button data-item=\"homepage_banner_link\" class=\"goto m-button m-gradient-border m-button--primary m-button--large banner-button btn-orange\">\n            <div class=\"m-button-content\">\n                <span>Reg\u00edstrate ahora<\/span>\n                <span><\/span>\n            <\/div>\n        <\/button>\n<\/div>\n<div class=\"WelcomePack\">\n<p><img loading=\"lazy\" decoding=\"async\" class=\"alignnone size-full wp-image-1874\" src=\"https:\/\/royal-zino.org\/wp-content\/uploads\/2026\/03\/welcome-crown.png\" alt=\"welcome crown\" width=\"25\" height=\"26\" \/><\/p>\n<div class=\"WelcomePack-Info\">Reembolso semanal de hasta el 25 %<\/div>\n<p><img loading=\"lazy\" decoding=\"async\" class=\"alignnone size-full wp-image-1874\" src=\"https:\/\/royal-zino.org\/wp-content\/uploads\/2026\/03\/welcome-crown.png\" alt=\"welcome crown\" width=\"25\" height=\"26\" \/><\/p>\n<\/div>\n<\/div>\n<h2>Usar Royalzino en tu m\u00f3vil<\/h2>\n<p>\u00a1El juego m\u00f3vil de Royalzino Casino es una revoluci\u00f3n! Nuestra aplicaci\u00f3n ofrece grandes ventajas con respecto a la versi\u00f3n de escritorio. El portal m\u00f3vil es r\u00e1pido, receptivo y f\u00e1cil de usar. Los jugadores pueden coger su tel\u00e9fono y hacer clic en Royal Zino en cualquier momento que tengan un minuto libre para jugar.<\/p>\n<p>Siempre estamos a tu disposici\u00f3n con tragamonedas online, juegos con crupier en vivo y otros juegos de casino. La interfaz es muy intuitiva y todas las secciones est\u00e1n disponibles en la PWA tal y como lo est\u00e1n en nuestra versi\u00f3n de escritorio. Es f\u00e1cil navegar y acceder al cat\u00e1logo completo de juegos (m\u00e1s de 6000 juegos geniales, \u00bfte lo imaginas?), promociones y herramientas de gesti\u00f3n de cuentas al instante.<\/p>\n<p>La aplicaci\u00f3n Royalzino ofrece una experiencia m\u00e1s fluida, incluso si juegas en tu ordenador personal. Se carga m\u00e1s r\u00e1pido, tiene controles m\u00e1s sencillos y requiere menos requisitos de configuraci\u00f3n. No necesita grandes actualizaciones ni instalaciones, lo que permite a los jugadores concentrarse solo en su juego, en cualquier lugar y en cualquier momento. Se trata de una flexibilidad perfecta, ya que el jugador puede disfrutar de la comodidad sin que ello afecte a su experiencia de juego.<\/p>\n<p><div class=\"scrollable-content-wrap my-5\"><div class=\"scrollable-content-inner\"><h2>Aplicaci\u00f3n m\u00f3vil Royalzino para Android<\/h2>\n<p>La aplicaci\u00f3n Royalzino es una aplicaci\u00f3n web progresiva (PWA) y no un archivo APK, por lo que los usuarios de Android tienen una amplia gama de oportunidades.<\/p>\n<p>Ventajas de la versi\u00f3n PWA de Royal Zino:<\/p>\n<ul>\n<li>Nuestra versi\u00f3n de aplicaci\u00f3n web progresiva tiene un navegador m\u00f3vil directo en Chrome y Firefox. Imag\u00ednese que es una mezcla entre un sitio web y una aplicaci\u00f3n que ofrece un acceso r\u00e1pido y seguro y no necesita descargas.<\/li>\n<li>La aplicaci\u00f3n Royalzino est\u00e1 dise\u00f1ada para cargarse r\u00e1pidamente, actualizarse autom\u00e1ticamente y funcionar con diferentes dispositivos Android. Ofrece una experiencia de juego similar a la de un casino real, por lo que no te arrepentir\u00e1s, te lo prometemos.<\/li>\n<li>Su dise\u00f1o ligero ocupa menos espacio de almacenamiento en tu m\u00f3vil (\u00a1una gran noticia para aquellos que necesitan todo el espacio para fotos!) y facilita el acceso a funciones como el chat en vivo, el contacto con el equipo de asistencia y el proceso de verificaci\u00f3n.<\/li>\n<\/ul>\n<p>En conclusi\u00f3n, la aplicaci\u00f3n Royalzino es la forma recomendada de acceder al casino en dispositivos Android debido a su mayor seguridad, actualizaciones autom\u00e1ticas y comodidad. El APK estaba sujeto a actualizaciones manuales, as\u00ed como a un posible riesgo de seguridad, que ha sido eliminado por la soluci\u00f3n PWA.<\/p>\n<p><img loading=\"lazy\" decoding=\"async\" class=\"alignnone size-full wp-image-1924\" src=\"https:\/\/royal-zino.org\/wp-content\/uploads\/2026\/03\/Royalzino-Android.webp\" alt=\"Royalzino Android\" width=\"1248\" height=\"536\" srcset=\"https:\/\/royal-zino.org\/wp-content\/uploads\/2026\/03\/Royalzino-Android.webp 1248w, https:\/\/royal-zino.org\/wp-content\/uploads\/2026\/03\/Royalzino-Android-300x129.webp 300w, https:\/\/royal-zino.org\/wp-content\/uploads\/2026\/03\/Royalzino-Android-1024x440.webp 1024w, https:\/\/royal-zino.org\/wp-content\/uploads\/2026\/03\/Royalzino-Android-768x330.webp 768w\" sizes=\"auto, (max-width: 1248px) 100vw, 1248px\" \/><\/p>\n<\/div><\/div><div style=\"clear: both\"><\/div><div class=\"d-flex justify-content-center\"><button data-item=\"decouvrez_link\" data-group=\"website_links\" class=\"goto fw-bold rounded-pill btn btn-orange\" aria-label=\"Descarga la aplicaci\u00f3n Royalzino\" >Descarga la aplicaci\u00f3n Royalzino<\/button><\/div><div class=\"scrollable-content-wrap my-5\"><div class=\"scrollable-content-inner\"><h2>Aplicaci\u00f3n m\u00f3vil Royalzino para iOS<\/h2>\n<p>La aplicaci\u00f3n Royalzino para iOS est\u00e1 dise\u00f1ada para ofrecer a los usuarios una experiencia de juego premium si tienen un dispositivo Apple. Su versi\u00f3n optimizada para iPhone y iPad tiene un alto rendimiento, una r\u00e1pida velocidad de carga y un entorno seguro. La aplicaci\u00f3n tiene la mejor calidad y un panel de control sencillo con pesta\u00f1as racionales para navegar por el casino Royalzino. Podr\u00e1s disfrutar de nuestra f\u00e1cil navegaci\u00f3n a trav\u00e9s de la biblioteca de juegos de alta calidad, como los juegos de tragamonedas en l\u00ednea y las colecciones de libros.<\/p>\n<p>La versi\u00f3n para iOS es profesional y facilita el proceso de verificaci\u00f3n de forma eficaz, de acuerdo con las normas de seguridad. Siempre a\u00f1adimos nuevas funciones y mejoras interesantes para estar a la altura de las \u00faltimas tendencias en la industria de los casinos. El dise\u00f1o de la aplicaci\u00f3n se centra en la velocidad, la seguridad y los gr\u00e1ficos de alta calidad, lo que permite a los jugadores jugar en Royal Zino Casino r\u00e1pidamente sin frustrarse por el c\u00edrculo de carga.<\/p>\n<p><img loading=\"lazy\" decoding=\"async\" class=\"alignnone size-full wp-image-1948\" src=\"https:\/\/royal-zino.org\/wp-content\/uploads\/2026\/03\/Royalzino-iOS.webp\" alt=\"Royalzino iOS\" width=\"1248\" height=\"536\" srcset=\"https:\/\/royal-zino.org\/wp-content\/uploads\/2026\/03\/Royalzino-iOS.webp 1248w, https:\/\/royal-zino.org\/wp-content\/uploads\/2026\/03\/Royalzino-iOS-300x129.webp 300w, https:\/\/royal-zino.org\/wp-content\/uploads\/2026\/03\/Royalzino-iOS-1024x440.webp 1024w, https:\/\/royal-zino.org\/wp-content\/uploads\/2026\/03\/Royalzino-iOS-768x330.webp 768w\" sizes=\"auto, (max-width: 1248px) 100vw, 1248px\" \/><\/p>\n<\/div><\/div><div style=\"clear: both\"><\/div><div class=\"d-flex justify-content-center\"><button data-item=\"decouvrez_link\" data-group=\"website_links\" class=\"goto fw-bold rounded-pill btn btn-orange\" aria-label=\"Descarga la aplicaci\u00f3n Royalzino\" >Descarga la aplicaci\u00f3n Royalzino<\/button><\/div><div class=\"scrollable-content-wrap my-5\"><div class=\"scrollable-content-inner\"><h2>Aplicaciones para macOS y Windows<\/h2>\n<p>Royal Zino tambi\u00e9n ofrece aplicaciones para Windows y macOS para los jugadores que prefieren los juegos de escritorio. Estas aplicaciones funcionan de maravilla en los ordenadores de sobremesa. En Royalzino Casino siempre ofrecemos gr\u00e1ficos de alta resoluci\u00f3n y funciones avanzadas, lo que hace que el entorno sea inmersivo. La versi\u00f3n de escritorio es tan impresionante que se puede ampliar a cualquier tama\u00f1o de pantalla, \u00a1incluso al tama\u00f1o de una pantalla de cine! Para una mejor experiencia, juega en compa\u00f1\u00eda de tus amigos.<\/p>\n<p>Los jugadores pueden disfrutar de la experiencia completa del casino, incluyendo soporte por chat en vivo, verificaci\u00f3n instant\u00e1nea de la cuenta y un entorno de juego completo. La PWA de escritorio ofrece una experiencia de juego m\u00e1s completa, especialmente para los juegos con crupier en vivo, donde el realismo y la calidad visual son fundamentales. Nuestros crupieres se ven con todo detalle, \u00a1como si estuvieran a tu lado en un casino real en alg\u00fan lugar de Nassau y Paradise Island, en las Bahamas!<\/p>\n<p>As\u00ed que prueba tambi\u00e9n esta versi\u00f3n para comprobar la navegaci\u00f3n r\u00e1pida, las opciones personalizadas y la gesti\u00f3n segura de los datos. Nos complace decirte que todos los jugadores pueden disfrutar de Royal Zino Casino sin ninguna duda.<\/p>\n<p>Resumamos por qu\u00e9 necesitas nuestra aplicaci\u00f3n Royalzino.<\/p>\n<table>\n<tbody>\n<tr>\n<td>Caracter\u00edstica<\/td>\n<td>Por qu\u00e9 la PWA de Royalzino es la mejor para los jugadores<\/td>\n<td>Detalles<\/td>\n<\/tr>\n<tr>\n<td>Accesibilidad instant\u00e1nea<\/td>\n<td>No es necesario descargar nada: los jugadores pueden acceder al juego al instante desde cualquier dispositivo.<\/td>\n<td>La PWA de Royalzino permite un acceso r\u00e1pido, lo que reduce los tiempos de espera y aumenta el tiempo de juego.<\/td>\n<\/tr>\n<tr>\n<td>Compatibilidad entre dispositivos<\/td>\n<td>Experiencia fluida en todos los dispositivos: tel\u00e9fonos inteligentes, tabletas y ordenadores de sobremesa.<\/td>\n<td>Accesible universalmente, lo que garantiza que los jugadores disfruten de una interfaz coherente en todas partes.<\/td>\n<\/tr>\n<tr>\n<td>Velocidades de carga r\u00e1pidas<\/td>\n<td>Optimizado para un inicio r\u00e1pido y una jugabilidad fluida.<\/td>\n<td>Los jugadores pasan m\u00e1s tiempo jugando y menos tiempo esperando.<\/td>\n<\/tr>\n<tr>\n<td>Requisitos de almacenamiento reducidos<\/td>\n<td>No es necesario descargar nada de la tienda de aplicaciones, lo que ahorra espacio de almacenamiento en el dispositivo.<\/td>\n<td>Ideal para jugadores con almacenamiento limitado, lo que fomenta un uso m\u00e1s frecuente.<\/td>\n<\/tr>\n<tr>\n<td>Actualizaciones autom\u00e1ticas<\/td>\n<td>Siempre al d\u00eda con las \u00faltimas funciones sin necesidad de actualizaciones manuales.<\/td>\n<td>Los jugadores acceden a nuevos juegos y funciones al instante, lo que les mantiene comprometidos con la plataforma.<\/td>\n<\/tr>\n<tr>\n<td>Seguridad mejorada<\/td>\n<td>Navegaci\u00f3n y transacciones seguras, creadas con modernos protocolos de seguridad web.<\/td>\n<td>Genera confianza al proteger los datos y la informaci\u00f3n financiera de los jugadores.<\/td>\n<\/tr>\n<tr>\n<td>Notificaciones push<\/td>\n<td>Actualizaciones en tiempo real sobre bonificaciones, nuevos juegos y promociones.<\/td>\n<td>Mantiene a los jugadores informados y comprometidos, lo que aumenta la retenci\u00f3n.<\/td>\n<\/tr>\n<tr>\n<td>Rentable para los jugadores<\/td>\n<td>No es necesario comprar ni actualizar aplicaciones en las tiendas de aplicaciones, lo que supone un ahorro de dinero .<\/td>\n<td>M\u00e1s accesible, lo que fomenta una mayor adopci\u00f3n entre los jugadores.<\/td>\n<\/tr>\n<tr>\n<td>Respetuoso con el medio ambiente y sostenible<\/td>\n<td>Menor necesidad de infraestructura y actualizaciones de la tienda de aplicaciones, lo que reduce el impacto medioambiental.<\/td>\n<td>Refleja un enfoque moderno y responsable en consonancia con los actores concienciados con el medio ambiente.<\/td>\n<\/tr>\n<\/tbody>\n<\/table>\n<p><img loading=\"lazy\" decoding=\"async\" class=\"alignnone size-full wp-image-1940\" src=\"https:\/\/royal-zino.org\/wp-content\/uploads\/2026\/03\/Royalzino-Desktop.webp\" alt=\"Royalzino Desktop\" width=\"1248\" height=\"536\" srcset=\"https:\/\/royal-zino.org\/wp-content\/uploads\/2026\/03\/Royalzino-Desktop.webp 1248w, https:\/\/royal-zino.org\/wp-content\/uploads\/2026\/03\/Royalzino-Desktop-300x129.webp 300w, https:\/\/royal-zino.org\/wp-content\/uploads\/2026\/03\/Royalzino-Desktop-1024x440.webp 1024w, https:\/\/royal-zino.org\/wp-content\/uploads\/2026\/03\/Royalzino-Desktop-768x330.webp 768w\" sizes=\"auto, (max-width: 1248px) 100vw, 1248px\" \/><\/p>\n<\/div><\/div><div style=\"clear: both\"><\/div><div class=\"d-flex justify-content-center\"><button data-item=\"decouvrez_link\" data-group=\"website_links\" class=\"goto fw-bold rounded-pill btn btn-orange\" aria-label=\"Descarga la aplicaci\u00f3n Royalzino\" >Descarga la aplicaci\u00f3n Royalzino<\/button><\/div><div class=\"scrollable-content-wrap my-5\"><div class=\"scrollable-content-inner\"><h2>Preguntas frecuentes<\/h2>\n<h3>\u00bfEs necesario crear una cuenta para utilizar la aplicaci\u00f3n Royalzino?<\/h3>\n<p>T\u00e9cnicamente, puedes jugar a muchos juegos de Royalzino Casino en modo demo, pero no creemos que eso sea suficiente para ti. Nuestro casino m\u00f3vil te ofrece muchas oportunidades de ganar a lo grande, pero para poder cobrar tus ganancias, es necesario que te registres. Hay que estar registrado para poder disfrutar de toda la colecci\u00f3n de funciones, con tragamonedas online, juegos con crupier en vivo, libros, t\u00edtulos originales y los de las secciones festivas exclusivas.<\/p>\n<h3>\u00bfLa aplicaci\u00f3n Royalzino Casino ofrece atenci\u00f3n al cliente?<\/h3>\n<p>Por supuesto, nuestro cualificado equipo de asistencia multiling\u00fce est\u00e1 a su disposici\u00f3n en cualquier momento en su zona horaria. Haga clic en el bot\u00f3n de chat en vivo y comience a chatear con nosotros, o simplemente escriba un correo electr\u00f3nico m\u00e1s extenso si necesita m\u00e1s espacio para contarnos algo. Este servicio de asistencia proporciona ayuda r\u00e1pida para cuestiones t\u00e9cnicas, preguntas de verificaci\u00f3n y otras consultas, con el fin de que el proceso de juego sea fluido en todo momento.<\/p>\n<h3>\u00bfTengo que actualizar yo mismo la aplicaci\u00f3n Royalzino Casino?<\/h3>\n<p>En el caso de las aplicaciones m\u00f3viles, las actualizaciones son autom\u00e1ticas y los jugadores no tienen que preocuparse por actualizarlas manualmente. Las aplicaciones de escritorio se actualizan a trav\u00e9s de notificaciones internas en los navegadores. Por lo tanto, no es necesario realizar descargas manuales.<\/p>\n<\/div><\/div><\/p>\n","protected":false},"excerpt":{"rendered":"<p>Plataforma m\u00f3vil del casino Royalzino Royalzino app es nuestra mejor idea para proporcionar a nuestros jugadores espa\u00f1oles movilidad y las soluciones m\u00e1s avanzadas tecnol\u00f3gicamente. La aplicaci\u00f3n est\u00e1 basada en la \u00faltima tecnolog\u00eda y garantiza a los consumidores una experiencia fluida, fiable e interesante en diversos dispositivos. Royalzino Casino es muy m\u00f3vil. Es un est\u00e1ndar para [&hellip;]<\/p>\n","protected":false},"author":1,"featured_media":0,"parent":0,"menu_order":0,"comment_status":"closed","ping_status":"closed","template":"template-builder.php","meta":{"_acf_changed":false,"inline_featured_image":false,"footnotes":""},"class_list":["post-1449","page","type-page","status-publish","hentry"],"acf":[],"yoast_head":"<!-- This site is optimized with the Yoast SEO plugin v27.3 - https:\/\/yoast.com\/product\/yoast-seo-wordpress\/ -->\n<title>Royalzino App Descargar | iOS, Android &amp; Escritorio<\/title>\n<meta name=\"description\" content=\"Royalzino App \u2013 descarga la aplicaci\u00f3n para iOS, Android y escritorio para jugar tragamonedas, juegos de mesa y casino en vivo en cualquier lugar. Disfruta de un rendimiento fluido y acceso completo a tu cuenta con Royal Zino.\" \/>\n<meta name=\"robots\" content=\"index, follow, max-snippet:-1, max-image-preview:large, max-video-preview:-1\" \/>\n<link rel=\"canonical\" href=\"https:\/\/royal-zino.org\/es\/aplicacion\/\" \/>\n<meta property=\"og:locale\" content=\"es_ES\" \/>\n<meta property=\"og:type\" content=\"article\" \/>\n<meta property=\"og:title\" content=\"Royalzino App Descargar | iOS, Android &amp; Escritorio\" \/>\n<meta property=\"og:description\" content=\"Royalzino App \u2013 descarga la aplicaci\u00f3n para iOS, Android y escritorio para jugar tragamonedas, juegos de mesa y casino en vivo en cualquier lugar. Disfruta de un rendimiento fluido y acceso completo a tu cuenta con Royal Zino.\" \/>\n<meta property=\"og:url\" content=\"https:\/\/royal-zino.org\/es\/aplicacion\/\" \/>\n<meta property=\"og:site_name\" content=\"royalzino\" \/>\n<meta property=\"article:modified_time\" content=\"2026-03-05T10:11:32+00:00\" \/>\n<meta name=\"twitter:card\" content=\"summary_large_image\" \/>\n<meta name=\"twitter:label1\" content=\"Est. reading time\" \/>\n\t<meta name=\"twitter:data1\" content=\"2 minutes\" \/>\n<script type=\"application\/ld+json\" class=\"yoast-schema-graph\">{\"@context\":\"https:\\\/\\\/schema.org\",\"@graph\":[{\"@type\":\"WebPage\",\"@id\":\"https:\\\/\\\/royal-zino.org\\\/es\\\/aplicacion\\\/\",\"url\":\"https:\\\/\\\/royal-zino.org\\\/es\\\/aplicacion\\\/\",\"name\":\"Royalzino App Descargar | iOS, Android & Escritorio\",\"isPartOf\":{\"@id\":\"https:\\\/\\\/royal-zino.org\\\/es\\\/#website\"},\"datePublished\":\"2026-01-20T12:08:23+00:00\",\"dateModified\":\"2026-03-05T10:11:32+00:00\",\"description\":\"Royalzino App \u2013 descarga la aplicaci\u00f3n para iOS, Android y escritorio para jugar tragamonedas, juegos de mesa y casino en vivo en cualquier lugar. Disfruta de un rendimiento fluido y acceso completo a tu cuenta con Royal Zino.\",\"breadcrumb\":{\"@id\":\"https:\\\/\\\/royal-zino.org\\\/es\\\/aplicacion\\\/#breadcrumb\"},\"inLanguage\":\"es-ES\",\"potentialAction\":[{\"@type\":\"ReadAction\",\"target\":[\"https:\\\/\\\/royal-zino.org\\\/es\\\/aplicacion\\\/\"]}]},{\"@type\":\"BreadcrumbList\",\"@id\":\"https:\\\/\\\/royal-zino.org\\\/es\\\/aplicacion\\\/#breadcrumb\",\"itemListElement\":[{\"@type\":\"ListItem\",\"position\":1,\"name\":\"Royalzino\",\"item\":\"https:\\\/\\\/royal-zino.org\\\/es\\\/\"},{\"@type\":\"ListItem\",\"position\":2,\"name\":\"Aplicaci\u00f3n\"}]},{\"@type\":\"WebSite\",\"@id\":\"https:\\\/\\\/royal-zino.org\\\/es\\\/#website\",\"url\":\"https:\\\/\\\/royal-zino.org\\\/es\\\/\",\"name\":\"Royalzino\",\"description\":\"\",\"publisher\":{\"@id\":\"https:\\\/\\\/royal-zino.org\\\/es\\\/#organization\"},\"potentialAction\":[{\"@type\":\"SearchAction\",\"target\":{\"@type\":\"EntryPoint\",\"urlTemplate\":\"https:\\\/\\\/royal-zino.org\\\/es\\\/?s={search_term_string}\"},\"query-input\":{\"@type\":\"PropertyValueSpecification\",\"valueRequired\":true,\"valueName\":\"search_term_string\"}}],\"inLanguage\":\"es-ES\"},{\"@type\":\"Organization\",\"@id\":\"https:\\\/\\\/royal-zino.org\\\/es\\\/#organization\",\"name\":\"Royalzino\",\"url\":\"https:\\\/\\\/royal-zino.org\\\/es\\\/\",\"logo\":{\"@type\":\"ImageObject\",\"inLanguage\":\"es-ES\",\"@id\":\"https:\\\/\\\/royal-zino.org\\\/es\\\/#\\\/schema\\\/logo\\\/image\\\/\",\"url\":\"https:\\\/\\\/royal-zino.org\\\/wp-content\\\/uploads\\\/2026\\\/03\\\/logo-1.png\",\"contentUrl\":\"https:\\\/\\\/royal-zino.org\\\/wp-content\\\/uploads\\\/2026\\\/03\\\/logo-1.png\",\"width\":160,\"height\":32,\"caption\":\"Royalzino\"},\"image\":{\"@id\":\"https:\\\/\\\/royal-zino.org\\\/es\\\/#\\\/schema\\\/logo\\\/image\\\/\"}}]}<\/script>\n<!-- \/ Yoast SEO plugin. -->","yoast_head_json":{"title":"Royalzino App Descargar | iOS, Android & Escritorio","description":"Royalzino App \u2013 descarga la aplicaci\u00f3n para iOS, Android y escritorio para jugar tragamonedas, juegos de mesa y casino en vivo en cualquier lugar. Disfruta de un rendimiento fluido y acceso completo a tu cuenta con Royal Zino.","robots":{"index":"index","follow":"follow","max-snippet":"max-snippet:-1","max-image-preview":"max-image-preview:large","max-video-preview":"max-video-preview:-1"},"canonical":"https:\/\/royal-zino.org\/es\/aplicacion\/","og_locale":"es_ES","og_type":"article","og_title":"Royalzino App Descargar | iOS, Android & Escritorio","og_description":"Royalzino App \u2013 descarga la aplicaci\u00f3n para iOS, Android y escritorio para jugar tragamonedas, juegos de mesa y casino en vivo en cualquier lugar. Disfruta de un rendimiento fluido y acceso completo a tu cuenta con Royal Zino.","og_url":"https:\/\/royal-zino.org\/es\/aplicacion\/","og_site_name":"royalzino","article_modified_time":"2026-03-05T10:11:32+00:00","twitter_card":"summary_large_image","twitter_misc":{"Est. reading time":"2 minutes"},"schema":{"@context":"https:\/\/schema.org","@graph":[{"@type":"WebPage","@id":"https:\/\/royal-zino.org\/es\/aplicacion\/","url":"https:\/\/royal-zino.org\/es\/aplicacion\/","name":"Royalzino App Descargar | iOS, Android & Escritorio","isPartOf":{"@id":"https:\/\/royal-zino.org\/es\/#website"},"datePublished":"2026-01-20T12:08:23+00:00","dateModified":"2026-03-05T10:11:32+00:00","description":"Royalzino App \u2013 descarga la aplicaci\u00f3n para iOS, Android y escritorio para jugar tragamonedas, juegos de mesa y casino en vivo en cualquier lugar. Disfruta de un rendimiento fluido y acceso completo a tu cuenta con Royal Zino.","breadcrumb":{"@id":"https:\/\/royal-zino.org\/es\/aplicacion\/#breadcrumb"},"inLanguage":"es-ES","potentialAction":[{"@type":"ReadAction","target":["https:\/\/royal-zino.org\/es\/aplicacion\/"]}]},{"@type":"BreadcrumbList","@id":"https:\/\/royal-zino.org\/es\/aplicacion\/#breadcrumb","itemListElement":[{"@type":"ListItem","position":1,"name":"Royalzino","item":"https:\/\/royal-zino.org\/es\/"},{"@type":"ListItem","position":2,"name":"Aplicaci\u00f3n"}]},{"@type":"WebSite","@id":"https:\/\/royal-zino.org\/es\/#website","url":"https:\/\/royal-zino.org\/es\/","name":"Royalzino","description":"","publisher":{"@id":"https:\/\/royal-zino.org\/es\/#organization"},"potentialAction":[{"@type":"SearchAction","target":{"@type":"EntryPoint","urlTemplate":"https:\/\/royal-zino.org\/es\/?s={search_term_string}"},"query-input":{"@type":"PropertyValueSpecification","valueRequired":true,"valueName":"search_term_string"}}],"inLanguage":"es-ES"},{"@type":"Organization","@id":"https:\/\/royal-zino.org\/es\/#organization","name":"Royalzino","url":"https:\/\/royal-zino.org\/es\/","logo":{"@type":"ImageObject","inLanguage":"es-ES","@id":"https:\/\/royal-zino.org\/es\/#\/schema\/logo\/image\/","url":"https:\/\/royal-zino.org\/wp-content\/uploads\/2026\/03\/logo-1.png","contentUrl":"https:\/\/royal-zino.org\/wp-content\/uploads\/2026\/03\/logo-1.png","width":160,"height":32,"caption":"Royalzino"},"image":{"@id":"https:\/\/royal-zino.org\/es\/#\/schema\/logo\/image\/"}}]}},"_links":{"self":[{"href":"https:\/\/royal-zino.org\/es\/wp-json\/wp\/v2\/pages\/1449","targetHints":{"allow":["GET"]}}],"collection":[{"href":"https:\/\/royal-zino.org\/es\/wp-json\/wp\/v2\/pages"}],"about":[{"href":"https:\/\/royal-zino.org\/es\/wp-json\/wp\/v2\/types\/page"}],"author":[{"embeddable":true,"href":"https:\/\/royal-zino.org\/es\/wp-json\/wp\/v2\/users\/1"}],"replies":[{"embeddable":true,"href":"https:\/\/royal-zino.org\/es\/wp-json\/wp\/v2\/comments?post=1449"}],"version-history":[{"count":4,"href":"https:\/\/royal-zino.org\/es\/wp-json\/wp\/v2\/pages\/1449\/revisions"}],"predecessor-version":[{"id":2102,"href":"https:\/\/royal-zino.org\/es\/wp-json\/wp\/v2\/pages\/1449\/revisions\/2102"}],"wp:attachment":[{"href":"https:\/\/royal-zino.org\/es\/wp-json\/wp\/v2\/media?parent=1449"}],"curies":[{"name":"wp","href":"https:\/\/api.w.org\/{rel}","templated":true}]}}