{"id":1487,"date":"2026-01-20T12:11:11","date_gmt":"2026-01-20T12:11:11","guid":{"rendered":"https:\/\/bonuskongcasino.com\/login-and-registration\/"},"modified":"2026-03-05T10:07:45","modified_gmt":"2026-03-05T10:07:45","slug":"inicio-de-sesion-y-registro","status":"publish","type":"page","link":"https:\/\/royal-zino.org\/es\/inicio-de-sesion-y-registro\/","title":{"rendered":"Inicio de sesi\u00f3n y Registro"},"content":{"rendered":"<h1>Inicio de sesi\u00f3n y registro en la cuenta de Royalzino Casino<\/h1>\n<p>La funci\u00f3n de Royalzino login permite acceder a una amplia gama de productos de juego, ofertas exclusivas y funciones personalizadas en nuestro casino para jugadores espa\u00f1oles. Royalzino Casino es l\u00edder en t\u00e9rminos de seguridad, comodidad y herramientas innovadoras para el juego digital independiente. Nos complace que todos los jugadores puedan acceder f\u00e1cilmente a nuestra plataforma , de modo que todos los usuarios puedan sentir que somos su mejor opci\u00f3n para disfrutar de una experiencia de casino online estable y fascinante.<\/p>\n<p><div class=\"banner-wrap\" aria-label=\"Banner\"><img src=\"https:\/\/royal-zino.org\/wp-content\/uploads\/2026\/03\/royalzino-bnr-static-pc.webp\" class=\"w-100 d-none d-lg-block img-pc main-banner-img\" alt=\"royalzino banner pc\" fetchpriority=\"high\" decoding=\"async\"><img src=\"https:\/\/royal-zino.org\/wp-content\/uploads\/2026\/03\/royalzino-banner-mobile.webp\" class=\"w-100 d-none d-md-block d-lg-none main-banner-img\" alt=\"royalzino banner mobile\" fetchpriority=\"high\" decoding=\"async\"><img src=\"https:\/\/royal-zino.org\/wp-content\/uploads\/2026\/03\/royalzino-banner-mobile.webp\" class=\"w-100 d-md-none\" alt=\"royalzino banner mobile\" fetchpriority=\"high\" decoding=\"async\"><div class=\"banner-description\">\n<div class=\"banner-title\">Bonos de bienvenida<\/div>\n<p class=\"banner-header-title\">1500 \u20ac<\/p>\n<div class=\"banner-header-AdditionalText\">+ 250 Tiradas gratis<\/div>\n<button data-item=\"homepage_banner_link\" class=\"goto m-button m-gradient-border m-button--primary m-button--large banner-button btn-orange\">\n            <div class=\"m-button-content\">\n                <span>Reg\u00edstrate ahora<\/span>\n                <span><\/span>\n            <\/div>\n        <\/button>\n<\/div>\n<div class=\"WelcomePack\">\n<p><img loading=\"lazy\" decoding=\"async\" class=\"alignnone size-full wp-image-1874\" src=\"https:\/\/royal-zino.org\/wp-content\/uploads\/2026\/03\/welcome-crown.png\" alt=\"welcome crown\" width=\"25\" height=\"26\" \/><\/p>\n<div class=\"WelcomePack-Info\">Reembolso semanal de hasta el 25 %<\/div>\n<p><img loading=\"lazy\" decoding=\"async\" class=\"alignnone size-full wp-image-1874\" src=\"https:\/\/royal-zino.org\/wp-content\/uploads\/2026\/03\/welcome-crown.png\" alt=\"welcome crown\" width=\"25\" height=\"26\" \/><\/p>\n<\/div>\n<\/div><div class=\"scrollable-content-wrap my-5\"><div class=\"scrollable-content-inner\"><h2>Registro de nuevos usuarios en Royalzino Casino<\/h2>\n<p>Crear una cuenta en Royalzino Casino es relativamente sencillo, lo que permite a los nuevos jugadores acceder de inmediato a toda nuestra biblioteca de juegos. Para registrarse de forma independiente, los usuarios deben seguir unos sencillos pasos para garantizar que su cuenta sea segura y est\u00e9 correctamente configurada.<\/p>\n<p><img loading=\"lazy\" decoding=\"async\" class=\"alignnone size-full wp-image-1956\" src=\"https:\/\/royal-zino.org\/wp-content\/uploads\/2026\/03\/Royalzino-login-page.webp\" alt=\"Royalzino login page\" width=\"1248\" height=\"536\" srcset=\"https:\/\/royal-zino.org\/wp-content\/uploads\/2026\/03\/Royalzino-login-page.webp 1248w, https:\/\/royal-zino.org\/wp-content\/uploads\/2026\/03\/Royalzino-login-page-300x129.webp 300w, https:\/\/royal-zino.org\/wp-content\/uploads\/2026\/03\/Royalzino-login-page-1024x440.webp 1024w, https:\/\/royal-zino.org\/wp-content\/uploads\/2026\/03\/Royalzino-login-page-768x330.webp 768w\" sizes=\"auto, (max-width: 1248px) 100vw, 1248px\" \/><\/p>\n<h3>C\u00f3mo crear una cuenta en Royal Zino Casino por ti mismo<\/h3>\n<p>Vamos a desglosar todo el proceso en pasos sencillos:<\/p>\n<ol>\n<li>Primero, haz clic en la p\u00e1gina principal de Royal Zino Casino y rellena el formulario.<\/li>\n<li>La p\u00e1gina de inicio tiene un bot\u00f3n \u00abRegistrarse\u00bb que se ve claramente en la p\u00e1gina de inicio. Al hacer clic en \u00e9l, se inicia el proceso de registro.<\/li>\n<li>A continuaci\u00f3n, se le pedir\u00e1 que introduzca la informaci\u00f3n necesaria: una direcci\u00f3n de correo electr\u00f3nico que se utilizar\u00e1 como credencial principal para iniciar sesi\u00f3n en Royalzino.<\/li>\n<li>Lo siguiente es seleccionar una contrase\u00f1a segura que sea \u00fanica y cumpla con los est\u00e1ndares de seguridad. Esto garantiza que no se realizar\u00e1 ning\u00fan acceso no autorizado a su cuenta.<\/li>\n<li>Tambi\u00e9n le pediremos que indique su nombre de usuario preferido en el formulario de registro y que acepte los t\u00e9rminos y condiciones de la plataforma (marque la casilla despu\u00e9s de leerlos todos).<\/li>\n<li>Adem\u00e1s, existe la opci\u00f3n de registrarse con un campo para c\u00f3digos promocionales, que se pueden canjear para mejorar la experiencia de juego inicial, incluyendo bonificaciones especiales o giros gratis.<\/li>\n<\/ol>\n<p>Una vez completados estos pasos, recibir\u00e1 un correo electr\u00f3nico de confirmaci\u00f3n. En ese enlace, active su cuenta. Cuando tenga una cuenta, podr\u00e1 completar su inicio de sesi\u00f3n en Royalzino en cualquier momento para utilizar todas las funciones de la plataforma, como dep\u00f3sitos, retiradas y juegos.<\/p>\n<h2>Inicio de sesi\u00f3n en Royalzino<\/h2>\n<p>Iniciar sesi\u00f3n en Royalzino debe ser r\u00e1pido y seguro. Solo hay que visitar la p\u00e1gina de inicio y buscar la secci\u00f3n de inicio de sesi\u00f3n. Puede utilizar su correo electr\u00f3nico y contrase\u00f1a registrados para acceder al panel de control de su cuenta al instante.<\/p>\n<p>Tambi\u00e9n permitimos utilizar las cuentas de terceros de Google como opci\u00f3n de inicio de sesi\u00f3n, \u00a1todo para su comodidad! De esta manera, los usuarios pueden iniciar sesi\u00f3n en Royalzino inmediatamente sin tener que memorizar contrase\u00f1as adicionales, lo que facilita su uso y lo mantiene altamente seguro. Esperamos que pruebe este m\u00e9todo de inicio de sesi\u00f3n tambi\u00e9n, ya que tiene muchos comentarios positivos de nuestros jugadores.<\/p>\n<h3>\u00bfQu\u00e9 hacer si olvido mi contrase\u00f1a?<\/h3>\n<p>Royalzino ofrece una opci\u00f3n sencilla para recuperar la contrase\u00f1a en caso de que la pierda. En la p\u00e1gina de inicio de sesi\u00f3n de Royalzino, seleccione la opci\u00f3n \u00ab\u00bfHa olvidado su contrase\u00f1a?\u00bb. A continuaci\u00f3n, se le pedir\u00e1 que introduzca su direcci\u00f3n de correo electr\u00f3nico registrada.<\/p>\n<p>Le enviaremos un correo electr\u00f3nico con la ayuda necesaria para recuperar sus credenciales perdidas de Royalzino Casino, tanto el correo electr\u00f3nico como la contrase\u00f1a. Si no recibe nuestro correo electr\u00f3nico, es imposible. Compruebe su carpeta de correo no deseado, puede que est\u00e9 all\u00ed. Lea el correo electr\u00f3nico y haga clic en el enlace para crear una nueva contrase\u00f1a, de modo que su cuenta sea segura y c\u00f3moda.<\/p>\n<h2>Procedimiento KYC en Royal Zino Casino<\/h2>\n<p>En Royalzino Casino, tenemos una pol\u00edtica estricta de verificar a cada uno de los jugadores que entran en nuestro establecimiento. El proceso de verificaci\u00f3n KYC (Conozca a su cliente) es importante porque usted, como jugador, tambi\u00e9n quiere pasar horas en un entorno seguro, rodeado de personas reales, no de bots falsos.<\/p>\n<p>El procedimiento de verificaci\u00f3n no es realmente largo: podemos comprobar tus documentos en un plazo de 1 a 2 d\u00edas, si no antes. Depende de la persona. A veces tenemos preguntas adicionales si nos preocupa algo. No te preocupes si recibes un correo electr\u00f3nico o una llamada nuestra, es por tu propia seguridad. Entonces, \u00bfqu\u00e9 documentos necesita Royal Zino Casino?<\/p>\n<ol>\n<li>Una copia de su pasaporte real con toda la informaci\u00f3n importante sobre su identidad.<\/li>\n<li>Facturas de servicios p\u00fablicos para demostrar su direcci\u00f3n residencial y su capacidad para pagar los gastos b\u00e1sicos.<\/li>\n<\/ol>\n<p>Una vez que recibamos sus documentos, podr\u00e1 subirlos a su panel de control de Royalzino Casino; nos tomaremos nuestro tiempo para revisarlo todo minuciosamente. Le rogamos que sea paciente, ya que tenemos muchos jugadores que verificar. Cuando concluyamos que todo est\u00e1 en orden, recibir\u00e1 una notificaci\u00f3n de Royalzino Casino y podr\u00e1 disfrutar de total libertad de acci\u00f3n aqu\u00ed: podr\u00e1 depositar y retirar cualquier cantidad de dinero sin restricciones, jugar a cualquier tipo de juego y disfrutar.<\/p>\n<table>\n<tbody>\n<tr>\n<td>C\u00f3mo ayuda la verificaci\u00f3n<\/td>\n<td>Explicaci\u00f3n<\/td>\n<\/tr>\n<tr>\n<td>Evite el acceso restringido a los fondos<\/td>\n<td>Podr\u00e1 depositar o retirar dinero una vez que su cuenta haya sido verificada.<\/td>\n<\/tr>\n<tr>\n<td>Elimine las opciones de juego limitadas<\/td>\n<td>Despu\u00e9s del KYC, ya no tendr\u00e1s restricciones para jugar a ciertos juegos o acceder a todas las funciones del casino online.<\/td>\n<\/tr>\n<tr>\n<td>Posibilidad de retirar ganancias<\/td>\n<td>Tras la verificaci\u00f3n, podr\u00e1 retirar cualquier ganancia o saldo de su cuenta.<\/td>\n<\/tr>\n<tr>\n<td>Evite el riesgo de suspensi\u00f3n de la cuenta<\/td>\n<td>El casino no limitar\u00e1 ni suspender\u00e1 su cuenta por incumplimiento de las pol\u00edticas.<\/td>\n<\/tr>\n<tr>\n<td>Acceso a todas las ventajas de la cuenta<\/td>\n<td>Las bonificaciones, promociones y privilegios completos de la cuenta pueden estar disponibles despu\u00e9s de la verificaci\u00f3n.<\/td>\n<\/tr>\n<tr>\n<td>Eliminaci\u00f3n de posibles riesgos de seguridad<\/td>\n<td>Tras la verificaci\u00f3n, su cuenta estar\u00e1 protegida contra el fraude y el acceso no autorizado.<\/td>\n<\/tr>\n<tr>\n<td>Evitar posibles restricciones futuras<\/td>\n<td>El casino no impondr\u00e1 restricciones ni cerrar\u00e1 cuentas que no completen la verificaci\u00f3n.<\/td>\n<\/tr>\n<\/tbody>\n<\/table>\n<h2>Preguntas frecuentes<\/h2>\n<h3>\u00bfC\u00f3mo puedo iniciar sesi\u00f3n en Royalzino f\u00e1cilmente?<\/h3>\n<p>Iniciar sesi\u00f3n en Royalzino en nuestra plataforma es muy r\u00e1pido, \u00a1no puede ser m\u00e1s f\u00e1cil! En la secci\u00f3n de inicio de sesi\u00f3n (esquina superior derecha), puede elegir la opci\u00f3n de iniciar sesi\u00f3n con Google. Busque el peque\u00f1o bot\u00f3n que dice \u00abO inicie sesi\u00f3n con Google\u00bb y utilice su direcci\u00f3n de Gmail para iniciar sesi\u00f3n. Una vez dentro, podr\u00e1 utilizar todas las funciones, como bonificaciones y juegos en vivo.<\/p>\n<h3>\u00bfC\u00f3mo elimino mi cuenta?<\/h3>\n<p>Como cualquier casino de renombre, podemos ayudarte a cerrar tu cuenta. Si deseas desactivar tu cuenta de Royalzino, env\u00eda un mensaje al equipo de asistencia a trav\u00e9s del chat en vivo o por correo electr\u00f3nico. El equipo de asistencia te guiar\u00e1 a trav\u00e9s de este procedimiento, que incluye la verificaci\u00f3n de tu identidad por motivos de seguridad. Eliminamos las cuentas de forma eficiente y segura, y borramos todos los datos de nuestros sistemas.<\/p>\n<h3>\u00bfCu\u00e1l es el procedimiento para actualizar los datos de la cuenta?<\/h3>\n<p>Tras el proceso de verificaci\u00f3n, todo el mundo puede acceder f\u00e1cilmente a la secci\u00f3n de gesti\u00f3n de la cuenta. En este caso, podr\u00e1n cambiar sus datos personales, datos de contacto y m\u00e9todos de pago. Por si acaso lo cambias todo, aseg\u00farate de crear una contrase\u00f1a m\u00e1s segura y, en general, siempre es bueno mejorar la seguridad de Royal Zino Casino.<\/p>\n<\/div><\/div><\/p>\n","protected":false},"excerpt":{"rendered":"<p>Inicio de sesi\u00f3n y registro en la cuenta de Royalzino Casino La funci\u00f3n de Royalzino login permite acceder a una amplia gama de productos de juego, ofertas exclusivas y funciones personalizadas en nuestro casino para jugadores espa\u00f1oles. Royalzino Casino es l\u00edder en t\u00e9rminos de seguridad, comodidad y herramientas innovadoras para el juego digital independiente. Nos [&hellip;]<\/p>\n","protected":false},"author":1,"featured_media":0,"parent":0,"menu_order":0,"comment_status":"closed","ping_status":"closed","template":"template-builder.php","meta":{"_acf_changed":false,"inline_featured_image":false,"footnotes":""},"class_list":["post-1487","page","type-page","status-publish","hentry"],"acf":[],"yoast_head":"<!-- This site is optimized with the Yoast SEO plugin v27.3 - https:\/\/yoast.com\/product\/yoast-seo-wordpress\/ -->\n<title>Royalzino Login \u2013 Registro con Acceso Seguro<\/title>\n<meta name=\"description\" content=\"Royalzino Login \u2013 inicia sesi\u00f3n de forma segura o reg\u00edstrate en segundos con acceso encriptado y verificaci\u00f3n r\u00e1pida. Gestiona la recuperaci\u00f3n de contrase\u00f1a, ajustes de perfil y herramientas de cuenta f\u00e1cilmente en Royal Zino.\" \/>\n<meta name=\"robots\" content=\"index, follow, max-snippet:-1, max-image-preview:large, max-video-preview:-1\" \/>\n<link rel=\"canonical\" href=\"https:\/\/royal-zino.org\/es\/inicio-de-sesion-y-registro\/\" \/>\n<meta property=\"og:locale\" content=\"es_ES\" \/>\n<meta property=\"og:type\" content=\"article\" \/>\n<meta property=\"og:title\" content=\"Royalzino Login \u2013 Registro con Acceso Seguro\" \/>\n<meta property=\"og:description\" content=\"Royalzino Login \u2013 inicia sesi\u00f3n de forma segura o reg\u00edstrate en segundos con acceso encriptado y verificaci\u00f3n r\u00e1pida. Gestiona la recuperaci\u00f3n de contrase\u00f1a, ajustes de perfil y herramientas de cuenta f\u00e1cilmente en Royal Zino.\" \/>\n<meta property=\"og:url\" content=\"https:\/\/royal-zino.org\/es\/inicio-de-sesion-y-registro\/\" \/>\n<meta property=\"og:site_name\" content=\"royalzino\" \/>\n<meta property=\"article:modified_time\" content=\"2026-03-05T10:07:45+00:00\" \/>\n<meta name=\"twitter:card\" content=\"summary_large_image\" \/>\n<meta name=\"twitter:label1\" content=\"Est. reading time\" \/>\n\t<meta name=\"twitter:data1\" content=\"1 minute\" \/>\n<script type=\"application\/ld+json\" class=\"yoast-schema-graph\">{\"@context\":\"https:\\\/\\\/schema.org\",\"@graph\":[{\"@type\":\"WebPage\",\"@id\":\"https:\\\/\\\/royal-zino.org\\\/es\\\/inicio-de-sesion-y-registro\\\/\",\"url\":\"https:\\\/\\\/royal-zino.org\\\/es\\\/inicio-de-sesion-y-registro\\\/\",\"name\":\"Royalzino Login \u2013 Registro con Acceso Seguro\",\"isPartOf\":{\"@id\":\"https:\\\/\\\/royal-zino.org\\\/es\\\/#website\"},\"datePublished\":\"2026-01-20T12:11:11+00:00\",\"dateModified\":\"2026-03-05T10:07:45+00:00\",\"description\":\"Royalzino Login \u2013 inicia sesi\u00f3n de forma segura o reg\u00edstrate en segundos con acceso encriptado y verificaci\u00f3n r\u00e1pida. Gestiona la recuperaci\u00f3n de contrase\u00f1a, ajustes de perfil y herramientas de cuenta f\u00e1cilmente en Royal Zino.\",\"breadcrumb\":{\"@id\":\"https:\\\/\\\/royal-zino.org\\\/es\\\/inicio-de-sesion-y-registro\\\/#breadcrumb\"},\"inLanguage\":\"es-ES\",\"potentialAction\":[{\"@type\":\"ReadAction\",\"target\":[\"https:\\\/\\\/royal-zino.org\\\/es\\\/inicio-de-sesion-y-registro\\\/\"]}]},{\"@type\":\"BreadcrumbList\",\"@id\":\"https:\\\/\\\/royal-zino.org\\\/es\\\/inicio-de-sesion-y-registro\\\/#breadcrumb\",\"itemListElement\":[{\"@type\":\"ListItem\",\"position\":1,\"name\":\"Royalzino\",\"item\":\"https:\\\/\\\/royal-zino.org\\\/es\\\/\"},{\"@type\":\"ListItem\",\"position\":2,\"name\":\"Inicio de sesi\u00f3n y Registro\"}]},{\"@type\":\"WebSite\",\"@id\":\"https:\\\/\\\/royal-zino.org\\\/es\\\/#website\",\"url\":\"https:\\\/\\\/royal-zino.org\\\/es\\\/\",\"name\":\"Royalzino\",\"description\":\"\",\"publisher\":{\"@id\":\"https:\\\/\\\/royal-zino.org\\\/es\\\/#organization\"},\"potentialAction\":[{\"@type\":\"SearchAction\",\"target\":{\"@type\":\"EntryPoint\",\"urlTemplate\":\"https:\\\/\\\/royal-zino.org\\\/es\\\/?s={search_term_string}\"},\"query-input\":{\"@type\":\"PropertyValueSpecification\",\"valueRequired\":true,\"valueName\":\"search_term_string\"}}],\"inLanguage\":\"es-ES\"},{\"@type\":\"Organization\",\"@id\":\"https:\\\/\\\/royal-zino.org\\\/es\\\/#organization\",\"name\":\"Royalzino\",\"url\":\"https:\\\/\\\/royal-zino.org\\\/es\\\/\",\"logo\":{\"@type\":\"ImageObject\",\"inLanguage\":\"es-ES\",\"@id\":\"https:\\\/\\\/royal-zino.org\\\/es\\\/#\\\/schema\\\/logo\\\/image\\\/\",\"url\":\"https:\\\/\\\/royal-zino.org\\\/wp-content\\\/uploads\\\/2026\\\/03\\\/logo-1.png\",\"contentUrl\":\"https:\\\/\\\/royal-zino.org\\\/wp-content\\\/uploads\\\/2026\\\/03\\\/logo-1.png\",\"width\":160,\"height\":32,\"caption\":\"Royalzino\"},\"image\":{\"@id\":\"https:\\\/\\\/royal-zino.org\\\/es\\\/#\\\/schema\\\/logo\\\/image\\\/\"}}]}<\/script>\n<!-- \/ Yoast SEO plugin. -->","yoast_head_json":{"title":"Royalzino Login \u2013 Registro con Acceso Seguro","description":"Royalzino Login \u2013 inicia sesi\u00f3n de forma segura o reg\u00edstrate en segundos con acceso encriptado y verificaci\u00f3n r\u00e1pida. Gestiona la recuperaci\u00f3n de contrase\u00f1a, ajustes de perfil y herramientas de cuenta f\u00e1cilmente en Royal Zino.","robots":{"index":"index","follow":"follow","max-snippet":"max-snippet:-1","max-image-preview":"max-image-preview:large","max-video-preview":"max-video-preview:-1"},"canonical":"https:\/\/royal-zino.org\/es\/inicio-de-sesion-y-registro\/","og_locale":"es_ES","og_type":"article","og_title":"Royalzino Login \u2013 Registro con Acceso Seguro","og_description":"Royalzino Login \u2013 inicia sesi\u00f3n de forma segura o reg\u00edstrate en segundos con acceso encriptado y verificaci\u00f3n r\u00e1pida. Gestiona la recuperaci\u00f3n de contrase\u00f1a, ajustes de perfil y herramientas de cuenta f\u00e1cilmente en Royal Zino.","og_url":"https:\/\/royal-zino.org\/es\/inicio-de-sesion-y-registro\/","og_site_name":"royalzino","article_modified_time":"2026-03-05T10:07:45+00:00","twitter_card":"summary_large_image","twitter_misc":{"Est. reading time":"1 minute"},"schema":{"@context":"https:\/\/schema.org","@graph":[{"@type":"WebPage","@id":"https:\/\/royal-zino.org\/es\/inicio-de-sesion-y-registro\/","url":"https:\/\/royal-zino.org\/es\/inicio-de-sesion-y-registro\/","name":"Royalzino Login \u2013 Registro con Acceso Seguro","isPartOf":{"@id":"https:\/\/royal-zino.org\/es\/#website"},"datePublished":"2026-01-20T12:11:11+00:00","dateModified":"2026-03-05T10:07:45+00:00","description":"Royalzino Login \u2013 inicia sesi\u00f3n de forma segura o reg\u00edstrate en segundos con acceso encriptado y verificaci\u00f3n r\u00e1pida. Gestiona la recuperaci\u00f3n de contrase\u00f1a, ajustes de perfil y herramientas de cuenta f\u00e1cilmente en Royal Zino.","breadcrumb":{"@id":"https:\/\/royal-zino.org\/es\/inicio-de-sesion-y-registro\/#breadcrumb"},"inLanguage":"es-ES","potentialAction":[{"@type":"ReadAction","target":["https:\/\/royal-zino.org\/es\/inicio-de-sesion-y-registro\/"]}]},{"@type":"BreadcrumbList","@id":"https:\/\/royal-zino.org\/es\/inicio-de-sesion-y-registro\/#breadcrumb","itemListElement":[{"@type":"ListItem","position":1,"name":"Royalzino","item":"https:\/\/royal-zino.org\/es\/"},{"@type":"ListItem","position":2,"name":"Inicio de sesi\u00f3n y Registro"}]},{"@type":"WebSite","@id":"https:\/\/royal-zino.org\/es\/#website","url":"https:\/\/royal-zino.org\/es\/","name":"Royalzino","description":"","publisher":{"@id":"https:\/\/royal-zino.org\/es\/#organization"},"potentialAction":[{"@type":"SearchAction","target":{"@type":"EntryPoint","urlTemplate":"https:\/\/royal-zino.org\/es\/?s={search_term_string}"},"query-input":{"@type":"PropertyValueSpecification","valueRequired":true,"valueName":"search_term_string"}}],"inLanguage":"es-ES"},{"@type":"Organization","@id":"https:\/\/royal-zino.org\/es\/#organization","name":"Royalzino","url":"https:\/\/royal-zino.org\/es\/","logo":{"@type":"ImageObject","inLanguage":"es-ES","@id":"https:\/\/royal-zino.org\/es\/#\/schema\/logo\/image\/","url":"https:\/\/royal-zino.org\/wp-content\/uploads\/2026\/03\/logo-1.png","contentUrl":"https:\/\/royal-zino.org\/wp-content\/uploads\/2026\/03\/logo-1.png","width":160,"height":32,"caption":"Royalzino"},"image":{"@id":"https:\/\/royal-zino.org\/es\/#\/schema\/logo\/image\/"}}]}},"_links":{"self":[{"href":"https:\/\/royal-zino.org\/es\/wp-json\/wp\/v2\/pages\/1487","targetHints":{"allow":["GET"]}}],"collection":[{"href":"https:\/\/royal-zino.org\/es\/wp-json\/wp\/v2\/pages"}],"about":[{"href":"https:\/\/royal-zino.org\/es\/wp-json\/wp\/v2\/types\/page"}],"author":[{"embeddable":true,"href":"https:\/\/royal-zino.org\/es\/wp-json\/wp\/v2\/users\/1"}],"replies":[{"embeddable":true,"href":"https:\/\/royal-zino.org\/es\/wp-json\/wp\/v2\/comments?post=1487"}],"version-history":[{"count":3,"href":"https:\/\/royal-zino.org\/es\/wp-json\/wp\/v2\/pages\/1487\/revisions"}],"predecessor-version":[{"id":2100,"href":"https:\/\/royal-zino.org\/es\/wp-json\/wp\/v2\/pages\/1487\/revisions\/2100"}],"wp:attachment":[{"href":"https:\/\/royal-zino.org\/es\/wp-json\/wp\/v2\/media?parent=1487"}],"curies":[{"name":"wp","href":"https:\/\/api.w.org\/{rel}","templated":true}]}}