{"id":1440,"date":"2026-01-20T12:08:23","date_gmt":"2026-01-20T12:08:23","guid":{"rendered":"https:\/\/bonuskongcasino.com\/app\/"},"modified":"2026-03-05T09:04:59","modified_gmt":"2026-03-05T09:04:59","slug":"app","status":"publish","type":"page","link":"https:\/\/royal-zino.org\/fr\/app\/","title":{"rendered":"App"},"content":{"rendered":"<h1>Plateforme mobile Royalzino Casino<\/h1>\n<p>Royalzino app est notre meilleure id\u00e9e pour offrir \u00e0 nos joueurs de casino la mobilit\u00e9 et les solutions les plus high-tech. L&rsquo;application est bas\u00e9e sur les derni\u00e8res technologies et garantit aux consommateurs une exp\u00e9rience fluide, fiable et int\u00e9ressante sur diff\u00e9rents appareils. Royalzino Casino est tr\u00e8s mobile. C&rsquo;est une r\u00e9f\u00e9rence pour les fans de jeux en d\u00e9placement.<\/p>\n<div class=\"banner-wrap\" aria-label=\"Banner\"><img src=\"https:\/\/royal-zino.org\/wp-content\/uploads\/2026\/03\/royalzino-bnr-static-pc.webp\" class=\"w-100 d-none d-lg-block img-pc main-banner-img\" alt=\"royalzino banner pc\" fetchpriority=\"high\" decoding=\"async\"><img src=\"https:\/\/royal-zino.org\/wp-content\/uploads\/2026\/03\/royalzino-banner-mobile.webp\" class=\"w-100 d-none d-md-block d-lg-none main-banner-img\" alt=\"royalzino banner mobile\" fetchpriority=\"high\" decoding=\"async\"><img src=\"https:\/\/royal-zino.org\/wp-content\/uploads\/2026\/03\/royalzino-banner-mobile.webp\" class=\"w-100 d-md-none\" alt=\"royalzino banner mobile\" fetchpriority=\"high\" decoding=\"async\"><div class=\"banner-description\">\n<div class=\"banner-title\">Bonus de bienvenue<\/div>\n<p class=\"banner-header-title\">1500 \u20ac<\/p>\n<div class=\"banner-header-AdditionalText\">+ 250 Tours gratuits<\/div>\n<button data-item=\"homepage_banner_link\" class=\"goto m-button m-gradient-border m-button--primary m-button--large banner-button btn-orange\">\n            <div class=\"m-button-content\">\n                <span>Inscrivez-vous d\u00e8s maintenant<\/span>\n                <span><\/span>\n            <\/div>\n        <\/button>\n<\/div>\n<div class=\"WelcomePack\">\n<p><img loading=\"lazy\" decoding=\"async\" class=\"alignnone size-full wp-image-1869\" src=\"https:\/\/royal-zino.org\/wp-content\/uploads\/2026\/03\/welcome-crown.png\" alt=\"welcome crown\" width=\"25\" height=\"26\" \/><\/p>\n<div class=\"WelcomePack-Info\">Cashback hebdomadaire jusqu&rsquo;\u00e0 25 %<\/div>\n<p><img loading=\"lazy\" decoding=\"async\" class=\"alignnone size-full wp-image-1869\" src=\"https:\/\/royal-zino.org\/wp-content\/uploads\/2026\/03\/welcome-crown.png\" alt=\"welcome crown\" width=\"25\" height=\"26\" \/><\/p>\n<\/div>\n<\/div>\n<h2>Utiliser Royalzino sur votre mobile<\/h2>\n<p>Le jeu mobile de Royalzino Casino est une r\u00e9volution ! Notre application pr\u00e9sente de nombreux avantages par rapport \u00e0 la version de bureau. Le portail mobile est rapide, r\u00e9actif et convivial. Les joueurs peuvent prendre leur t\u00e9l\u00e9phone et cliquer sur Royal Zino d\u00e8s qu&rsquo;ils ont un moment de libre pour jouer.<\/p>\n<p>Nous sommes toujours \u00e0 votre disposition avec des machines \u00e0 sous en ligne, des jeux avec croupier en direct et d&rsquo;autres jeux de casino. L&rsquo;interface est tr\u00e8s intuitive et toutes les sections sont disponibles dans la PWA, tout comme sur notre version de bureau. Il est facile de naviguer et d&rsquo;acc\u00e9der instantan\u00e9ment \u00e0 la biblioth\u00e8que compl\u00e8te de jeux (plus de 6 000 jeux sympas, vous imaginez ?), aux promotions et aux outils de gestion de compte.<\/p>\n<p>L&rsquo;application Royalzino offre une exp\u00e9rience plus fluide, m\u00eame si vous jouez sur votre ordinateur personnel. Elle se charge plus rapidement, dispose de commandes plus simples et n\u00e9cessite moins de configuration. Elle ne n\u00e9cessite pas de mises \u00e0 jour ni d&rsquo;installations importantes, ce qui permet aux joueurs de se concentrer uniquement sur leur jeu, n&rsquo;importe o\u00f9 et n&rsquo;importe quand. C&rsquo;est une flexibilit\u00e9 parfaite qui permet au joueur de b\u00e9n\u00e9ficier d&rsquo;un confort optimal sans nuire \u00e0 son exp\u00e9rience de jeu.<\/p>\n<p><div class=\"scrollable-content-wrap my-5\"><div class=\"scrollable-content-inner\"><h2>Application mobile Android Royalzino<\/h2>\n<p>L&rsquo;application Royalzino est une application web progressive (PWA) et non un fichier APK, ce qui offre de nombreuses possibilit\u00e9s aux utilisateurs d&rsquo;Android.<\/p>\n<p>Avantages de la version PWA de Royal Zino :<\/p>\n<ul>\n<li>Notre version Progressive Web App dispose d&rsquo;un navigateur mobile direct dans Chrome et Firefox. Imaginez-la comme un m\u00e9lange entre un site web et une application qui offre un acc\u00e8s rapide et s\u00e9curis\u00e9 et ne n\u00e9cessite aucun t\u00e9l\u00e9chargement.<\/li>\n<li>L&rsquo;application Royalzino est con\u00e7ue pour se charger rapidement, se mettre \u00e0 jour automatiquement et fonctionner avec diff\u00e9rents appareils Android. Elle offre une exp\u00e9rience de jeu similaire \u00e0 celle d&rsquo;un casino r\u00e9el, vous ne le regretterez pas, c&rsquo;est promis.<\/li>\n<li>Sa conception l\u00e9g\u00e8re signifie moins d&rsquo;espace de stockage sur votre mobile (une excellente nouvelle pour ceux qui ont besoin de tout l&rsquo;espace disponible pour leurs photos !) et un acc\u00e8s facile \u00e0 des fonctionnalit\u00e9s telles que le chat en direct, la prise de contact avec l&rsquo;\u00e9quipe d&rsquo;assistance et le processus de v\u00e9rification.<\/li>\n<\/ul>\n<p>En conclusion, l&rsquo;application Royalzino est le moyen recommand\u00e9 pour acc\u00e9der au casino sur les appareils Android en raison de sa s\u00e9curit\u00e9 renforc\u00e9e, de ses mises \u00e0 jour automatiques et de sa commodit\u00e9. L&rsquo;APK \u00e9tait soumis \u00e0 des mises \u00e0 jour manuelles et pr\u00e9sentait un risque potentiel pour la s\u00e9curit\u00e9, qui a \u00e9t\u00e9 \u00e9limin\u00e9 par la solution PWA.<\/p>\n<p><img loading=\"lazy\" decoding=\"async\" class=\"alignnone size-full wp-image-1919\" src=\"https:\/\/royal-zino.org\/wp-content\/uploads\/2026\/03\/Royalzino-Android.webp\" alt=\"Royalzino Android\" width=\"1248\" height=\"536\" srcset=\"https:\/\/royal-zino.org\/wp-content\/uploads\/2026\/03\/Royalzino-Android.webp 1248w, https:\/\/royal-zino.org\/wp-content\/uploads\/2026\/03\/Royalzino-Android-300x129.webp 300w, https:\/\/royal-zino.org\/wp-content\/uploads\/2026\/03\/Royalzino-Android-1024x440.webp 1024w, https:\/\/royal-zino.org\/wp-content\/uploads\/2026\/03\/Royalzino-Android-768x330.webp 768w\" sizes=\"auto, (max-width: 1248px) 100vw, 1248px\" \/><\/p>\n<\/div><\/div><div style=\"clear: both\"><\/div><div class=\"d-flex justify-content-center\"><button data-item=\"decouvrez_link\" data-group=\"website_links\" class=\"goto fw-bold rounded-pill btn btn-orange\" aria-label=\"T\u00e9l\u00e9chargez l&#039;application Royalzino\" >T\u00e9l\u00e9chargez l&#039;application Royalzino<\/button><\/div><div class=\"scrollable-content-wrap my-5\"><div class=\"scrollable-content-inner\"><h2>Application mobile Royalzino pour iOS<\/h2>\n<p>L&rsquo;application Royalzino pour iOS est con\u00e7ue pour offrir aux utilisateurs une exp\u00e9rience de jeu haut de gamme s&rsquo;ils poss\u00e8dent un appareil Apple. Sa version optimis\u00e9e pour iPhone et iPad offre des performances \u00e9lev\u00e9es, une vitesse de chargement rapide et un environnement s\u00e9curis\u00e9. L&rsquo;application est de la meilleure qualit\u00e9 et dispose d&rsquo;un panneau de contr\u00f4le simple avec des onglets rationnels pour naviguer dans le casino Royalzino. Vous pouvez profiter de notre navigation facile \u00e0 travers la biblioth\u00e8que de jeux de haute qualit\u00e9, tels que les jeux de machines \u00e0 sous en ligne et les collections de livres.<\/p>\n<p>La version iOS est professionnelle et facilite efficacement le processus de v\u00e9rification, conform\u00e9ment aux normes de s\u00e9curit\u00e9. Nous ajoutons constamment de nouvelles fonctionnalit\u00e9s et am\u00e9liorations afin de rester en phase avec les derni\u00e8res tendances de l&rsquo;industrie des casinos. La conception de l&rsquo;application met l&rsquo;accent sur la vitesse, la s\u00e9curit\u00e9 et des graphismes de haute qualit\u00e9, permettant aux joueurs de jouer rapidement au Royal Zino Casino sans \u00eatre frustr\u00e9s par le cercle de chargement.<\/p>\n<p><img loading=\"lazy\" decoding=\"async\" class=\"alignnone size-full wp-image-1943\" src=\"https:\/\/royal-zino.org\/wp-content\/uploads\/2026\/03\/Royalzino-iOS.webp\" alt=\"Royalzino iOS\" width=\"1248\" height=\"536\" srcset=\"https:\/\/royal-zino.org\/wp-content\/uploads\/2026\/03\/Royalzino-iOS.webp 1248w, https:\/\/royal-zino.org\/wp-content\/uploads\/2026\/03\/Royalzino-iOS-300x129.webp 300w, https:\/\/royal-zino.org\/wp-content\/uploads\/2026\/03\/Royalzino-iOS-1024x440.webp 1024w, https:\/\/royal-zino.org\/wp-content\/uploads\/2026\/03\/Royalzino-iOS-768x330.webp 768w\" sizes=\"auto, (max-width: 1248px) 100vw, 1248px\" \/><\/p>\n<\/div><\/div><div style=\"clear: both\"><\/div><div class=\"d-flex justify-content-center\"><button data-item=\"decouvrez_link\" data-group=\"website_links\" class=\"goto fw-bold rounded-pill btn btn-orange\" aria-label=\"T\u00e9l\u00e9chargez l&#039;application Royalzino\" >T\u00e9l\u00e9chargez l&#039;application Royalzino<\/button><\/div><div class=\"scrollable-content-wrap my-5\"><div class=\"scrollable-content-inner\"><h2>Applications macOS et Windows<\/h2>\n<p>Royal Zino propose \u00e9galement des applications Windows et macOS pour les joueurs qui pr\u00e9f\u00e8rent les jeux sur ordinateur. Ces applications fonctionnent \u00e0 merveille sur les ordinateurs de bureau. Chez Royalzino Casino, nous prenons toujours en charge les graphismes haute r\u00e9solution et les fonctionnalit\u00e9s avanc\u00e9es, rendant l&rsquo;environnement immersif. La version de bureau est tellement g\u00e9niale que vous pouvez l&rsquo;\u00e9tirer \u00e0 n&rsquo;importe quelle taille d&rsquo;\u00e9cran, m\u00eame celle d&rsquo;un cin\u00e9ma ! Pour une exp\u00e9rience optimale, jouez en compagnie de vos amis.<\/p>\n<p>Les joueurs peuvent profiter d&rsquo;une exp\u00e9rience de casino compl\u00e8te, avec une assistance par chat en direct, une v\u00e9rification instantan\u00e9e du compte et un environnement de jeu complet. L&rsquo;application PWA pour ordinateur de bureau offre une exp\u00e9rience de jeu plus compl\u00e8te, en particulier pour les jeux avec croupier en direct, o\u00f9 le r\u00e9alisme et la qualit\u00e9 visuelle sont essentiels. Nos croupiers sont visibles dans les moindres d\u00e9tails, comme s&rsquo;ils se tenaient pr\u00e8s de vous dans un vrai casino quelque part \u00e0 Nassau et Paradise Island, aux Bahamas !<\/p>\n<p>Alors, essayez \u00e9galement cette version pour tester la navigation rapide, les options personnalis\u00e9es et la gestion s\u00e9curis\u00e9e des donn\u00e9es. Nous sommes heureux de vous annoncer que tous les joueurs peuvent profiter du Royal Zino Casino sans aucun doute.<\/p>\n<p>R\u00e9sumons donc pourquoi vous avez besoin de notre application Royalzino !<\/p>\n<table>\n<tbody>\n<tr>\n<td>Fonctionnalit\u00e9<\/td>\n<td>Pourquoi la PWA de Royalzino est la meilleure pour les joueurs<\/td>\n<td>D\u00e9tails<\/td>\n<\/tr>\n<tr>\n<td>Accessibilit\u00e9 instantan\u00e9e<\/td>\n<td>Aucun t\u00e9l\u00e9chargement n\u00e9cessaire : les joueurs peuvent acc\u00e9der instantan\u00e9ment au jeu sur n&rsquo;importe quel appareil.<\/td>\n<td>La PWA Royalzino permet une entr\u00e9e rapide, r\u00e9duisant les temps d&rsquo;attente et augmentant le temps de jeu.<\/td>\n<\/tr>\n<tr>\n<td>Compatibilit\u00e9 multi-appareils<\/td>\n<td>Exp\u00e9rience fluide sur tous les appareils : smartphones, tablettes, ordinateurs de bureau.<\/td>\n<td>Accessible universellement, garantissant aux joueurs une interface coh\u00e9rente partout.<\/td>\n<\/tr>\n<tr>\n<td>Vitesses de chargement rapides<\/td>\n<td>Optimis\u00e9 pour un d\u00e9marrage rapide et un gameplay fluide.<\/td>\n<td>Les joueurs passent plus de temps \u00e0 jouer et moins de temps \u00e0 attendre.<\/td>\n<\/tr>\n<tr>\n<td>Faible exigence en mati\u00e8re de stockage<\/td>\n<td>Pas besoin de t\u00e9l\u00e9charger l&rsquo;application depuis l&rsquo;App Store, ce qui permet d&rsquo;\u00e9conomiser de l&rsquo;espace de stockage sur l&rsquo;appareil.<\/td>\n<td>Id\u00e9al pour les joueurs disposant d&rsquo;un espace de stockage limit\u00e9, ce qui encourage une utilisation plus fr\u00e9quente.<\/td>\n<\/tr>\n<tr>\n<td>Mises \u00e0 jour automatiques<\/td>\n<td>Toujours \u00e0 jour avec les derni\u00e8res fonctionnalit\u00e9s sans mises \u00e0 jour manuelles.<\/td>\n<td>Les joueurs acc\u00e8dent instantan\u00e9ment aux nouveaux jeux et fonctionnalit\u00e9s, ce qui les fid\u00e9lise \u00e0 la plateforme.<\/td>\n<\/tr>\n<tr>\n<td>S\u00e9curit\u00e9 renforc\u00e9e<\/td>\n<td>Navigation et transactions s\u00e9curis\u00e9es, gr\u00e2ce \u00e0 des protocoles de s\u00e9curit\u00e9 web modernes.<\/td>\n<td>Renforce la confiance en prot\u00e9geant les donn\u00e9es et les informations financi\u00e8res des joueurs.<\/td>\n<\/tr>\n<tr>\n<td>Notifications push<\/td>\n<td>Mises \u00e0 jour en temps r\u00e9el sur les bonus, les nouveaux jeux et les promotions.<\/td>\n<td>Permet aux joueurs de rester inform\u00e9s et engag\u00e9s, ce qui augmente leur fid\u00e9lit\u00e9.<\/td>\n<\/tr>\n<tr>\n<td>Rentable pour les joueurs<\/td>\n<td>Pas besoin d&rsquo;acheter ou de mettre \u00e0 jour des applications depuis les boutiques d&rsquo;applications, ce qui permet d&rsquo;\u00e9conomiser de l&rsquo;argent.<\/td>\n<td>Plus accessible, ce qui encourage une adoption plus large parmi les joueurs.<\/td>\n<\/tr>\n<tr>\n<td>\u00c9cologique et durable<\/td>\n<td>R\u00e9duit le besoin d&rsquo;infrastructure et de mises \u00e0 jour des boutiques d&rsquo;applications, ce qui diminue l&rsquo;impact environnemental.<\/td>\n<td>Refl\u00e8te une approche moderne et responsable, en phase avec les joueurs soucieux de l&rsquo;environnement.<\/td>\n<\/tr>\n<\/tbody>\n<\/table>\n<p><img loading=\"lazy\" decoding=\"async\" class=\"alignnone size-full wp-image-1935\" src=\"https:\/\/royal-zino.org\/wp-content\/uploads\/2026\/03\/Royalzino-Desktop.webp\" alt=\"Royalzino Desktop\" width=\"1248\" height=\"536\" srcset=\"https:\/\/royal-zino.org\/wp-content\/uploads\/2026\/03\/Royalzino-Desktop.webp 1248w, https:\/\/royal-zino.org\/wp-content\/uploads\/2026\/03\/Royalzino-Desktop-300x129.webp 300w, https:\/\/royal-zino.org\/wp-content\/uploads\/2026\/03\/Royalzino-Desktop-1024x440.webp 1024w, https:\/\/royal-zino.org\/wp-content\/uploads\/2026\/03\/Royalzino-Desktop-768x330.webp 768w\" sizes=\"auto, (max-width: 1248px) 100vw, 1248px\" \/><\/p>\n<\/div><\/div><div style=\"clear: both\"><\/div><div class=\"d-flex justify-content-center\"><button data-item=\"decouvrez_link\" data-group=\"website_links\" class=\"goto fw-bold rounded-pill btn btn-orange\" aria-label=\"T\u00e9l\u00e9chargez l&#039;application Royalzino\" >T\u00e9l\u00e9chargez l&#039;application Royalzino<\/button><\/div><div class=\"scrollable-content-wrap my-5\"><div class=\"scrollable-content-inner\"><h2>FAQ<\/h2>\n<h3>Faut-il cr\u00e9er un compte pour utiliser l&rsquo;application Royalzino ?<\/h3>\n<p>Techniquement, vous pouvez jouer \u00e0 de nombreux jeux du casino Royalzino en mode d\u00e9mo, mais nous pensons que cela ne vous suffira pas. Notre casino mobile vous offre de nombreuses possibilit\u00e9s de gagner gros, mais pour toucher l&rsquo;argent, vous devez vous inscrire. Il faut \u00eatre inscrit pour pouvoir profiter de l&rsquo;ensemble des fonctionnalit\u00e9s, avec des machines \u00e0 sous en ligne, des jeux avec croupier en direct, des livres, des titres originaux et ceux des sections festives exclusives.<\/p>\n<h3>L&rsquo;application Royalzino Casino fournit-elle un service client ?<\/h3>\n<p>Oh oui, notre \u00e9quipe d&rsquo;assistance multilingue qualifi\u00e9e est \u00e0 votre disposition \u00e0 tout moment, quel que soit votre fuseau horaire. Cliquez sur le bouton de chat en direct et commencez \u00e0 discuter avec nous, ou \u00e9crivez-nous simplement un e-mail plus long si vous avez besoin de plus d&rsquo;espace pour nous faire part de vos commentaires. Ce service d&rsquo;assistance fournit une aide rapide pour les probl\u00e8mes techniques, les questions de v\u00e9rification et autres demandes afin de garantir le bon d\u00e9roulement du jeu \u00e0 tout moment.<\/p>\n<h3>Dois-je mettre \u00e0 jour moi-m\u00eame l&rsquo;application Royalzino Casino ?<\/h3>\n<p>Dans le cas des applications mobiles, les mises \u00e0 jour sont automatiques et les joueurs n&rsquo;ont pas \u00e0 se soucier de les effectuer manuellement. Les applications sur ordinateur se mettent \u00e0 jour via une notification interne dans les navigateurs. Il n&rsquo;est donc pas n\u00e9cessaire de les t\u00e9l\u00e9charger manuellement.<\/p>\n<\/div><\/div><\/p>\n","protected":false},"excerpt":{"rendered":"<p>Plateforme mobile Royalzino Casino Royalzino app est notre meilleure id\u00e9e pour offrir \u00e0 nos joueurs de casino la mobilit\u00e9 et les solutions les plus high-tech. L&rsquo;application est bas\u00e9e sur les derni\u00e8res technologies et garantit aux consommateurs une exp\u00e9rience fluide, fiable et int\u00e9ressante sur diff\u00e9rents appareils. Royalzino Casino est tr\u00e8s mobile. C&rsquo;est une r\u00e9f\u00e9rence pour les [&hellip;]<\/p>\n","protected":false},"author":1,"featured_media":0,"parent":0,"menu_order":0,"comment_status":"closed","ping_status":"closed","template":"template-builder.php","meta":{"_acf_changed":false,"inline_featured_image":false,"footnotes":""},"class_list":["post-1440","page","type-page","status-publish","hentry"],"acf":[],"yoast_head":"<!-- This site is optimized with the Yoast SEO plugin v27.3 - https:\/\/yoast.com\/product\/yoast-seo-wordpress\/ -->\n<title>Royalzino App T\u00e9l\u00e9charger | iOS, Android &amp; Bureau<\/title>\n<meta name=\"description\" content=\"Royalzino App \u2013 t\u00e9l\u00e9chargez l&#039;application pour iOS, Android et bureau pour jouer aux machines \u00e0 sous, jeux de table et casino en direct partout. Profitez de performances fluides et d&#039;un acc\u00e8s complet \u00e0 votre compte avec Royal Zino.\" \/>\n<meta name=\"robots\" content=\"index, follow, max-snippet:-1, max-image-preview:large, max-video-preview:-1\" \/>\n<link rel=\"canonical\" href=\"https:\/\/royal-zino.org\/fr\/app\/\" \/>\n<meta property=\"og:locale\" content=\"fr_FR\" \/>\n<meta property=\"og:type\" content=\"article\" \/>\n<meta property=\"og:title\" content=\"Royalzino App T\u00e9l\u00e9charger | iOS, Android &amp; Bureau\" \/>\n<meta property=\"og:description\" content=\"Royalzino App \u2013 t\u00e9l\u00e9chargez l&#039;application pour iOS, Android et bureau pour jouer aux machines \u00e0 sous, jeux de table et casino en direct partout. Profitez de performances fluides et d&#039;un acc\u00e8s complet \u00e0 votre compte avec Royal Zino.\" \/>\n<meta property=\"og:url\" content=\"https:\/\/royal-zino.org\/fr\/app\/\" \/>\n<meta property=\"og:site_name\" content=\"royalzino\" \/>\n<meta property=\"article:modified_time\" content=\"2026-03-05T09:04:59+00:00\" \/>\n<meta name=\"twitter:card\" content=\"summary_large_image\" \/>\n<meta name=\"twitter:label1\" content=\"Dur\u00e9e de lecture estim\u00e9e\" \/>\n\t<meta name=\"twitter:data1\" content=\"2 minutes\" \/>\n<script type=\"application\/ld+json\" class=\"yoast-schema-graph\">{\"@context\":\"https:\\\/\\\/schema.org\",\"@graph\":[{\"@type\":\"WebPage\",\"@id\":\"https:\\\/\\\/royal-zino.org\\\/fr\\\/app\\\/\",\"url\":\"https:\\\/\\\/royal-zino.org\\\/fr\\\/app\\\/\",\"name\":\"Royalzino App T\u00e9l\u00e9charger | iOS, Android & Bureau\",\"isPartOf\":{\"@id\":\"https:\\\/\\\/royal-zino.org\\\/fr\\\/#website\"},\"datePublished\":\"2026-01-20T12:08:23+00:00\",\"dateModified\":\"2026-03-05T09:04:59+00:00\",\"description\":\"Royalzino App \u2013 t\u00e9l\u00e9chargez l'application pour iOS, Android et bureau pour jouer aux machines \u00e0 sous, jeux de table et casino en direct partout. Profitez de performances fluides et d'un acc\u00e8s complet \u00e0 votre compte avec Royal Zino.\",\"breadcrumb\":{\"@id\":\"https:\\\/\\\/royal-zino.org\\\/fr\\\/app\\\/#breadcrumb\"},\"inLanguage\":\"fr-FR\",\"potentialAction\":[{\"@type\":\"ReadAction\",\"target\":[\"https:\\\/\\\/royal-zino.org\\\/fr\\\/app\\\/\"]}]},{\"@type\":\"BreadcrumbList\",\"@id\":\"https:\\\/\\\/royal-zino.org\\\/fr\\\/app\\\/#breadcrumb\",\"itemListElement\":[{\"@type\":\"ListItem\",\"position\":1,\"name\":\"Royalzino\",\"item\":\"https:\\\/\\\/royal-zino.org\\\/fr\\\/\"},{\"@type\":\"ListItem\",\"position\":2,\"name\":\"App\"}]},{\"@type\":\"WebSite\",\"@id\":\"https:\\\/\\\/royal-zino.org\\\/fr\\\/#website\",\"url\":\"https:\\\/\\\/royal-zino.org\\\/fr\\\/\",\"name\":\"Royalzino\",\"description\":\"\",\"publisher\":{\"@id\":\"https:\\\/\\\/royal-zino.org\\\/fr\\\/#organization\"},\"potentialAction\":[{\"@type\":\"SearchAction\",\"target\":{\"@type\":\"EntryPoint\",\"urlTemplate\":\"https:\\\/\\\/royal-zino.org\\\/fr\\\/?s={search_term_string}\"},\"query-input\":{\"@type\":\"PropertyValueSpecification\",\"valueRequired\":true,\"valueName\":\"search_term_string\"}}],\"inLanguage\":\"fr-FR\"},{\"@type\":\"Organization\",\"@id\":\"https:\\\/\\\/royal-zino.org\\\/fr\\\/#organization\",\"name\":\"Royalzino\",\"url\":\"https:\\\/\\\/royal-zino.org\\\/fr\\\/\",\"logo\":{\"@type\":\"ImageObject\",\"inLanguage\":\"fr-FR\",\"@id\":\"https:\\\/\\\/royal-zino.org\\\/fr\\\/#\\\/schema\\\/logo\\\/image\\\/\",\"url\":\"https:\\\/\\\/royal-zino.org\\\/wp-content\\\/uploads\\\/2026\\\/03\\\/logo-1.png\",\"contentUrl\":\"https:\\\/\\\/royal-zino.org\\\/wp-content\\\/uploads\\\/2026\\\/03\\\/logo-1.png\",\"width\":160,\"height\":32,\"caption\":\"Royalzino\"},\"image\":{\"@id\":\"https:\\\/\\\/royal-zino.org\\\/fr\\\/#\\\/schema\\\/logo\\\/image\\\/\"}}]}<\/script>\n<!-- \/ Yoast SEO plugin. -->","yoast_head_json":{"title":"Royalzino App T\u00e9l\u00e9charger | iOS, Android & Bureau","description":"Royalzino App \u2013 t\u00e9l\u00e9chargez l'application pour iOS, Android et bureau pour jouer aux machines \u00e0 sous, jeux de table et casino en direct partout. Profitez de performances fluides et d'un acc\u00e8s complet \u00e0 votre compte avec Royal Zino.","robots":{"index":"index","follow":"follow","max-snippet":"max-snippet:-1","max-image-preview":"max-image-preview:large","max-video-preview":"max-video-preview:-1"},"canonical":"https:\/\/royal-zino.org\/fr\/app\/","og_locale":"fr_FR","og_type":"article","og_title":"Royalzino App T\u00e9l\u00e9charger | iOS, Android & Bureau","og_description":"Royalzino App \u2013 t\u00e9l\u00e9chargez l'application pour iOS, Android et bureau pour jouer aux machines \u00e0 sous, jeux de table et casino en direct partout. Profitez de performances fluides et d'un acc\u00e8s complet \u00e0 votre compte avec Royal Zino.","og_url":"https:\/\/royal-zino.org\/fr\/app\/","og_site_name":"royalzino","article_modified_time":"2026-03-05T09:04:59+00:00","twitter_card":"summary_large_image","twitter_misc":{"Dur\u00e9e de lecture estim\u00e9e":"2 minutes"},"schema":{"@context":"https:\/\/schema.org","@graph":[{"@type":"WebPage","@id":"https:\/\/royal-zino.org\/fr\/app\/","url":"https:\/\/royal-zino.org\/fr\/app\/","name":"Royalzino App T\u00e9l\u00e9charger | iOS, Android & Bureau","isPartOf":{"@id":"https:\/\/royal-zino.org\/fr\/#website"},"datePublished":"2026-01-20T12:08:23+00:00","dateModified":"2026-03-05T09:04:59+00:00","description":"Royalzino App \u2013 t\u00e9l\u00e9chargez l'application pour iOS, Android et bureau pour jouer aux machines \u00e0 sous, jeux de table et casino en direct partout. Profitez de performances fluides et d'un acc\u00e8s complet \u00e0 votre compte avec Royal Zino.","breadcrumb":{"@id":"https:\/\/royal-zino.org\/fr\/app\/#breadcrumb"},"inLanguage":"fr-FR","potentialAction":[{"@type":"ReadAction","target":["https:\/\/royal-zino.org\/fr\/app\/"]}]},{"@type":"BreadcrumbList","@id":"https:\/\/royal-zino.org\/fr\/app\/#breadcrumb","itemListElement":[{"@type":"ListItem","position":1,"name":"Royalzino","item":"https:\/\/royal-zino.org\/fr\/"},{"@type":"ListItem","position":2,"name":"App"}]},{"@type":"WebSite","@id":"https:\/\/royal-zino.org\/fr\/#website","url":"https:\/\/royal-zino.org\/fr\/","name":"Royalzino","description":"","publisher":{"@id":"https:\/\/royal-zino.org\/fr\/#organization"},"potentialAction":[{"@type":"SearchAction","target":{"@type":"EntryPoint","urlTemplate":"https:\/\/royal-zino.org\/fr\/?s={search_term_string}"},"query-input":{"@type":"PropertyValueSpecification","valueRequired":true,"valueName":"search_term_string"}}],"inLanguage":"fr-FR"},{"@type":"Organization","@id":"https:\/\/royal-zino.org\/fr\/#organization","name":"Royalzino","url":"https:\/\/royal-zino.org\/fr\/","logo":{"@type":"ImageObject","inLanguage":"fr-FR","@id":"https:\/\/royal-zino.org\/fr\/#\/schema\/logo\/image\/","url":"https:\/\/royal-zino.org\/wp-content\/uploads\/2026\/03\/logo-1.png","contentUrl":"https:\/\/royal-zino.org\/wp-content\/uploads\/2026\/03\/logo-1.png","width":160,"height":32,"caption":"Royalzino"},"image":{"@id":"https:\/\/royal-zino.org\/fr\/#\/schema\/logo\/image\/"}}]}},"_links":{"self":[{"href":"https:\/\/royal-zino.org\/fr\/wp-json\/wp\/v2\/pages\/1440","targetHints":{"allow":["GET"]}}],"collection":[{"href":"https:\/\/royal-zino.org\/fr\/wp-json\/wp\/v2\/pages"}],"about":[{"href":"https:\/\/royal-zino.org\/fr\/wp-json\/wp\/v2\/types\/page"}],"author":[{"embeddable":true,"href":"https:\/\/royal-zino.org\/fr\/wp-json\/wp\/v2\/users\/1"}],"replies":[{"embeddable":true,"href":"https:\/\/royal-zino.org\/fr\/wp-json\/wp\/v2\/comments?post=1440"}],"version-history":[{"count":4,"href":"https:\/\/royal-zino.org\/fr\/wp-json\/wp\/v2\/pages\/1440\/revisions"}],"predecessor-version":[{"id":2061,"href":"https:\/\/royal-zino.org\/fr\/wp-json\/wp\/v2\/pages\/1440\/revisions\/2061"}],"wp:attachment":[{"href":"https:\/\/royal-zino.org\/fr\/wp-json\/wp\/v2\/media?parent=1440"}],"curies":[{"name":"wp","href":"https:\/\/api.w.org\/{rel}","templated":true}]}}