{"id":1482,"date":"2026-01-20T12:11:11","date_gmt":"2026-01-20T12:11:11","guid":{"rendered":"https:\/\/bonuskongcasino.com\/login-and-registration\/"},"modified":"2026-03-05T09:07:23","modified_gmt":"2026-03-05T09:07:23","slug":"connexion-et-inscription","status":"publish","type":"page","link":"https:\/\/royal-zino.org\/fr\/connexion-et-inscription\/","title":{"rendered":"Connexion et inscription"},"content":{"rendered":"<h1>Connexion et inscription au compte Royalzino Casino<\/h1>\n<p>La fonctionnalit\u00e9 de Royalzino login permet \u00e0 tous les joueurs d&rsquo;acc\u00e9der \u00e0 une large gamme de produits de jeu, \u00e0 des offres exclusives et \u00e0 des fonctionnalit\u00e9s personnalis\u00e9es dans notre casino. Royalzino Casino est un acteur de premier plan en termes de s\u00e9curit\u00e9, de commodit\u00e9 et d&rsquo;outils innovants pour les jeux num\u00e9riques ind\u00e9pendants. Nous sommes heureux d&rsquo;offrir \u00e0 tous les joueurs un acc\u00e8s facile \u00e0 notre plateforme, afin que tous les utilisateurs puissent consid\u00e9rer notre casino comme leur premier choix pour vivre une exp\u00e9rience de casino en ligne stable et fascinante.<\/p>\n<p><div class=\"banner-wrap\" aria-label=\"Banner\"><img src=\"https:\/\/royal-zino.org\/wp-content\/uploads\/2026\/03\/royalzino-bnr-static-pc.webp\" class=\"w-100 d-none d-lg-block img-pc main-banner-img\" alt=\"royalzino banner pc\" fetchpriority=\"high\" decoding=\"async\"><img src=\"https:\/\/royal-zino.org\/wp-content\/uploads\/2026\/03\/royalzino-banner-mobile.webp\" class=\"w-100 d-none d-md-block d-lg-none main-banner-img\" alt=\"royalzino banner mobile\" fetchpriority=\"high\" decoding=\"async\"><img src=\"https:\/\/royal-zino.org\/wp-content\/uploads\/2026\/03\/royalzino-banner-mobile.webp\" class=\"w-100 d-md-none\" alt=\"royalzino banner mobile\" fetchpriority=\"high\" decoding=\"async\"><div class=\"banner-description\">\n<div class=\"banner-title\">Bonus de bienvenue<\/div>\n<p class=\"banner-header-title\">1500 \u20ac<\/p>\n<div class=\"banner-header-AdditionalText\">+ 250 Tours gratuits<\/div>\n<button data-item=\"homepage_banner_link\" class=\"goto m-button m-gradient-border m-button--primary m-button--large banner-button btn-orange\">\n            <div class=\"m-button-content\">\n                <span>Inscrivez-vous d\u00e8s maintenant<\/span>\n                <span><\/span>\n            <\/div>\n        <\/button>\n<\/div>\n<div class=\"WelcomePack\">\n<p><img loading=\"lazy\" decoding=\"async\" class=\"alignnone size-full wp-image-1869\" src=\"https:\/\/royal-zino.org\/wp-content\/uploads\/2026\/03\/welcome-crown.png\" alt=\"welcome crown\" width=\"25\" height=\"26\" \/><\/p>\n<div class=\"WelcomePack-Info\">Cashback hebdomadaire jusqu&rsquo;\u00e0 25 %<\/div>\n<p><img loading=\"lazy\" decoding=\"async\" class=\"alignnone size-full wp-image-1869\" src=\"https:\/\/royal-zino.org\/wp-content\/uploads\/2026\/03\/welcome-crown.png\" alt=\"welcome crown\" width=\"25\" height=\"26\" \/><\/p>\n<\/div>\n<\/div><div class=\"scrollable-content-wrap my-5\"><div class=\"scrollable-content-inner\"><h2>Inscription d&rsquo;un nouvel utilisateur sur Royalzino Casino<\/h2>\n<p>Il est \u00e9galement relativement simple de cr\u00e9er un compte Royalzino Casino, qui donnerait aux nouveaux joueurs un acc\u00e8s imm\u00e9diat \u00e0 l&rsquo;ensemble de notre biblioth\u00e8que de jeux. Pour s&rsquo;inscrire de mani\u00e8re ind\u00e9pendante, les utilisateurs doivent suivre quelques \u00e9tapes simples afin de s&rsquo;assurer que leur compte est s\u00e9curis\u00e9 et correctement configur\u00e9.<\/p>\n<p><img loading=\"lazy\" decoding=\"async\" class=\"alignnone size-full wp-image-1951\" src=\"https:\/\/royal-zino.org\/wp-content\/uploads\/2026\/03\/Royalzino-login-page.webp\" alt=\"Royalzino login page\" width=\"1248\" height=\"536\" srcset=\"https:\/\/royal-zino.org\/wp-content\/uploads\/2026\/03\/Royalzino-login-page.webp 1248w, https:\/\/royal-zino.org\/wp-content\/uploads\/2026\/03\/Royalzino-login-page-300x129.webp 300w, https:\/\/royal-zino.org\/wp-content\/uploads\/2026\/03\/Royalzino-login-page-1024x440.webp 1024w, https:\/\/royal-zino.org\/wp-content\/uploads\/2026\/03\/Royalzino-login-page-768x330.webp 768w\" sizes=\"auto, (max-width: 1248px) 100vw, 1248px\" \/><\/p>\n<h3>Comment cr\u00e9er soi-m\u00eame un compte Royal Zino Casino<\/h3>\n<p>D\u00e9composons l&rsquo;ensemble du processus en \u00e9tapes simples :<\/p>\n<ol>\n<li>Cliquez d&rsquo;abord sur la page principale de Royal Zino Casino et remplissez le formulaire.<\/li>\n<li>La page d&rsquo;accueil comporte un bouton \u00ab S&rsquo;inscrire \u00bb clairement visible. Lorsque vous cliquez dessus, le processus d&rsquo;inscription d\u00e9marre.<\/li>\n<li>Il vous sera alors demand\u00e9 de saisir les informations n\u00e9cessaires, \u00e0 savoir une adresse e-mail qui servira d&rsquo;identifiant principal pour vous connecter \u00e0 Royalzino.<\/li>\n<li>Vous devrez ensuite choisir un mot de passe fort, unique et conforme aux normes de s\u00e9curit\u00e9. Cela garantit qu&rsquo;aucun acc\u00e8s non autoris\u00e9 ne sera effectu\u00e9 sur votre compte.<\/li>\n<li>Nous pouvons \u00e9galement vous demander d&rsquo;indiquer votre nom d&rsquo;utilisateur pr\u00e9f\u00e9r\u00e9 dans le formulaire d&rsquo;inscription et d&rsquo;accepter les conditions g\u00e9n\u00e9rales de la plateforme (cochez la case apr\u00e8s les avoir lues).<\/li>\n<li>Il existe \u00e9galement une option d&rsquo;inscription avec un champ pour les codes promotionnels, qui peuvent \u00eatre utilis\u00e9s pour am\u00e9liorer l&rsquo;exp\u00e9rience de jeu initiale, notamment gr\u00e2ce \u00e0 des bonus sp\u00e9ciaux ou des tours gratuits.<\/li>\n<\/ol>\n<p>Une fois ces \u00e9tapes termin\u00e9es, vous recevrez un e-mail de confirmation. Veuillez activer votre compte en cliquant sur le lien fourni. Une fois votre compte cr\u00e9\u00e9, vous pouvez vous connecter \u00e0 Royalzino \u00e0 tout moment afin d&rsquo;utiliser toutes les fonctionnalit\u00e9s de la plateforme, telles que les d\u00e9p\u00f4ts, les retraits et les jeux.<\/p>\n<h2>Connexion \u00e0 Royalzino<\/h2>\n<p>La connexion \u00e0 Royalzino doit \u00eatre rapide et s\u00e9curis\u00e9e. Il suffit de se rendre sur la page d&rsquo;accueil et de trouver la section de connexion. Vous pouvez utiliser votre adresse e-mail et votre mot de passe enregistr\u00e9s pour acc\u00e9der instantan\u00e9ment au tableau de bord de votre compte.<\/p>\n<p>Nous autorisons \u00e9galement l&rsquo;utilisation des comptes tiers de Google comme option de connexion, pour votre plus grand confort ! De cette fa\u00e7on, les utilisateurs peuvent se connecter imm\u00e9diatement \u00e0 Royalzino sans avoir \u00e0 m\u00e9moriser de mots de passe suppl\u00e9mentaires, ce qui facilite l&rsquo;utilisation et garantit une s\u00e9curit\u00e9 optimale. Nous vous invitons \u00e0 essayer cette m\u00e9thode de connexion, qui a re\u00e7u de nombreux commentaires positifs de la part de nos joueurs.<\/p>\n<h3>Que faire si j&rsquo;oublie mon mot de passe ?<\/h3>\n<p>Royalzino propose une option de r\u00e9cup\u00e9ration de mot de passe facile \u00e0 utiliser si vous perdez votre mot de passe. Sur la page de connexion de Royalzino, s\u00e9lectionnez l&rsquo;option \u00ab Mot de passe oubli\u00e9 ? \u00bb. Il vous sera alors demand\u00e9 de saisir votre adresse e-mail enregistr\u00e9e.<\/p>\n<p>Nous vous enverrons un e-mail pour vous aider \u00e0 r\u00e9cup\u00e9rer vos identifiants Royalzino Casino perdus, \u00e0 savoir votre adresse e-mail et votre mot de passe. Si vous ne recevez pas d&rsquo;e-mail de notre part, cela signifie que cela n&rsquo;a pas fonctionn\u00e9. V\u00e9rifiez votre dossier spam, il se trouve peut-\u00eatre l\u00e0. Lisez l&rsquo;e-mail et cliquez sur le lien pour cr\u00e9er un nouveau mot de passe afin que votre compte soit s\u00e9curis\u00e9 et pratique.<\/p>\n<h2>Proc\u00e9dure KYC au Royal Zino Casino<\/h2>\n<p>Au Royalzino Casino, nous avons pour politique stricte de v\u00e9rifier chaque joueur qui entre dans notre \u00e9tablissement. Le processus de v\u00e9rification KYC (Know Your Customer) est important car vous, en tant que joueur, souhaitez \u00e9galement passer des heures dans un environnement s\u00fbr, entour\u00e9 de vraies personnes, et non de faux robots.<\/p>\n<p>La proc\u00e9dure de v\u00e9rification n&rsquo;est en r\u00e9alit\u00e9 pas longue : nous pouvons v\u00e9rifier vos documents en 1 \u00e0 2 jours, voire plus rapidement. Cela d\u00e9pend de la personne. Nous avons parfois des questions suppl\u00e9mentaires si quelque chose nous pr\u00e9occupe. Ne vous inqui\u00e9tez pas si vous recevez un e-mail ou un appel de notre part, c&rsquo;est pour votre propre s\u00e9curit\u00e9. Alors, de quels documents Royal Zino Casino a-t-il besoin ?<\/p>\n<ol>\n<li>Une copie de votre passeport avec toutes les informations importantes concernant votre identit\u00e9.<\/li>\n<li>Des factures de services publics pour prouver votre adresse r\u00e9sidentielle et votre capacit\u00e9 \u00e0 payer les d\u00e9penses de base.<\/li>\n<\/ol>\n<p>Une fois que nous avons re\u00e7u vos documents, vous pouvez les t\u00e9l\u00e9charger sur votre tableau de bord Royalzino Casino. Nous prendrons le temps de tout examiner minutieusement. Veuillez patienter, car nous avons de nombreux joueurs \u00e0 v\u00e9rifier. Une fois que nous avons conclu que tout est en ordre, vous recevez une notification de Royalzino Casino et vous pouvez agir en toute libert\u00e9 ici : vous pouvez d\u00e9poser et retirer des sommes d&rsquo;argent sans restriction, jouer \u00e0 tous les types de jeux et vous amuser.<\/p>\n<table>\n<tbody>\n<tr>\n<td>Comment la v\u00e9rification vous aide<\/td>\n<td>Explication<\/td>\n<\/tr>\n<tr>\n<td>\u00c9vitez les restrictions d&rsquo;acc\u00e8s \u00e0 vos fonds<\/td>\n<td>Vous pourrez d\u00e9poser ou retirer de l&rsquo;argent une fois votre compte v\u00e9rifi\u00e9.<\/td>\n<\/tr>\n<tr>\n<td>Supprimer les restrictions sur les options de jeu<\/td>\n<td>Apr\u00e8s la v\u00e9rification KYC, vous ne serez plus limit\u00e9 dans votre acc\u00e8s \u00e0 certains jeux ou \u00e0 toutes les fonctionnalit\u00e9s du casino en ligne.<\/td>\n<\/tr>\n<tr>\n<td>Possibilit\u00e9 de retirer vos gains<\/td>\n<td>Apr\u00e8s v\u00e9rification, vous pouvez retirer tous vos gains ou le solde de votre compte.<\/td>\n<\/tr>\n<tr>\n<td>\u00c9vitez le risque de suspension de votre compte<\/td>\n<td>Le casino ne limitera ni ne suspendra votre compte pour non-respect des politiques.<\/td>\n<\/tr>\n<tr>\n<td>Acc\u00e8s \u00e0 tous les avantages du compte<\/td>\n<td>Les bonus, promotions et privil\u00e8ges complets du compte peuvent \u00eatre disponibles apr\u00e8s v\u00e9rification.<\/td>\n<\/tr>\n<tr>\n<td>\u00c9limination des risques potentiels pour la s\u00e9curit\u00e9<\/td>\n<td>Apr\u00e8s v\u00e9rification, votre compte sera prot\u00e9g\u00e9 contre la fraude ou tout acc\u00e8s non autoris\u00e9.<\/td>\n<\/tr>\n<tr>\n<td>\u00c9viter d&rsquo;\u00e9ventuelles restrictions futures<\/td>\n<td>Le casino n&rsquo;imposera aucune restriction et ne fermera aucun compte qui n&rsquo;aura pas \u00e9t\u00e9 v\u00e9rifi\u00e9.<\/td>\n<\/tr>\n<\/tbody>\n<\/table>\n<h2>FAQ<\/h2>\n<h3>Comment puis-je me connecter facilement \u00e0 Royalzino ?<\/h3>\n<p>La connexion \u00e0 Royalzino sur notre plateforme est tr\u00e8s rapide, on ne peut pas faire plus simple ! Dans la section de connexion (coin sup\u00e9rieur droit), vous pouvez choisir l&rsquo;option de connexion avec Google. Recherchez le petit bouton \u00ab Ou connectez-vous avec Google \u00bb et utilisez simplement votre adresse Gmail pour vous connecter. Une fois connect\u00e9, vous pouvez utiliser toutes les fonctionnalit\u00e9s, telles que les bonus et les jeux en direct.<\/p>\n<h3>Comment puis-je supprimer mon compte ?<\/h3>\n<p>Comme tout casino r\u00e9put\u00e9, nous pouvons vous aider \u00e0 fermer votre compte. Si vous souhaitez d\u00e9sactiver votre compte Royalzino, envoyez un message \u00e0 l&rsquo;\u00e9quipe d&rsquo;assistance via le chat en direct ou par e-mail. L&rsquo;\u00e9quipe d&rsquo;assistance vous guidera tout au long de cette proc\u00e9dure, qui comprend la v\u00e9rification de votre identit\u00e9 pour des raisons de s\u00e9curit\u00e9. Nous supprimons les comptes de mani\u00e8re efficace et s\u00e9curis\u00e9e et effa\u00e7ons toutes les donn\u00e9es de nos syst\u00e8mes.<\/p>\n<h3>Quelle est la proc\u00e9dure \u00e0 suivre pour mettre \u00e0 jour les informations de mon compte ?<\/h3>\n<p>Apr\u00e8s le processus de v\u00e9rification, tout le monde peut facilement acc\u00e9der \u00e0 la section de gestion du compte. Dans ce cas, ils pourront modifier leurs donn\u00e9es personnelles, leurs coordonn\u00e9es et leurs modes de paiement. Si vous modifiez tout, veillez \u00e0 cr\u00e9er un mot de passe plus fort. De mani\u00e8re g\u00e9n\u00e9rale, il est toujours bon d&rsquo;am\u00e9liorer la s\u00e9curit\u00e9 de votre compte Royal Zino Casino.<\/p>\n<\/div><\/div><\/p>\n","protected":false},"excerpt":{"rendered":"<p>Connexion et inscription au compte Royalzino Casino La fonctionnalit\u00e9 de Royalzino login permet \u00e0 tous les joueurs d&rsquo;acc\u00e9der \u00e0 une large gamme de produits de jeu, \u00e0 des offres exclusives et \u00e0 des fonctionnalit\u00e9s personnalis\u00e9es dans notre casino. Royalzino Casino est un acteur de premier plan en termes de s\u00e9curit\u00e9, de commodit\u00e9 et d&rsquo;outils innovants [&hellip;]<\/p>\n","protected":false},"author":1,"featured_media":0,"parent":0,"menu_order":0,"comment_status":"closed","ping_status":"closed","template":"template-builder.php","meta":{"_acf_changed":false,"inline_featured_image":false,"footnotes":""},"class_list":["post-1482","page","type-page","status-publish","hentry"],"acf":[],"yoast_head":"<!-- This site is optimized with the Yoast SEO plugin v27.3 - https:\/\/yoast.com\/product\/yoast-seo-wordpress\/ -->\n<title>Royalzino Connexion \u2013 Inscription avec Acc\u00e8s S\u00e9curis\u00e9<\/title>\n<meta name=\"description\" content=\"Royalzino Connexion \u2013 connectez-vous en toute s\u00e9curit\u00e9 ou inscrivez-vous en quelques secondes avec un acc\u00e8s crypt\u00e9 et une v\u00e9rification rapide. G\u00e9rez la r\u00e9cup\u00e9ration de mot de passe, les param\u00e8tres de profil et les outils de compte facilement chez Royal Zino.\" \/>\n<meta name=\"robots\" content=\"index, follow, max-snippet:-1, max-image-preview:large, max-video-preview:-1\" \/>\n<link rel=\"canonical\" href=\"https:\/\/royal-zino.org\/fr\/connexion-et-inscription\/\" \/>\n<meta property=\"og:locale\" content=\"fr_FR\" \/>\n<meta property=\"og:type\" content=\"article\" \/>\n<meta property=\"og:title\" content=\"Royalzino Connexion \u2013 Inscription avec Acc\u00e8s S\u00e9curis\u00e9\" \/>\n<meta property=\"og:description\" content=\"Royalzino Connexion \u2013 connectez-vous en toute s\u00e9curit\u00e9 ou inscrivez-vous en quelques secondes avec un acc\u00e8s crypt\u00e9 et une v\u00e9rification rapide. G\u00e9rez la r\u00e9cup\u00e9ration de mot de passe, les param\u00e8tres de profil et les outils de compte facilement chez Royal Zino.\" \/>\n<meta property=\"og:url\" content=\"https:\/\/royal-zino.org\/fr\/connexion-et-inscription\/\" \/>\n<meta property=\"og:site_name\" content=\"royalzino\" \/>\n<meta property=\"article:modified_time\" content=\"2026-03-05T09:07:23+00:00\" \/>\n<meta name=\"twitter:card\" content=\"summary_large_image\" \/>\n<meta name=\"twitter:label1\" content=\"Dur\u00e9e de lecture estim\u00e9e\" \/>\n\t<meta name=\"twitter:data1\" content=\"1 minute\" \/>\n<script type=\"application\/ld+json\" class=\"yoast-schema-graph\">{\"@context\":\"https:\\\/\\\/schema.org\",\"@graph\":[{\"@type\":\"WebPage\",\"@id\":\"https:\\\/\\\/royal-zino.org\\\/fr\\\/connexion-et-inscription\\\/\",\"url\":\"https:\\\/\\\/royal-zino.org\\\/fr\\\/connexion-et-inscription\\\/\",\"name\":\"Royalzino Connexion \u2013 Inscription avec Acc\u00e8s S\u00e9curis\u00e9\",\"isPartOf\":{\"@id\":\"https:\\\/\\\/royal-zino.org\\\/fr\\\/#website\"},\"datePublished\":\"2026-01-20T12:11:11+00:00\",\"dateModified\":\"2026-03-05T09:07:23+00:00\",\"description\":\"Royalzino Connexion \u2013 connectez-vous en toute s\u00e9curit\u00e9 ou inscrivez-vous en quelques secondes avec un acc\u00e8s crypt\u00e9 et une v\u00e9rification rapide. G\u00e9rez la r\u00e9cup\u00e9ration de mot de passe, les param\u00e8tres de profil et les outils de compte facilement chez Royal Zino.\",\"breadcrumb\":{\"@id\":\"https:\\\/\\\/royal-zino.org\\\/fr\\\/connexion-et-inscription\\\/#breadcrumb\"},\"inLanguage\":\"fr-FR\",\"potentialAction\":[{\"@type\":\"ReadAction\",\"target\":[\"https:\\\/\\\/royal-zino.org\\\/fr\\\/connexion-et-inscription\\\/\"]}]},{\"@type\":\"BreadcrumbList\",\"@id\":\"https:\\\/\\\/royal-zino.org\\\/fr\\\/connexion-et-inscription\\\/#breadcrumb\",\"itemListElement\":[{\"@type\":\"ListItem\",\"position\":1,\"name\":\"Royalzino\",\"item\":\"https:\\\/\\\/royal-zino.org\\\/fr\\\/\"},{\"@type\":\"ListItem\",\"position\":2,\"name\":\"Connexion et inscription\"}]},{\"@type\":\"WebSite\",\"@id\":\"https:\\\/\\\/royal-zino.org\\\/fr\\\/#website\",\"url\":\"https:\\\/\\\/royal-zino.org\\\/fr\\\/\",\"name\":\"Royalzino\",\"description\":\"\",\"publisher\":{\"@id\":\"https:\\\/\\\/royal-zino.org\\\/fr\\\/#organization\"},\"potentialAction\":[{\"@type\":\"SearchAction\",\"target\":{\"@type\":\"EntryPoint\",\"urlTemplate\":\"https:\\\/\\\/royal-zino.org\\\/fr\\\/?s={search_term_string}\"},\"query-input\":{\"@type\":\"PropertyValueSpecification\",\"valueRequired\":true,\"valueName\":\"search_term_string\"}}],\"inLanguage\":\"fr-FR\"},{\"@type\":\"Organization\",\"@id\":\"https:\\\/\\\/royal-zino.org\\\/fr\\\/#organization\",\"name\":\"Royalzino\",\"url\":\"https:\\\/\\\/royal-zino.org\\\/fr\\\/\",\"logo\":{\"@type\":\"ImageObject\",\"inLanguage\":\"fr-FR\",\"@id\":\"https:\\\/\\\/royal-zino.org\\\/fr\\\/#\\\/schema\\\/logo\\\/image\\\/\",\"url\":\"https:\\\/\\\/royal-zino.org\\\/wp-content\\\/uploads\\\/2026\\\/03\\\/logo-1.png\",\"contentUrl\":\"https:\\\/\\\/royal-zino.org\\\/wp-content\\\/uploads\\\/2026\\\/03\\\/logo-1.png\",\"width\":160,\"height\":32,\"caption\":\"Royalzino\"},\"image\":{\"@id\":\"https:\\\/\\\/royal-zino.org\\\/fr\\\/#\\\/schema\\\/logo\\\/image\\\/\"}}]}<\/script>\n<!-- \/ Yoast SEO plugin. -->","yoast_head_json":{"title":"Royalzino Connexion \u2013 Inscription avec Acc\u00e8s S\u00e9curis\u00e9","description":"Royalzino Connexion \u2013 connectez-vous en toute s\u00e9curit\u00e9 ou inscrivez-vous en quelques secondes avec un acc\u00e8s crypt\u00e9 et une v\u00e9rification rapide. G\u00e9rez la r\u00e9cup\u00e9ration de mot de passe, les param\u00e8tres de profil et les outils de compte facilement chez Royal Zino.","robots":{"index":"index","follow":"follow","max-snippet":"max-snippet:-1","max-image-preview":"max-image-preview:large","max-video-preview":"max-video-preview:-1"},"canonical":"https:\/\/royal-zino.org\/fr\/connexion-et-inscription\/","og_locale":"fr_FR","og_type":"article","og_title":"Royalzino Connexion \u2013 Inscription avec Acc\u00e8s S\u00e9curis\u00e9","og_description":"Royalzino Connexion \u2013 connectez-vous en toute s\u00e9curit\u00e9 ou inscrivez-vous en quelques secondes avec un acc\u00e8s crypt\u00e9 et une v\u00e9rification rapide. G\u00e9rez la r\u00e9cup\u00e9ration de mot de passe, les param\u00e8tres de profil et les outils de compte facilement chez Royal Zino.","og_url":"https:\/\/royal-zino.org\/fr\/connexion-et-inscription\/","og_site_name":"royalzino","article_modified_time":"2026-03-05T09:07:23+00:00","twitter_card":"summary_large_image","twitter_misc":{"Dur\u00e9e de lecture estim\u00e9e":"1 minute"},"schema":{"@context":"https:\/\/schema.org","@graph":[{"@type":"WebPage","@id":"https:\/\/royal-zino.org\/fr\/connexion-et-inscription\/","url":"https:\/\/royal-zino.org\/fr\/connexion-et-inscription\/","name":"Royalzino Connexion \u2013 Inscription avec Acc\u00e8s S\u00e9curis\u00e9","isPartOf":{"@id":"https:\/\/royal-zino.org\/fr\/#website"},"datePublished":"2026-01-20T12:11:11+00:00","dateModified":"2026-03-05T09:07:23+00:00","description":"Royalzino Connexion \u2013 connectez-vous en toute s\u00e9curit\u00e9 ou inscrivez-vous en quelques secondes avec un acc\u00e8s crypt\u00e9 et une v\u00e9rification rapide. G\u00e9rez la r\u00e9cup\u00e9ration de mot de passe, les param\u00e8tres de profil et les outils de compte facilement chez Royal Zino.","breadcrumb":{"@id":"https:\/\/royal-zino.org\/fr\/connexion-et-inscription\/#breadcrumb"},"inLanguage":"fr-FR","potentialAction":[{"@type":"ReadAction","target":["https:\/\/royal-zino.org\/fr\/connexion-et-inscription\/"]}]},{"@type":"BreadcrumbList","@id":"https:\/\/royal-zino.org\/fr\/connexion-et-inscription\/#breadcrumb","itemListElement":[{"@type":"ListItem","position":1,"name":"Royalzino","item":"https:\/\/royal-zino.org\/fr\/"},{"@type":"ListItem","position":2,"name":"Connexion et inscription"}]},{"@type":"WebSite","@id":"https:\/\/royal-zino.org\/fr\/#website","url":"https:\/\/royal-zino.org\/fr\/","name":"Royalzino","description":"","publisher":{"@id":"https:\/\/royal-zino.org\/fr\/#organization"},"potentialAction":[{"@type":"SearchAction","target":{"@type":"EntryPoint","urlTemplate":"https:\/\/royal-zino.org\/fr\/?s={search_term_string}"},"query-input":{"@type":"PropertyValueSpecification","valueRequired":true,"valueName":"search_term_string"}}],"inLanguage":"fr-FR"},{"@type":"Organization","@id":"https:\/\/royal-zino.org\/fr\/#organization","name":"Royalzino","url":"https:\/\/royal-zino.org\/fr\/","logo":{"@type":"ImageObject","inLanguage":"fr-FR","@id":"https:\/\/royal-zino.org\/fr\/#\/schema\/logo\/image\/","url":"https:\/\/royal-zino.org\/wp-content\/uploads\/2026\/03\/logo-1.png","contentUrl":"https:\/\/royal-zino.org\/wp-content\/uploads\/2026\/03\/logo-1.png","width":160,"height":32,"caption":"Royalzino"},"image":{"@id":"https:\/\/royal-zino.org\/fr\/#\/schema\/logo\/image\/"}}]}},"_links":{"self":[{"href":"https:\/\/royal-zino.org\/fr\/wp-json\/wp\/v2\/pages\/1482","targetHints":{"allow":["GET"]}}],"collection":[{"href":"https:\/\/royal-zino.org\/fr\/wp-json\/wp\/v2\/pages"}],"about":[{"href":"https:\/\/royal-zino.org\/fr\/wp-json\/wp\/v2\/types\/page"}],"author":[{"embeddable":true,"href":"https:\/\/royal-zino.org\/fr\/wp-json\/wp\/v2\/users\/1"}],"replies":[{"embeddable":true,"href":"https:\/\/royal-zino.org\/fr\/wp-json\/wp\/v2\/comments?post=1482"}],"version-history":[{"count":3,"href":"https:\/\/royal-zino.org\/fr\/wp-json\/wp\/v2\/pages\/1482\/revisions"}],"predecessor-version":[{"id":2063,"href":"https:\/\/royal-zino.org\/fr\/wp-json\/wp\/v2\/pages\/1482\/revisions\/2063"}],"wp:attachment":[{"href":"https:\/\/royal-zino.org\/fr\/wp-json\/wp\/v2\/media?parent=1482"}],"curies":[{"name":"wp","href":"https:\/\/api.w.org\/{rel}","templated":true}]}}