{"id":1445,"date":"2026-01-20T12:08:23","date_gmt":"2026-01-20T12:08:23","guid":{"rendered":"https:\/\/bonuskongcasino.com\/app\/"},"modified":"2026-03-05T09:44:21","modified_gmt":"2026-03-05T09:44:21","slug":"applicazione","status":"publish","type":"page","link":"https:\/\/royal-zino.org\/it\/applicazione\/","title":{"rendered":"Applicazione"},"content":{"rendered":"<h1>Piattaforma mobile Royalzino Casino<\/h1>\n<p>Royalzino app \u00e8 la nostra migliore idea per offrire ai nostri giocatori italiani mobilit\u00e0 e soluzioni altamente tecnologiche. L&#8217;app \u00e8 basata sulle ultime tecnologie e garantisce ai consumatori un&#8217;esperienza fluida, affidabile e interessante su vari dispositivi. Royalzino Casino \u00e8 molto mobile. \u00c8 uno standard per gli appassionati di giochi in movimento.<\/p>\n<div class=\"banner-wrap\" aria-label=\"Banner\"><img src=\"https:\/\/royal-zino.org\/wp-content\/uploads\/2026\/03\/royalzino-bnr-static-pc.webp\" class=\"w-100 d-none d-lg-block img-pc main-banner-img\" alt=\"royalzino banner pc\" fetchpriority=\"high\" decoding=\"async\"><img src=\"https:\/\/royal-zino.org\/wp-content\/uploads\/2026\/03\/royalzino-banner-mobile.webp\" class=\"w-100 d-none d-md-block d-lg-none main-banner-img\" alt=\"royalzino banner mobile\" fetchpriority=\"high\" decoding=\"async\"><img src=\"https:\/\/royal-zino.org\/wp-content\/uploads\/2026\/03\/royalzino-banner-mobile.webp\" class=\"w-100 d-md-none\" alt=\"royalzino banner mobile\" fetchpriority=\"high\" decoding=\"async\"><div class=\"banner-description\">\n<div class=\"banner-title\">Bonus di benvenuto<\/div>\n<p class=\"banner-header-title\">1500 \u20ac<\/p>\n<div class=\"banner-header-AdditionalText\">+ 250 Giri gratuiti<\/div>\n<button data-item=\"homepage_banner_link\" class=\"goto m-button m-gradient-border m-button--primary m-button--large banner-button btn-orange\">\n            <div class=\"m-button-content\">\n                <span>Iscriviti ora<\/span>\n                <span><\/span>\n            <\/div>\n        <\/button>\n<\/div>\n<div class=\"WelcomePack\">\n<p><img loading=\"lazy\" decoding=\"async\" class=\"alignnone size-full wp-image-1872\" src=\"https:\/\/royal-zino.org\/wp-content\/uploads\/2026\/03\/welcome-crown.png\" alt=\"welcome crown\" width=\"25\" height=\"26\" \/><\/p>\n<div class=\"WelcomePack-Info\">Cashback settimanale fino al 25%<\/div>\n<p><img loading=\"lazy\" decoding=\"async\" class=\"alignnone size-full wp-image-1872\" src=\"https:\/\/royal-zino.org\/wp-content\/uploads\/2026\/03\/welcome-crown.png\" alt=\"welcome crown\" width=\"25\" height=\"26\" \/><\/p>\n<\/div>\n<\/div>\n<h2>Utilizza Royalzino sul tuo cellulare<\/h2>\n<p>Il gioco mobile di Royalzino Casino \u00e8 una rivoluzione! La nostra app offre numerosi vantaggi rispetto alla versione desktop. Il portale mobile \u00e8 veloce, reattivo e intuitivo. I giocatori possono prendere il proprio telefono e cliccare su Royal Zino ogni volta che hanno un minuto libero da dedicare al gioco d&#8217;azzardo.<\/p>\n<p>Siamo sempre a portata di mano con slot online, giochi con croupier dal vivo e altri giochi da casin\u00f2. L&#8217;interfaccia \u00e8 molto intuitiva e tutte le sezioni sono disponibili nella PWA proprio come sul nostro desktop. \u00c8 facile navigare e accedere immediatamente alla libreria completa di giochi (pi\u00f9 di 6.000 fantastici giochi, riesci a immaginarlo?), alle promozioni e agli strumenti di gestione dell&#8217;account.<\/p>\n<p>L&#8217;app Royalzino offre un&#8217;esperienza pi\u00f9 fluida anche se stai giocando sul tuo personal computer. Si carica pi\u00f9 velocemente, ha controlli pi\u00f9 semplici e richiede meno configurazioni. \u00c8 priva di aggiornamenti e installazioni massicci, il che consente ai giocatori di concentrarsi solo sul loro gioco, ovunque e in qualsiasi momento. Si tratta di una flessibilit\u00e0 perfetta, in quanto il giocatore pu\u00f2 godere della comodit\u00e0 senza che ci\u00f2 ostacoli l&#8217;esperienza di gioco.<\/p>\n<p><div class=\"scrollable-content-wrap my-5\"><div class=\"scrollable-content-inner\"><h2>App mobile Royalzino per Android<\/h2>\n<p>L&#8217;app Royalzino \u00e8 una Progressive Web App (PWA) e non un file APK, quindi gli utenti Android hanno una serie di opportunit\u00e0.<\/p>\n<p>I vantaggi della versione PWA di Royal Zino:<\/p>\n<ul>\n<li>La nostra versione Progressive Web App ha un browser mobile diretto in Chrome e Firefox. Immaginatela come una combinazione tra un sito web e un&#8217;applicazione che offre un accesso veloce e sicuro e non richiede il download.<\/li>\n<li>L&#8217;app Royalzino \u00e8 progettata per caricarsi rapidamente, aggiornarsi automaticamente e funzionare con diversi dispositivi Android. L&#8217;esperienza di gioco \u00e8 simile a quella di un casin\u00f2 reale, quindi non ve ne pentirete, ve lo promettiamo.<\/li>\n<li>Il design leggero significa meno spazio di archiviazione sul tuo cellulare (ottima notizia per chi ha bisogno di tutto lo spazio per le foto!) e facilit\u00e0 di accesso a funzioni come la chat dal vivo, il contatto con il team di assistenza e il processo di verifica.<\/li>\n<\/ul>\n<p>Per concludere, l&#8217;app Royalzino \u00e8 il modo consigliato per accedere al casin\u00f2 sui dispositivi Android grazie alla sua maggiore sicurezza, agli aggiornamenti automatici e alla praticit\u00e0. L&#8217;APK era soggetto ad aggiornamenti manuali, oltre che a un possibile rischio per la sicurezza, che \u00e8 stato eliminato dalla soluzione PWA.<\/p>\n<p><img loading=\"lazy\" decoding=\"async\" class=\"alignnone size-full wp-image-1922\" src=\"https:\/\/royal-zino.org\/wp-content\/uploads\/2026\/03\/Royalzino-Android.webp\" alt=\"Royalzino Android\" width=\"1248\" height=\"536\" srcset=\"https:\/\/royal-zino.org\/wp-content\/uploads\/2026\/03\/Royalzino-Android.webp 1248w, https:\/\/royal-zino.org\/wp-content\/uploads\/2026\/03\/Royalzino-Android-300x129.webp 300w, https:\/\/royal-zino.org\/wp-content\/uploads\/2026\/03\/Royalzino-Android-1024x440.webp 1024w, https:\/\/royal-zino.org\/wp-content\/uploads\/2026\/03\/Royalzino-Android-768x330.webp 768w\" sizes=\"auto, (max-width: 1248px) 100vw, 1248px\" \/><\/p>\n<\/div><\/div><div style=\"clear: both\"><\/div><div class=\"d-flex justify-content-center\"><button data-item=\"decouvrez_link\" data-group=\"website_links\" class=\"goto fw-bold rounded-pill btn btn-orange\" aria-label=\"Scarica l&#039;app Royalzino\" >Scarica l&#039;app Royalzino<\/button><\/div><div class=\"scrollable-content-wrap my-5\"><div class=\"scrollable-content-inner\"><h2>App mobile Royalzino per iOS<\/h2>\n<p>L&#8217;app Royalzino per iOS \u00e8 progettata per offrire agli utenti un&#8217;esperienza di gioco premium se dispongono di un dispositivo Apple. La sua versione ottimizzata per iPhone e iPad offre prestazioni elevate, velocit\u00e0 di caricamento rapida e un ambiente sicuro. L&#8217;applicazione ha la migliore qualit\u00e0 e un pannello di controllo semplice con schede razionali per navigare nel casin\u00f2 Royalzino. Puoi goderti la nostra facile navigazione attraverso la libreria di giochi di alta qualit\u00e0, come i giochi di slot online e le collezioni di libri.<\/p>\n<p>La versione iOS \u00e8 professionale e facilita il processo di verifica in modo efficace, in linea con gli standard di sicurezza. Aggiungiamo sempre nuove fantastiche funzionalit\u00e0 e miglioramenti per rimanere al passo con le ultime tendenze nel settore dei casin\u00f2. Il design dell&#8217;app si concentra su velocit\u00e0, sicurezza e grafica di alta qualit\u00e0, consentendo ai giocatori di giocare rapidamente su Royal Zino Casino senza essere frustrati dal cerchio di caricamento.<\/p>\n<p><img loading=\"lazy\" decoding=\"async\" class=\"alignnone size-full wp-image-1946\" src=\"https:\/\/royal-zino.org\/wp-content\/uploads\/2026\/03\/Royalzino-iOS.webp\" alt=\"Royalzino iOS\" width=\"1248\" height=\"536\" srcset=\"https:\/\/royal-zino.org\/wp-content\/uploads\/2026\/03\/Royalzino-iOS.webp 1248w, https:\/\/royal-zino.org\/wp-content\/uploads\/2026\/03\/Royalzino-iOS-300x129.webp 300w, https:\/\/royal-zino.org\/wp-content\/uploads\/2026\/03\/Royalzino-iOS-1024x440.webp 1024w, https:\/\/royal-zino.org\/wp-content\/uploads\/2026\/03\/Royalzino-iOS-768x330.webp 768w\" sizes=\"auto, (max-width: 1248px) 100vw, 1248px\" \/><\/p>\n<\/div><\/div><div style=\"clear: both\"><\/div><div class=\"d-flex justify-content-center\"><button data-item=\"decouvrez_link\" data-group=\"website_links\" class=\"goto fw-bold rounded-pill btn btn-orange\" aria-label=\"Scarica l&#039;app Royalzino\" >Scarica l&#039;app Royalzino<\/button><\/div><div class=\"scrollable-content-wrap my-5\"><div class=\"scrollable-content-inner\"><h2>Applicazioni macOS e Windows<\/h2>\n<p>Royal Zino offre anche applicazioni per Windows e macOS per i giocatori che preferiscono il gioco su desktop. Queste app funzionano splendidamente sui desktop. Noi di Royalzino Casino supportiamo sempre una grafica ad alta risoluzione e funzionalit\u00e0 avanzate, rendendo l&#8217;ambiente coinvolgente. La versione desktop \u00e8 cos\u00ec fantastica che puoi allargarla a qualsiasi dimensione dello schermo, anche a quella del cinema! Per un&#8217;esperienza ottimale, gioca in compagnia dei tuoi amici.<\/p>\n<p>I giocatori possono godersi l&#8217;esperienza completa del casin\u00f2, compreso il supporto tramite chat live, la verifica istantanea dell&#8217;account e un ambiente di gioco completo. La PWA desktop offre un&#8217;esperienza di gioco pi\u00f9 completa, soprattutto per i giochi con croupier dal vivo, dove il realismo e la qualit\u00e0 visiva sono fondamentali. I nostri croupier sono visibili in tutti i dettagli, come se fossero accanto a te in un vero casin\u00f2 da qualche parte a Nassau e Paradise Island, nelle Bahamas!<\/p>\n<p>Prova anche questa versione per testare la navigazione veloce, le opzioni personalizzate e la gestione sicura dei dati. Siamo lieti di comunicarti che tutti i giocatori possono divertirsi al Royal Zino Casino senza alcun dubbio.<\/p>\n<p>Riassumiamo quindi perch\u00e9 hai bisogno della nostra app Royalzino!<\/p>\n<table>\n<tbody>\n<tr>\n<td>Caratteristica<\/td>\n<td>Perch\u00e9 la PWA di Royalzino \u00e8 la migliore per i giocatori<\/td>\n<td>Dettagli<\/td>\n<\/tr>\n<tr>\n<td>Accessibilit\u00e0 immediata<\/td>\n<td>Non \u00e8 necessario alcun download: i giocatori possono accedere al gioco istantaneamente su qualsiasi dispositivo.<\/td>\n<td>La PWA di Royalzino consente un accesso rapido, riducendo i tempi di attesa e aumentando il tempo di gioco.<\/td>\n<\/tr>\n<tr>\n<td>Compatibilit\u00e0 tra dispositivi<\/td>\n<td>Esperienza senza interruzioni su tutti i dispositivi: smartphone, tablet, desktop.<\/td>\n<td>Accessibile universalmente, garantisce ai giocatori un&#8217;interfaccia coerente ovunque.<\/td>\n<\/tr>\n<tr>\n<td>Velocit\u00e0 di caricamento elevate<\/td>\n<td>Ottimizzato per un avvio rapido e un gameplay fluido.<\/td>\n<td>I giocatori dedicano pi\u00f9 tempo al gioco e meno tempo all&#8217;attesa.<\/td>\n<\/tr>\n<tr>\n<td>Requisiti di archiviazione ridotti<\/td>\n<td>Non \u00e8 necessario scaricare l&#8217;app dall&#8217;app store, risparmiando spazio di archiviazione sul dispositivo.<\/td>\n<td>Ideale per i giocatori con spazio di archiviazione limitato, incoraggiando un uso pi\u00f9 frequente.<\/td>\n<\/tr>\n<tr>\n<td>Aggiornamenti automatici<\/td>\n<td>Sempre aggiornato con le ultime funzionalit\u00e0 senza aggiornamenti manuali.<\/td>\n<td>I giocatori accedono immediatamente ai nuovi giochi e alle nuove funzionalit\u00e0, rimanendo coinvolti nella piattaforma.<\/td>\n<\/tr>\n<tr>\n<td>Maggiore sicurezza<\/td>\n<td>Navigazione e transazioni sicure, realizzate con moderni protocolli di sicurezza web.<\/td>\n<td>Crea fiducia salvaguardando i dati dei giocatori e le informazioni finanziarie.<\/td>\n<\/tr>\n<tr>\n<td>Notifiche push<\/td>\n<td>Aggiornamenti in tempo reale su bonus, nuovi giochi e promozioni.<\/td>\n<td>Tiene i giocatori informati e coinvolti, aumentando la fidelizzazione.<\/td>\n<\/tr>\n<tr>\n<td>Conveniente per i giocatori<\/td>\n<td>Non \u00e8 necessario acquistare o aggiornare app dagli app store, con un risparmio di denaro .<\/td>\n<td>Pi\u00f9 accessibile, incoraggia una pi\u00f9 ampia adozione dell&#8217; e tra i giocatori.<\/td>\n<\/tr>\n<tr>\n<td>Ecologico e sostenibile<\/td>\n<td>Riduce la necessit\u00e0 di infrastrutture e aggiornamenti degli app store, diminuendo l&#8217;impatto ambientale.<\/td>\n<td>Riflette un approccio moderno e responsabile in linea con i giocatori attenti all&#8217;ambiente.<\/td>\n<\/tr>\n<\/tbody>\n<\/table>\n<p><img loading=\"lazy\" decoding=\"async\" class=\"alignnone size-full wp-image-1938\" src=\"https:\/\/royal-zino.org\/wp-content\/uploads\/2026\/03\/Royalzino-Desktop.webp\" alt=\"Royalzino Desktop\" width=\"1248\" height=\"536\" srcset=\"https:\/\/royal-zino.org\/wp-content\/uploads\/2026\/03\/Royalzino-Desktop.webp 1248w, https:\/\/royal-zino.org\/wp-content\/uploads\/2026\/03\/Royalzino-Desktop-300x129.webp 300w, https:\/\/royal-zino.org\/wp-content\/uploads\/2026\/03\/Royalzino-Desktop-1024x440.webp 1024w, https:\/\/royal-zino.org\/wp-content\/uploads\/2026\/03\/Royalzino-Desktop-768x330.webp 768w\" sizes=\"auto, (max-width: 1248px) 100vw, 1248px\" \/><\/p>\n<\/div><\/div><div style=\"clear: both\"><\/div><div class=\"d-flex justify-content-center\"><button data-item=\"decouvrez_link\" data-group=\"website_links\" class=\"goto fw-bold rounded-pill btn btn-orange\" aria-label=\"Scarica l&#039;app Royalzino\" >Scarica l&#039;app Royalzino<\/button><\/div><div class=\"scrollable-content-wrap my-5\"><div class=\"scrollable-content-inner\"><h2>Domande frequenti<\/h2>\n<h3>\u00c8 necessario creare un account per utilizzare l&#8217;app Royalzino?<\/h3>\n<p>Tecnicamente, \u00e8 possibile giocare a molti giochi di Royalzino Casino in modalit\u00e0 demo, ma non pensiamo che questo sia sufficiente. Il nostro casin\u00f2 mobile offre molte opportunit\u00e0 di vincere grandi somme, ma per incassare \u00e8 necessario registrarsi. \u00c8 necessario essere registrati per poter usufruire dell&#8217;intera collezione di funzionalit\u00e0, con slot online, giochi con croupier dal vivo, libri, titoli originali e quelli delle sezioni festive esclusive.<\/p>\n<h3>L&#8217;applicazione Royalzino Casino fornisce assistenza clienti?<\/h3>\n<p>Oh s\u00ec, il nostro team di assistenza multilingue qualificato \u00e8 a tua disposizione in qualsiasi momento nel tuo fuso orario. Clicca sul pulsante della chat live e inizia a chattare con noi, oppure scrivi una e-mail pi\u00f9 lunga se hai bisogno di pi\u00f9 spazio per comunicarci qualcosa. Questo servizio di assistenza fornisce un supporto tempestivo per problemi tecnici, domande di verifica e altre richieste, al fine di garantire un processo di gioco sempre fluido.<\/p>\n<h3>Devo aggiornare personalmente l&#8217;app Royalzino Casino?<\/h3>\n<p>Nel caso delle applicazioni mobili, gli aggiornamenti sono automatici e i giocatori sono liberi da qualsiasi seccatura legata all&#8217;aggiornamento manuale. Le app sul desktop si aggiornano tramite notifiche interne all&#8217;interno dei browser. Quindi, non \u00e8 necessario alcun download manuale.<\/p>\n<\/div><\/div><\/p>\n","protected":false},"excerpt":{"rendered":"<p>Piattaforma mobile Royalzino Casino Royalzino app \u00e8 la nostra migliore idea per offrire ai nostri giocatori italiani mobilit\u00e0 e soluzioni altamente tecnologiche. L&#8217;app \u00e8 basata sulle ultime tecnologie e garantisce ai consumatori un&#8217;esperienza fluida, affidabile e interessante su vari dispositivi. Royalzino Casino \u00e8 molto mobile. \u00c8 uno standard per gli appassionati di giochi in movimento. [&hellip;]<\/p>\n","protected":false},"author":1,"featured_media":0,"parent":0,"menu_order":0,"comment_status":"closed","ping_status":"closed","template":"template-builder.php","meta":{"_acf_changed":false,"inline_featured_image":false,"footnotes":""},"class_list":["post-1445","page","type-page","status-publish","hentry"],"acf":[],"yoast_head":"<!-- This site is optimized with the Yoast SEO plugin v27.3 - https:\/\/yoast.com\/product\/yoast-seo-wordpress\/ -->\n<title>Royalzino App Scarica | iOS, Android &amp; Desktop<\/title>\n<meta name=\"description\" content=\"Royalzino App \u2013 scarica l&#039;app per iOS, Android e desktop per giocare a slot, giochi da tavolo e casin\u00f2 dal vivo ovunque. Goditi prestazioni fluide e accesso completo al tuo account con Royal Zino.\" \/>\n<meta name=\"robots\" content=\"index, follow, max-snippet:-1, max-image-preview:large, max-video-preview:-1\" \/>\n<link rel=\"canonical\" href=\"https:\/\/royal-zino.org\/it\/applicazione\/\" \/>\n<meta property=\"og:locale\" content=\"it_IT\" \/>\n<meta property=\"og:type\" content=\"article\" \/>\n<meta property=\"og:title\" content=\"Royalzino App Scarica | iOS, Android &amp; Desktop\" \/>\n<meta property=\"og:description\" content=\"Royalzino App \u2013 scarica l&#039;app per iOS, Android e desktop per giocare a slot, giochi da tavolo e casin\u00f2 dal vivo ovunque. Goditi prestazioni fluide e accesso completo al tuo account con Royal Zino.\" \/>\n<meta property=\"og:url\" content=\"https:\/\/royal-zino.org\/it\/applicazione\/\" \/>\n<meta property=\"og:site_name\" content=\"royalzino\" \/>\n<meta property=\"article:modified_time\" content=\"2026-03-05T09:44:21+00:00\" \/>\n<meta name=\"twitter:card\" content=\"summary_large_image\" \/>\n<meta name=\"twitter:label1\" content=\"Est. reading time\" \/>\n\t<meta name=\"twitter:data1\" content=\"2 minutes\" \/>\n<script type=\"application\/ld+json\" class=\"yoast-schema-graph\">{\"@context\":\"https:\\\/\\\/schema.org\",\"@graph\":[{\"@type\":\"WebPage\",\"@id\":\"https:\\\/\\\/royal-zino.org\\\/it\\\/applicazione\\\/\",\"url\":\"https:\\\/\\\/royal-zino.org\\\/it\\\/applicazione\\\/\",\"name\":\"Royalzino App Scarica | iOS, Android & Desktop\",\"isPartOf\":{\"@id\":\"https:\\\/\\\/royal-zino.org\\\/it\\\/#website\"},\"datePublished\":\"2026-01-20T12:08:23+00:00\",\"dateModified\":\"2026-03-05T09:44:21+00:00\",\"description\":\"Royalzino App \u2013 scarica l'app per iOS, Android e desktop per giocare a slot, giochi da tavolo e casin\u00f2 dal vivo ovunque. Goditi prestazioni fluide e accesso completo al tuo account con Royal Zino.\",\"breadcrumb\":{\"@id\":\"https:\\\/\\\/royal-zino.org\\\/it\\\/applicazione\\\/#breadcrumb\"},\"inLanguage\":\"it-IT\",\"potentialAction\":[{\"@type\":\"ReadAction\",\"target\":[\"https:\\\/\\\/royal-zino.org\\\/it\\\/applicazione\\\/\"]}]},{\"@type\":\"BreadcrumbList\",\"@id\":\"https:\\\/\\\/royal-zino.org\\\/it\\\/applicazione\\\/#breadcrumb\",\"itemListElement\":[{\"@type\":\"ListItem\",\"position\":1,\"name\":\"Royalzino\",\"item\":\"https:\\\/\\\/royal-zino.org\\\/it\\\/\"},{\"@type\":\"ListItem\",\"position\":2,\"name\":\"Applicazione\"}]},{\"@type\":\"WebSite\",\"@id\":\"https:\\\/\\\/royal-zino.org\\\/it\\\/#website\",\"url\":\"https:\\\/\\\/royal-zino.org\\\/it\\\/\",\"name\":\"Royalzino\",\"description\":\"\",\"publisher\":{\"@id\":\"https:\\\/\\\/royal-zino.org\\\/it\\\/#organization\"},\"potentialAction\":[{\"@type\":\"SearchAction\",\"target\":{\"@type\":\"EntryPoint\",\"urlTemplate\":\"https:\\\/\\\/royal-zino.org\\\/it\\\/?s={search_term_string}\"},\"query-input\":{\"@type\":\"PropertyValueSpecification\",\"valueRequired\":true,\"valueName\":\"search_term_string\"}}],\"inLanguage\":\"it-IT\"},{\"@type\":\"Organization\",\"@id\":\"https:\\\/\\\/royal-zino.org\\\/it\\\/#organization\",\"name\":\"Royalzino\",\"url\":\"https:\\\/\\\/royal-zino.org\\\/it\\\/\",\"logo\":{\"@type\":\"ImageObject\",\"inLanguage\":\"it-IT\",\"@id\":\"https:\\\/\\\/royal-zino.org\\\/it\\\/#\\\/schema\\\/logo\\\/image\\\/\",\"url\":\"https:\\\/\\\/royal-zino.org\\\/wp-content\\\/uploads\\\/2026\\\/03\\\/logo-1.png\",\"contentUrl\":\"https:\\\/\\\/royal-zino.org\\\/wp-content\\\/uploads\\\/2026\\\/03\\\/logo-1.png\",\"width\":160,\"height\":32,\"caption\":\"Royalzino\"},\"image\":{\"@id\":\"https:\\\/\\\/royal-zino.org\\\/it\\\/#\\\/schema\\\/logo\\\/image\\\/\"}}]}<\/script>\n<!-- \/ Yoast SEO plugin. -->","yoast_head_json":{"title":"Royalzino App Scarica | iOS, Android & Desktop","description":"Royalzino App \u2013 scarica l'app per iOS, Android e desktop per giocare a slot, giochi da tavolo e casin\u00f2 dal vivo ovunque. Goditi prestazioni fluide e accesso completo al tuo account con Royal Zino.","robots":{"index":"index","follow":"follow","max-snippet":"max-snippet:-1","max-image-preview":"max-image-preview:large","max-video-preview":"max-video-preview:-1"},"canonical":"https:\/\/royal-zino.org\/it\/applicazione\/","og_locale":"it_IT","og_type":"article","og_title":"Royalzino App Scarica | iOS, Android & Desktop","og_description":"Royalzino App \u2013 scarica l'app per iOS, Android e desktop per giocare a slot, giochi da tavolo e casin\u00f2 dal vivo ovunque. Goditi prestazioni fluide e accesso completo al tuo account con Royal Zino.","og_url":"https:\/\/royal-zino.org\/it\/applicazione\/","og_site_name":"royalzino","article_modified_time":"2026-03-05T09:44:21+00:00","twitter_card":"summary_large_image","twitter_misc":{"Est. reading time":"2 minutes"},"schema":{"@context":"https:\/\/schema.org","@graph":[{"@type":"WebPage","@id":"https:\/\/royal-zino.org\/it\/applicazione\/","url":"https:\/\/royal-zino.org\/it\/applicazione\/","name":"Royalzino App Scarica | iOS, Android & Desktop","isPartOf":{"@id":"https:\/\/royal-zino.org\/it\/#website"},"datePublished":"2026-01-20T12:08:23+00:00","dateModified":"2026-03-05T09:44:21+00:00","description":"Royalzino App \u2013 scarica l'app per iOS, Android e desktop per giocare a slot, giochi da tavolo e casin\u00f2 dal vivo ovunque. Goditi prestazioni fluide e accesso completo al tuo account con Royal Zino.","breadcrumb":{"@id":"https:\/\/royal-zino.org\/it\/applicazione\/#breadcrumb"},"inLanguage":"it-IT","potentialAction":[{"@type":"ReadAction","target":["https:\/\/royal-zino.org\/it\/applicazione\/"]}]},{"@type":"BreadcrumbList","@id":"https:\/\/royal-zino.org\/it\/applicazione\/#breadcrumb","itemListElement":[{"@type":"ListItem","position":1,"name":"Royalzino","item":"https:\/\/royal-zino.org\/it\/"},{"@type":"ListItem","position":2,"name":"Applicazione"}]},{"@type":"WebSite","@id":"https:\/\/royal-zino.org\/it\/#website","url":"https:\/\/royal-zino.org\/it\/","name":"Royalzino","description":"","publisher":{"@id":"https:\/\/royal-zino.org\/it\/#organization"},"potentialAction":[{"@type":"SearchAction","target":{"@type":"EntryPoint","urlTemplate":"https:\/\/royal-zino.org\/it\/?s={search_term_string}"},"query-input":{"@type":"PropertyValueSpecification","valueRequired":true,"valueName":"search_term_string"}}],"inLanguage":"it-IT"},{"@type":"Organization","@id":"https:\/\/royal-zino.org\/it\/#organization","name":"Royalzino","url":"https:\/\/royal-zino.org\/it\/","logo":{"@type":"ImageObject","inLanguage":"it-IT","@id":"https:\/\/royal-zino.org\/it\/#\/schema\/logo\/image\/","url":"https:\/\/royal-zino.org\/wp-content\/uploads\/2026\/03\/logo-1.png","contentUrl":"https:\/\/royal-zino.org\/wp-content\/uploads\/2026\/03\/logo-1.png","width":160,"height":32,"caption":"Royalzino"},"image":{"@id":"https:\/\/royal-zino.org\/it\/#\/schema\/logo\/image\/"}}]}},"_links":{"self":[{"href":"https:\/\/royal-zino.org\/it\/wp-json\/wp\/v2\/pages\/1445","targetHints":{"allow":["GET"]}}],"collection":[{"href":"https:\/\/royal-zino.org\/it\/wp-json\/wp\/v2\/pages"}],"about":[{"href":"https:\/\/royal-zino.org\/it\/wp-json\/wp\/v2\/types\/page"}],"author":[{"embeddable":true,"href":"https:\/\/royal-zino.org\/it\/wp-json\/wp\/v2\/users\/1"}],"replies":[{"embeddable":true,"href":"https:\/\/royal-zino.org\/it\/wp-json\/wp\/v2\/comments?post=1445"}],"version-history":[{"count":4,"href":"https:\/\/royal-zino.org\/it\/wp-json\/wp\/v2\/pages\/1445\/revisions"}],"predecessor-version":[{"id":2087,"href":"https:\/\/royal-zino.org\/it\/wp-json\/wp\/v2\/pages\/1445\/revisions\/2087"}],"wp:attachment":[{"href":"https:\/\/royal-zino.org\/it\/wp-json\/wp\/v2\/media?parent=1445"}],"curies":[{"name":"wp","href":"https:\/\/api.w.org\/{rel}","templated":true}]}}