{"id":1485,"date":"2026-01-20T12:11:11","date_gmt":"2026-01-20T12:11:11","guid":{"rendered":"https:\/\/bonuskongcasino.com\/login-and-registration\/"},"modified":"2026-03-05T09:39:54","modified_gmt":"2026-03-05T09:39:54","slug":"accesso-e-registrazione","status":"publish","type":"page","link":"https:\/\/royal-zino.org\/it\/accesso-e-registrazione\/","title":{"rendered":"Accesso e registrazione"},"content":{"rendered":"<h1>Accesso e registrazione all&#8217;account Royalzino Casino<\/h1>\n<p>La funzione di Royalzino login consente di accedere a una vasta gamma di prodotti di gioco, offerte esclusive e funzionalit\u00e0 personalizzate nel nostro casin\u00f2 per i giocatori italiani. Royalzino Casino \u00e8 un operatore leader in termini di sicurezza, convenienza e strumenti innovativi per il gioco digitale indipendente. Siamo lieti di offrire a tutti i giocatori un facile accesso alla nostra piattaforma , in modo che tutti gli utenti possano sentirsi la loro scelta migliore per vivere un&#8217;esperienza di casin\u00f2 online stabile e affascinante.<\/p>\n<p><div class=\"banner-wrap\" aria-label=\"Banner\"><img src=\"https:\/\/royal-zino.org\/wp-content\/uploads\/2026\/03\/royalzino-bnr-static-pc.webp\" class=\"w-100 d-none d-lg-block img-pc main-banner-img\" alt=\"royalzino banner pc\" fetchpriority=\"high\" decoding=\"async\"><img src=\"https:\/\/royal-zino.org\/wp-content\/uploads\/2026\/03\/royalzino-banner-mobile.webp\" class=\"w-100 d-none d-md-block d-lg-none main-banner-img\" alt=\"royalzino banner mobile\" fetchpriority=\"high\" decoding=\"async\"><img src=\"https:\/\/royal-zino.org\/wp-content\/uploads\/2026\/03\/royalzino-banner-mobile.webp\" class=\"w-100 d-md-none\" alt=\"royalzino banner mobile\" fetchpriority=\"high\" decoding=\"async\"><div class=\"banner-description\">\n<div class=\"banner-title\">Bonus di benvenuto<\/div>\n<p class=\"banner-header-title\">1500 \u20ac<\/p>\n<div class=\"banner-header-AdditionalText\">+ 250 Giri gratuiti<\/div>\n<button data-item=\"homepage_banner_link\" class=\"goto m-button m-gradient-border m-button--primary m-button--large banner-button btn-orange\">\n            <div class=\"m-button-content\">\n                <span>Iscriviti ora<\/span>\n                <span><\/span>\n            <\/div>\n        <\/button>\n<\/div>\n<div class=\"WelcomePack\">\n<p><img loading=\"lazy\" decoding=\"async\" class=\"alignnone size-full wp-image-1872\" src=\"https:\/\/royal-zino.org\/wp-content\/uploads\/2026\/03\/welcome-crown.png\" alt=\"welcome crown\" width=\"25\" height=\"26\" \/><\/p>\n<div class=\"WelcomePack-Info\">Cashback settimanale fino al 25%<\/div>\n<p><img loading=\"lazy\" decoding=\"async\" class=\"alignnone size-full wp-image-1872\" src=\"https:\/\/royal-zino.org\/wp-content\/uploads\/2026\/03\/welcome-crown.png\" alt=\"welcome crown\" width=\"25\" height=\"26\" \/><\/p>\n<\/div>\n<\/div><div class=\"scrollable-content-wrap my-5\"><div class=\"scrollable-content-inner\"><h2>Registrazione di un nuovo utente su Royalzino Casino<\/h2>\n<p>Creare un account su Royalzino Casino \u00e8 relativamente semplice e consente ai nuovi giocatori di accedere immediatamente alla nostra intera libreria di giochi. Per registrarsi in modo indipendente, gli utenti devono seguire alcuni semplici passaggi per garantire che il loro account sia sicuro e configurato correttamente.<\/p>\n<p><img loading=\"lazy\" decoding=\"async\" class=\"alignnone size-full wp-image-1954\" src=\"https:\/\/royal-zino.org\/wp-content\/uploads\/2026\/03\/Royalzino-login-page.webp\" alt=\"Royalzino login page\" width=\"1248\" height=\"536\" srcset=\"https:\/\/royal-zino.org\/wp-content\/uploads\/2026\/03\/Royalzino-login-page.webp 1248w, https:\/\/royal-zino.org\/wp-content\/uploads\/2026\/03\/Royalzino-login-page-300x129.webp 300w, https:\/\/royal-zino.org\/wp-content\/uploads\/2026\/03\/Royalzino-login-page-1024x440.webp 1024w, https:\/\/royal-zino.org\/wp-content\/uploads\/2026\/03\/Royalzino-login-page-768x330.webp 768w\" sizes=\"auto, (max-width: 1248px) 100vw, 1248px\" \/><\/p>\n<h3>Come creare un account Royal Zino Casino da soli<\/h3>\n<p>Analizziamo l&#8217;intero processo in semplici passaggi:<\/p>\n<ol>\n<li>Clicca prima sulla pagina principale di Royal Zino Casino e compila il modulo.<\/li>\n<li>La homepage presenta un pulsante &#8220;Registrati&#8221; chiaramente visibile. Cliccandoci sopra, si avvia immediatamente il processo di registrazione.<\/li>\n<li>Ti verr\u00e0 quindi chiesto di inserire le informazioni necessarie, ovvero un indirizzo e-mail che verr\u00e0 utilizzato come credenziale principale per effettuare il login su Royalzino.<\/li>\n<li>Il passo successivo \u00e8 selezionare una password sicura, unica e conforme agli standard di sicurezza. Questo garantisce che non vi saranno accessi non autorizzati al tuo account.<\/li>\n<li>Ti chiederemo anche di indicare il nome utente che preferisci nel modulo di registrazione e di accettare i termini e le condizioni della piattaforma (spunta la casella dopo averli letti tutti).<\/li>\n<li>Inoltre, c&#8217;\u00e8 un&#8217;opzione per registrarsi con un campo per i codici promozionali, che possono essere riscattati per migliorare l&#8217;esperienza di gioco iniziale, inclusi bonus speciali o giri gratuiti.<\/li>\n<\/ol>\n<p>Una volta completati questi passaggi, riceverai un&#8217;e-mail di conferma. Clicca sul link per attivare il tuo account. Una volta creato l&#8217;account, potrai effettuare il login su Royalzino in qualsiasi momento per utilizzare tutte le funzionalit\u00e0 della piattaforma, come depositi, prelievi e giochi.<\/p>\n<h2>Accesso a Royalzino<\/h2>\n<p>Effettuare il login su Royalzino dovrebbe essere veloce e sicuro. Tutto ci\u00f2 che serve \u00e8 visitare la homepage e trovare la sezione di login. Puoi utilizzare la tua email e la password registrate per accedere immediatamente alla dashboard del tuo account.<\/p>\n<p>Consentiamo anche l&#8217;utilizzo di account di terze parti di Google come opzione di accesso: tutto per la tua comodit\u00e0! In questo modo, gli utenti possono effettuare immediatamente il login su Royalzino senza dover memorizzare password aggiuntive, rendendolo pi\u00f9 facile da usare e mantenendolo altamente sicuro. Ti invitiamo a provare anche questo metodo di accesso: ha ricevuto molti feedback positivi dai nostri giocatori.<\/p>\n<h3>Cosa fare se dimentico la password?<\/h3>\n<p>Royalzino offre una semplice opzione di recupero della password nel caso in cui la si smarrisca. Nella pagina di accesso a Royalzino, seleziona l&#8217;opzione &#8220;Hai dimenticato la password?&#8221;. Ti verr\u00e0 quindi richiesto di digitare il tuo indirizzo e-mail registrato.<\/p>\n<p>Ti invieremo un&#8217;e-mail con le istruzioni per recuperare le credenziali perse di Royalzino Casino, ovvero l&#8217;indirizzo e-mail e la password. Se non ricevi la nostra e-mail, controlla la cartella dello spam: potrebbe trovarsi l\u00ec. Leggi l&#8217;e-mail e clicca sul link per creare una nuova password, in modo che il tuo account sia sicuro e comodo da usare.<\/p>\n<h2>Procedura KYC al Royal Zino Casino<\/h2>\n<p>Al Royalzino Casino, abbiamo una politica rigorosa di controllo di ogni singolo giocatore che entra nella nostra struttura. Il processo di verifica KYC (Know Your Customer) \u00e8 importante perch\u00e9 anche tu, come giocatore, desideri trascorrere ore in un ambiente sicuro, circondato da persone reali e non da bot falsi.<\/p>\n<p>La procedura di verifica non \u00e8 lunga: possiamo controllare i tuoi documenti in 1-2 giorni, se non prima. Dipende dalla persona. A volte abbiamo domande aggiuntive se qualcosa ci preoccupa. Non preoccuparti se ricevi un&#8217;e-mail o una chiamata da parte nostra: \u00e8 per la tua sicurezza. Quindi, quali documenti richiede Royal Zino Casino?<\/p>\n<ol>\n<li>Una copia del tuo passaporto originale con tutte le informazioni importanti sulla tua identit\u00e0.<\/li>\n<li>Bollette per dimostrare il tuo indirizzo di residenza e la tua capacit\u00e0 di pagare le spese di base.<\/li>\n<\/ol>\n<p>Dopo aver ricevuto i tuoi documenti, potrai caricarli sulla tua dashboard di Royalzino Casino: ci prenderemo il tempo necessario per esaminarli attentamente. Ti preghiamo di pazientare, poich\u00e9 abbiamo molti giocatori da controllare. Una volta verificato che tutto sia in ordine, riceverai una notifica da Royalzino Casino e potrai godere della massima libert\u00e0 di azione: potrai depositare e prelevare qualsiasi somma di denaro senza restrizioni, giocare a qualsiasi tipo di gioco e divertirti.<\/p>\n<table>\n<tbody>\n<tr>\n<td>Come funziona la verifica<\/td>\n<td>Spiegazione<\/td>\n<\/tr>\n<tr>\n<td>Evita restrizioni all&#8217;accesso ai fondi<\/td>\n<td>Potrai depositare o prelevare denaro dopo che il tuo account sar\u00e0 stato verificato.<\/td>\n<\/tr>\n<tr>\n<td>Eliminare le opzioni di gioco limitate<\/td>\n<td>Dopo il KYC, non avrai pi\u00f9 restrizioni nel giocare a determinati giochi o nell&#8217;accedere a tutte le funzionalit\u00e0 del casin\u00f2 online.<\/td>\n<\/tr>\n<tr>\n<td>Possibilit\u00e0 di prelevare le vincite<\/td>\n<td>Dopo la verifica, potrai incassare qualsiasi vincita o saldo del conto.<\/td>\n<\/tr>\n<tr>\n<td>Evita il rischio di sospensione dell&#8217;account<\/td>\n<td>Il casin\u00f2 non limiter\u00e0 n\u00e9 sospender\u00e0 il tuo account per mancata conformit\u00e0 alle politiche.<\/td>\n<\/tr>\n<tr>\n<td>Accesso a tutti i vantaggi dell&#8217;account<\/td>\n<td>Dopo la verifica potrebbero essere disponibili bonus, promozioni e privilegi completi dell&#8217;account.<\/td>\n<\/tr>\n<tr>\n<td>Eliminazione dei potenziali rischi per la sicurezza<\/td>\n<td>Dopo la verifica, il tuo account sar\u00e0 protetto da frodi o accessi non autorizzati.<\/td>\n<\/tr>\n<tr>\n<td>Evitare possibili restrizioni future<\/td>\n<td>Il casin\u00f2 non imporr\u00e0 restrizioni n\u00e9 chiuder\u00e0 gli account che non completano la verifica.<\/td>\n<\/tr>\n<\/tbody>\n<\/table>\n<h2>Domande frequenti<\/h2>\n<h3>Come posso effettuare facilmente il login su Royalzino?<\/h3>\n<p>Effettuare il login su Royalzino sulla nostra piattaforma \u00e8 molto veloce, non potrebbe essere pi\u00f9 facile! Nella sezione login (angolo in alto a destra), puoi scegliere l&#8217;opzione di accedere con Google. Cerca il piccolo pulsante che dice &#8220;O accedi con Google&#8221; e usa il tuo indirizzo Gmail per accedere. Una volta entrato, potrai utilizzare tutte le funzionalit\u00e0, come i bonus e i giochi dal vivo.<\/p>\n<h3>Come posso cancellare il mio account?<\/h3>\n<p>Come ogni casin\u00f2 rispettabile, possiamo aiutarti a chiudere il tuo account. Se desideri disattivare il tuo account Royalzino, invia un messaggio al team di assistenza tramite live chat o e-mail. Il team di assistenza ti guider\u00e0 attraverso questa procedura, che include la verifica della tua identit\u00e0 per motivi di sicurezza. Cancelliamo gli account in modo efficiente e rimuoviamo in modo sicuro tutti i dati dai nostri sistemi.<\/p>\n<h3>Qual \u00e8 la procedura per aggiornare i dettagli dell&#8217;account?<\/h3>\n<p>Dopo il processo di verifica, tutti possono accedere facilmente alla sezione di gestione dell&#8217;account. In questo caso, potranno modificare i dati personali, i recapiti e i metodi di pagamento. Nel caso in cui modifichi tutto, assicurati di creare una password pi\u00f9 forte e, in generale, \u00e8 sempre bene migliorare la sicurezza del tuo Royal Zino Casino.<\/p>\n<\/div><\/div><\/p>\n","protected":false},"excerpt":{"rendered":"<p>Accesso e registrazione all&#8217;account Royalzino Casino La funzione di Royalzino login consente di accedere a una vasta gamma di prodotti di gioco, offerte esclusive e funzionalit\u00e0 personalizzate nel nostro casin\u00f2 per i giocatori italiani. Royalzino Casino \u00e8 un operatore leader in termini di sicurezza, convenienza e strumenti innovativi per il gioco digitale indipendente. Siamo lieti [&hellip;]<\/p>\n","protected":false},"author":1,"featured_media":0,"parent":0,"menu_order":0,"comment_status":"closed","ping_status":"closed","template":"template-builder.php","meta":{"_acf_changed":false,"inline_featured_image":false,"footnotes":""},"class_list":["post-1485","page","type-page","status-publish","hentry"],"acf":[],"yoast_head":"<!-- This site is optimized with the Yoast SEO plugin v27.3 - https:\/\/yoast.com\/product\/yoast-seo-wordpress\/ -->\n<title>Royalzino Login \u2013 Registrazione con Accesso Sicuro<\/title>\n<meta name=\"description\" content=\"Royalzino Login \u2013 accedi in modo sicuro o registra il tuo account in pochi secondi con accesso crittografato e verifica rapida. Gestisci il recupero password, le impostazioni del profilo e gli strumenti dell&#039;account facilmente su Royal Zino.\" \/>\n<meta name=\"robots\" content=\"index, follow, max-snippet:-1, max-image-preview:large, max-video-preview:-1\" \/>\n<link rel=\"canonical\" href=\"https:\/\/royal-zino.org\/it\/accesso-e-registrazione\/\" \/>\n<meta property=\"og:locale\" content=\"it_IT\" \/>\n<meta property=\"og:type\" content=\"article\" \/>\n<meta property=\"og:title\" content=\"Royalzino Login \u2013 Registrazione con Accesso Sicuro\" \/>\n<meta property=\"og:description\" content=\"Royalzino Login \u2013 accedi in modo sicuro o registra il tuo account in pochi secondi con accesso crittografato e verifica rapida. Gestisci il recupero password, le impostazioni del profilo e gli strumenti dell&#039;account facilmente su Royal Zino.\" \/>\n<meta property=\"og:url\" content=\"https:\/\/royal-zino.org\/it\/accesso-e-registrazione\/\" \/>\n<meta property=\"og:site_name\" content=\"royalzino\" \/>\n<meta property=\"article:modified_time\" content=\"2026-03-05T09:39:54+00:00\" \/>\n<meta name=\"twitter:card\" content=\"summary_large_image\" \/>\n<meta name=\"twitter:label1\" content=\"Est. reading time\" \/>\n\t<meta name=\"twitter:data1\" content=\"1 minute\" \/>\n<script type=\"application\/ld+json\" class=\"yoast-schema-graph\">{\"@context\":\"https:\\\/\\\/schema.org\",\"@graph\":[{\"@type\":\"WebPage\",\"@id\":\"https:\\\/\\\/royal-zino.org\\\/it\\\/accesso-e-registrazione\\\/\",\"url\":\"https:\\\/\\\/royal-zino.org\\\/it\\\/accesso-e-registrazione\\\/\",\"name\":\"Royalzino Login \u2013 Registrazione con Accesso Sicuro\",\"isPartOf\":{\"@id\":\"https:\\\/\\\/royal-zino.org\\\/it\\\/#website\"},\"datePublished\":\"2026-01-20T12:11:11+00:00\",\"dateModified\":\"2026-03-05T09:39:54+00:00\",\"description\":\"Royalzino Login \u2013 accedi in modo sicuro o registra il tuo account in pochi secondi con accesso crittografato e verifica rapida. Gestisci il recupero password, le impostazioni del profilo e gli strumenti dell'account facilmente su Royal Zino.\",\"breadcrumb\":{\"@id\":\"https:\\\/\\\/royal-zino.org\\\/it\\\/accesso-e-registrazione\\\/#breadcrumb\"},\"inLanguage\":\"it-IT\",\"potentialAction\":[{\"@type\":\"ReadAction\",\"target\":[\"https:\\\/\\\/royal-zino.org\\\/it\\\/accesso-e-registrazione\\\/\"]}]},{\"@type\":\"BreadcrumbList\",\"@id\":\"https:\\\/\\\/royal-zino.org\\\/it\\\/accesso-e-registrazione\\\/#breadcrumb\",\"itemListElement\":[{\"@type\":\"ListItem\",\"position\":1,\"name\":\"Royalzino\",\"item\":\"https:\\\/\\\/royal-zino.org\\\/it\\\/\"},{\"@type\":\"ListItem\",\"position\":2,\"name\":\"Accesso e registrazione\"}]},{\"@type\":\"WebSite\",\"@id\":\"https:\\\/\\\/royal-zino.org\\\/it\\\/#website\",\"url\":\"https:\\\/\\\/royal-zino.org\\\/it\\\/\",\"name\":\"Royalzino\",\"description\":\"\",\"publisher\":{\"@id\":\"https:\\\/\\\/royal-zino.org\\\/it\\\/#organization\"},\"potentialAction\":[{\"@type\":\"SearchAction\",\"target\":{\"@type\":\"EntryPoint\",\"urlTemplate\":\"https:\\\/\\\/royal-zino.org\\\/it\\\/?s={search_term_string}\"},\"query-input\":{\"@type\":\"PropertyValueSpecification\",\"valueRequired\":true,\"valueName\":\"search_term_string\"}}],\"inLanguage\":\"it-IT\"},{\"@type\":\"Organization\",\"@id\":\"https:\\\/\\\/royal-zino.org\\\/it\\\/#organization\",\"name\":\"Royalzino\",\"url\":\"https:\\\/\\\/royal-zino.org\\\/it\\\/\",\"logo\":{\"@type\":\"ImageObject\",\"inLanguage\":\"it-IT\",\"@id\":\"https:\\\/\\\/royal-zino.org\\\/it\\\/#\\\/schema\\\/logo\\\/image\\\/\",\"url\":\"https:\\\/\\\/royal-zino.org\\\/wp-content\\\/uploads\\\/2026\\\/03\\\/logo-1.png\",\"contentUrl\":\"https:\\\/\\\/royal-zino.org\\\/wp-content\\\/uploads\\\/2026\\\/03\\\/logo-1.png\",\"width\":160,\"height\":32,\"caption\":\"Royalzino\"},\"image\":{\"@id\":\"https:\\\/\\\/royal-zino.org\\\/it\\\/#\\\/schema\\\/logo\\\/image\\\/\"}}]}<\/script>\n<!-- \/ Yoast SEO plugin. -->","yoast_head_json":{"title":"Royalzino Login \u2013 Registrazione con Accesso Sicuro","description":"Royalzino Login \u2013 accedi in modo sicuro o registra il tuo account in pochi secondi con accesso crittografato e verifica rapida. Gestisci il recupero password, le impostazioni del profilo e gli strumenti dell'account facilmente su Royal Zino.","robots":{"index":"index","follow":"follow","max-snippet":"max-snippet:-1","max-image-preview":"max-image-preview:large","max-video-preview":"max-video-preview:-1"},"canonical":"https:\/\/royal-zino.org\/it\/accesso-e-registrazione\/","og_locale":"it_IT","og_type":"article","og_title":"Royalzino Login \u2013 Registrazione con Accesso Sicuro","og_description":"Royalzino Login \u2013 accedi in modo sicuro o registra il tuo account in pochi secondi con accesso crittografato e verifica rapida. Gestisci il recupero password, le impostazioni del profilo e gli strumenti dell'account facilmente su Royal Zino.","og_url":"https:\/\/royal-zino.org\/it\/accesso-e-registrazione\/","og_site_name":"royalzino","article_modified_time":"2026-03-05T09:39:54+00:00","twitter_card":"summary_large_image","twitter_misc":{"Est. reading time":"1 minute"},"schema":{"@context":"https:\/\/schema.org","@graph":[{"@type":"WebPage","@id":"https:\/\/royal-zino.org\/it\/accesso-e-registrazione\/","url":"https:\/\/royal-zino.org\/it\/accesso-e-registrazione\/","name":"Royalzino Login \u2013 Registrazione con Accesso Sicuro","isPartOf":{"@id":"https:\/\/royal-zino.org\/it\/#website"},"datePublished":"2026-01-20T12:11:11+00:00","dateModified":"2026-03-05T09:39:54+00:00","description":"Royalzino Login \u2013 accedi in modo sicuro o registra il tuo account in pochi secondi con accesso crittografato e verifica rapida. Gestisci il recupero password, le impostazioni del profilo e gli strumenti dell'account facilmente su Royal Zino.","breadcrumb":{"@id":"https:\/\/royal-zino.org\/it\/accesso-e-registrazione\/#breadcrumb"},"inLanguage":"it-IT","potentialAction":[{"@type":"ReadAction","target":["https:\/\/royal-zino.org\/it\/accesso-e-registrazione\/"]}]},{"@type":"BreadcrumbList","@id":"https:\/\/royal-zino.org\/it\/accesso-e-registrazione\/#breadcrumb","itemListElement":[{"@type":"ListItem","position":1,"name":"Royalzino","item":"https:\/\/royal-zino.org\/it\/"},{"@type":"ListItem","position":2,"name":"Accesso e registrazione"}]},{"@type":"WebSite","@id":"https:\/\/royal-zino.org\/it\/#website","url":"https:\/\/royal-zino.org\/it\/","name":"Royalzino","description":"","publisher":{"@id":"https:\/\/royal-zino.org\/it\/#organization"},"potentialAction":[{"@type":"SearchAction","target":{"@type":"EntryPoint","urlTemplate":"https:\/\/royal-zino.org\/it\/?s={search_term_string}"},"query-input":{"@type":"PropertyValueSpecification","valueRequired":true,"valueName":"search_term_string"}}],"inLanguage":"it-IT"},{"@type":"Organization","@id":"https:\/\/royal-zino.org\/it\/#organization","name":"Royalzino","url":"https:\/\/royal-zino.org\/it\/","logo":{"@type":"ImageObject","inLanguage":"it-IT","@id":"https:\/\/royal-zino.org\/it\/#\/schema\/logo\/image\/","url":"https:\/\/royal-zino.org\/wp-content\/uploads\/2026\/03\/logo-1.png","contentUrl":"https:\/\/royal-zino.org\/wp-content\/uploads\/2026\/03\/logo-1.png","width":160,"height":32,"caption":"Royalzino"},"image":{"@id":"https:\/\/royal-zino.org\/it\/#\/schema\/logo\/image\/"}}]}},"_links":{"self":[{"href":"https:\/\/royal-zino.org\/it\/wp-json\/wp\/v2\/pages\/1485","targetHints":{"allow":["GET"]}}],"collection":[{"href":"https:\/\/royal-zino.org\/it\/wp-json\/wp\/v2\/pages"}],"about":[{"href":"https:\/\/royal-zino.org\/it\/wp-json\/wp\/v2\/types\/page"}],"author":[{"embeddable":true,"href":"https:\/\/royal-zino.org\/it\/wp-json\/wp\/v2\/users\/1"}],"replies":[{"embeddable":true,"href":"https:\/\/royal-zino.org\/it\/wp-json\/wp\/v2\/comments?post=1485"}],"version-history":[{"count":3,"href":"https:\/\/royal-zino.org\/it\/wp-json\/wp\/v2\/pages\/1485\/revisions"}],"predecessor-version":[{"id":2085,"href":"https:\/\/royal-zino.org\/it\/wp-json\/wp\/v2\/pages\/1485\/revisions\/2085"}],"wp:attachment":[{"href":"https:\/\/royal-zino.org\/it\/wp-json\/wp\/v2\/media?parent=1485"}],"curies":[{"name":"wp","href":"https:\/\/api.w.org\/{rel}","templated":true}]}}