{"id":1447,"date":"2026-01-20T12:08:23","date_gmt":"2026-01-20T12:08:23","guid":{"rendered":"https:\/\/bonuskongcasino.com\/app\/"},"modified":"2026-03-05T10:00:00","modified_gmt":"2026-03-05T10:00:00","slug":"aplikacja","status":"publish","type":"page","link":"https:\/\/royal-zino.org\/pl\/aplikacja\/","title":{"rendered":"Aplikacja"},"content":{"rendered":"<h1>Platforma mobilna Royalzino Casino<\/h1>\n<p>Royalzino app to nasz najlepszy pomys\u0142 na zapewnienie naszym polskim graczom mobilno\u015bci i najbardziej zaawansowanych technologicznie rozwi\u0105za\u0144. Aplikacja zosta\u0142a zbudowana w oparciu o najnowsz\u0105 technologi\u0119 i gwarantuje konsumentom p\u0142ynne, niezawodne i interesuj\u0105ce wra\u017cenia na r\u00f3\u017cnych urz\u0105dzeniach. Royalzino Casino jest bardzo mobilne. Jest to standard dla fan\u00f3w gier w podr\u00f3\u017cy.<\/p>\n<div class=\"banner-wrap\" aria-label=\"Banner\"><img src=\"https:\/\/royal-zino.org\/wp-content\/uploads\/2026\/03\/royalzino-bnr-static-pc.webp\" class=\"w-100 d-none d-lg-block img-pc main-banner-img\" alt=\"royalzino banner pc\" fetchpriority=\"high\" decoding=\"async\"><img src=\"https:\/\/royal-zino.org\/wp-content\/uploads\/2026\/03\/royalzino-banner-mobile.webp\" class=\"w-100 d-none d-md-block d-lg-none main-banner-img\" alt=\"royalzino banner mobile\" fetchpriority=\"high\" decoding=\"async\"><img src=\"https:\/\/royal-zino.org\/wp-content\/uploads\/2026\/03\/royalzino-banner-mobile.webp\" class=\"w-100 d-md-none\" alt=\"royalzino banner mobile\" fetchpriority=\"high\" decoding=\"async\"><div class=\"banner-description\">\n<div class=\"banner-title\">Bonusy powitalne<\/div>\n<p class=\"banner-header-title\">1500 \u20ac<\/p>\n<div class=\"banner-header-AdditionalText\">+ 250 Darmowe spiny<\/div>\n<button data-item=\"homepage_banner_link\" class=\"goto m-button m-gradient-border m-button--primary m-button--large banner-button btn-orange\">\n            <div class=\"m-button-content\">\n                <span>Zarejestruj si\u0119 teraz<\/span>\n                <span><\/span>\n            <\/div>\n        <\/button>\n<\/div>\n<div class=\"WelcomePack\">\n<p><img loading=\"lazy\" decoding=\"async\" class=\"alignnone size-full wp-image-1873\" src=\"https:\/\/royal-zino.org\/wp-content\/uploads\/2026\/03\/welcome-crown.png\" alt=\"welcome crown\" width=\"25\" height=\"26\" \/><\/p>\n<div class=\"WelcomePack-Info\">Cotygodniowy zwrot got\u00f3wki do 25%<\/div>\n<p><img loading=\"lazy\" decoding=\"async\" class=\"alignnone size-full wp-image-1873\" src=\"https:\/\/royal-zino.org\/wp-content\/uploads\/2026\/03\/welcome-crown.png\" alt=\"welcome crown\" width=\"25\" height=\"26\" \/><\/p>\n<\/div>\n<\/div>\n<h2>Korzystanie z Royalzino na telefonie kom\u00f3rkowym<\/h2>\n<p>Mobilna gra w Royalzino Casino to rewolucja! Nasza aplikacja ma wiele zalet w por\u00f3wnaniu z wersj\u0105 na komputery stacjonarne. Portal mobilny jest szybki, responsywny i przyjazny dla u\u017cytkownika. Gracze mog\u0105 chwyci\u0107 za telefon i po prostu klikn\u0105\u0107 Royal Zino w ka\u017cdej wolnej chwili, kt\u00f3r\u0105 chc\u0105 po\u015bwi\u0119ci\u0107 na hazard.<\/p>\n<p>Zawsze mamy pod r\u0119k\u0105 automaty online, gry z krupierem na \u017cywo i inne gry kasynowe. Interfejs jest bardzo intuicyjny, a wszystkie sekcje s\u0105 dost\u0119pne w PWA tak samo, jak na naszym komputerze stacjonarnym. \u0141atwo jest nawigowa\u0107 i uzyska\u0107 natychmiastowy dost\u0119p do pe\u0142nej biblioteki gier (ponad 6 000 fajnych gier, wyobra\u017casz sobie?), promocji i narz\u0119dzi do zarz\u0105dzania kontem.<\/p>\n<p>Aplikacja Royalzino zapewnia p\u0142ynniejsze dzia\u0142anie, nawet je\u015bli grasz na komputerze osobistym. \u0141aduje si\u0119 szybciej, ma prostsze sterowanie i mniej wymaga\u0144 konfiguracyjnych. Nie wymaga du\u017cych aktualizacji i instalacji, co pozwala graczom skoncentrowa\u0107 si\u0119 wy\u0142\u0105cznie na grze, w dowolnym miejscu i czasie. Jest to idealna elastyczno\u015b\u0107, dzi\u0119ki kt\u00f3rej gracz mo\u017ce cieszy\u0107 si\u0119 wygod\u0105, a jednocze\u015bnie nie utrudnia to rozgrywki.<\/p>\n<p><div class=\"scrollable-content-wrap my-5\"><div class=\"scrollable-content-inner\"><h2>Aplikacja mobilna Royalzino na Androida<\/h2>\n<p>Aplikacja Royalzino jest progresywn\u0105 aplikacj\u0105 internetow\u0105 (PWA), a nie plikiem APK, wi\u0119c u\u017cytkownicy Androida maj\u0105 wiele mo\u017cliwo\u015bci.<\/p>\n<p>Zalety wersji Royal Zino PWA:<\/p>\n<ul>\n<li>Nasza wersja Progressive Web App posiada bezpo\u015bredni\u0105 przegl\u0105dark\u0119 mobiln\u0105 w Chrome i Firefox. Wyobra\u017a sobie j\u0105 jako po\u0142\u0105czenie strony internetowej i aplikacji, kt\u00f3ra oferuje szybki i bezpieczny dost\u0119p i nie wymaga pobierania.<\/li>\n<li>Aplikacja Royalzino zosta\u0142a stworzona tak, aby szybko si\u0119 \u0142adowa\u0142a, automatycznie aktualizowa\u0142a i dzia\u0142a\u0142a na r\u00f3\u017cnych urz\u0105dzeniach z systemem Android. Zapewnia wra\u017cenia podobne do tych w prawdziwym kasynie, wi\u0119c nie po\u017ca\u0142ujesz, obiecujemy.<\/li>\n<li>Lekka konstrukcja oznacza mniej miejsca w pami\u0119ci telefonu (\u015bwietna wiadomo\u015b\u0107 dla tych, kt\u00f3rzy potrzebuj\u0105 ca\u0142ej przestrzeni na zdj\u0119cia!) oraz \u0142atwy dost\u0119p do funkcji, takich jak czat na \u017cywo, kontakt z zespo\u0142em pomocy technicznej i proces weryfikacji.<\/li>\n<\/ul>\n<p>Podsumowuj\u0105c, aplikacja Royalzino jest zalecanym sposobem uzyskania dost\u0119pu do kasyna na urz\u0105dzeniach z systemem Android ze wzgl\u0119du na zwi\u0119kszone bezpiecze\u0144stwo, automatyczne aktualizacje i wygod\u0119. Plik APK podlega\u0142 r\u0119cznym aktualizacjom, a tak\u017ce potencjalnemu ryzyku bezpiecze\u0144stwa, kt\u00f3re zosta\u0142o wyeliminowane dzi\u0119ki rozwi\u0105zaniu PWA.<\/p>\n<p><img loading=\"lazy\" decoding=\"async\" class=\"alignnone size-full wp-image-1923\" src=\"https:\/\/royal-zino.org\/wp-content\/uploads\/2026\/03\/Royalzino-Android.webp\" alt=\"Royalzino Android\" width=\"1248\" height=\"536\" srcset=\"https:\/\/royal-zino.org\/wp-content\/uploads\/2026\/03\/Royalzino-Android.webp 1248w, https:\/\/royal-zino.org\/wp-content\/uploads\/2026\/03\/Royalzino-Android-300x129.webp 300w, https:\/\/royal-zino.org\/wp-content\/uploads\/2026\/03\/Royalzino-Android-1024x440.webp 1024w, https:\/\/royal-zino.org\/wp-content\/uploads\/2026\/03\/Royalzino-Android-768x330.webp 768w\" sizes=\"auto, (max-width: 1248px) 100vw, 1248px\" \/><\/p>\n<\/div><\/div><div style=\"clear: both\"><\/div><div class=\"d-flex justify-content-center\"><button data-item=\"decouvrez_link\" data-group=\"website_links\" class=\"goto fw-bold rounded-pill btn btn-orange\" aria-label=\"Pobierz aplikacj\u0119 Royalzino\" >Pobierz aplikacj\u0119 Royalzino<\/button><\/div><div class=\"scrollable-content-wrap my-5\"><div class=\"scrollable-content-inner\"><h2>Aplikacja mobilna Royalzino na iOS<\/h2>\n<p>Aplikacja Royalzino na iOS zosta\u0142a zaprojektowana, aby zapewni\u0107 u\u017cytkownikom urz\u0105dze\u0144 Apple gry na najwy\u017cszym poziomie. Jej zoptymalizowana wersja na iPhone&#8217;a i iPada charakteryzuje si\u0119 wysok\u0105 wydajno\u015bci\u0105, szybkim \u0142adowaniem i bezpiecznym \u015brodowiskiem. Aplikacja ma najwy\u017csz\u0105 jako\u015b\u0107 i prosty panel sterowania z racjonalnymi zak\u0142adkami do nawigacji po kasynie Royalzino. Mo\u017cesz cieszy\u0107 si\u0119 \u0142atw\u0105 nawigacj\u0105 po wysokiej jako\u015bci bibliotece gier, takich jak automaty online i kolekcje ksi\u0105\u017cek.<\/p>\n<p>Wersja na iOS jest profesjonalna i skutecznie u\u0142atwia proces weryfikacji zgodnie ze standardami bezpiecze\u0144stwa. Zawsze dodajemy nowe, ciekawe funkcje i ulepszenia, aby nad\u0105\u017ca\u0107 za najnowszymi trendami w bran\u017cy kasynowej. Projekt aplikacji koncentruje si\u0119 na szybko\u015bci, bezpiecze\u0144stwie i wysokiej jako\u015bci grafice, dzi\u0119ki czemu gracze mog\u0105 szybko gra\u0107 w Royal Zino Casino bez frustracji zwi\u0105zanej z kr\u0119c\u0105cym si\u0119 ko\u0142em \u0142adowania.<\/p>\n<p><img loading=\"lazy\" decoding=\"async\" class=\"alignnone size-full wp-image-1947\" src=\"https:\/\/royal-zino.org\/wp-content\/uploads\/2026\/03\/Royalzino-iOS.webp\" alt=\"Royalzino iOS\" width=\"1248\" height=\"536\" srcset=\"https:\/\/royal-zino.org\/wp-content\/uploads\/2026\/03\/Royalzino-iOS.webp 1248w, https:\/\/royal-zino.org\/wp-content\/uploads\/2026\/03\/Royalzino-iOS-300x129.webp 300w, https:\/\/royal-zino.org\/wp-content\/uploads\/2026\/03\/Royalzino-iOS-1024x440.webp 1024w, https:\/\/royal-zino.org\/wp-content\/uploads\/2026\/03\/Royalzino-iOS-768x330.webp 768w\" sizes=\"auto, (max-width: 1248px) 100vw, 1248px\" \/><\/p>\n<\/div><\/div><div style=\"clear: both\"><\/div><div class=\"d-flex justify-content-center\"><button data-item=\"decouvrez_link\" data-group=\"website_links\" class=\"goto fw-bold rounded-pill btn btn-orange\" aria-label=\"Pobierz aplikacj\u0119 Royalzino\" >Pobierz aplikacj\u0119 Royalzino<\/button><\/div><div class=\"scrollable-content-wrap my-5\"><div class=\"scrollable-content-inner\"><h2>Aplikacje dla system\u00f3w macOS i Windows<\/h2>\n<p>Royal Zino oferuje r\u00f3wnie\u017c aplikacje dla system\u00f3w Windows i macOS dla graczy, kt\u00f3rzy preferuj\u0105 gry na komputerach stacjonarnych. Aplikacje te dzia\u0142aj\u0105 znakomicie na komputerach stacjonarnych. W Royalzino Casino zawsze obs\u0142ugujemy grafik\u0119 w wysokiej rozdzielczo\u015bci i zaawansowane funkcje, dzi\u0119ki czemu \u015brodowisko jest wci\u0105gaj\u0105ce. Wersja na komputery stacjonarne jest tak niesamowita, \u017ce mo\u017cna j\u0105 rozci\u0105gn\u0105\u0107 do dowolnego rozmiaru ekranu, nawet kinowego! Aby uzyska\u0107 najlepsze wra\u017cenia, graj w towarzystwie przyjaci\u00f3\u0142.<\/p>\n<p>Gracze mog\u0105 cieszy\u0107 si\u0119 pe\u0142ni\u0105 wra\u017ce\u0144 kasynowych, w tym wsparciem na czacie na \u017cywo, natychmiastow\u0105 weryfikacj\u0105 konta i kompleksowym \u015brodowiskiem gry. Komputerowa aplikacja PWA oferuje bardziej kompleksowe wra\u017cenia z gry, zw\u0142aszcza w przypadku gier z krupierem na \u017cywo, gdzie realizm i jako\u015b\u0107 wizualna maj\u0105 najwi\u0119ksze znaczenie. Nasi krupierzy s\u0105 widoczni w najdrobniejszych szczeg\u00f3\u0142ach \u2014 tak jakby stali obok Ciebie w prawdziwym kasynie gdzie\u015b w Nassau i Paradise Island na Bahamach!<\/p>\n<p>Wypr\u00f3buj wi\u0119c r\u00f3wnie\u017c t\u0119 wersj\u0119 \u2014 aby przetestowa\u0107 szybk\u0105 nawigacj\u0119, spersonalizowane opcje i bezpieczne zarz\u0105dzanie danymi. Z przyjemno\u015bci\u0105 informujemy, \u017ce wszyscy gracze mog\u0105 bez obaw korzysta\u0107 z Royal Zino Casino.<\/p>\n<p>Podsumujmy wi\u0119c, dlaczego potrzebujesz naszej aplikacji Royalzino!<\/p>\n<table>\n<tbody>\n<tr>\n<td>Funkcja<\/td>\n<td>Dlaczego PWA w Royalzino jest najlepsza dla graczy<\/td>\n<td>Szczeg\u00f3\u0142y<\/td>\n<\/tr>\n<tr>\n<td>Natychmiastowa dost\u0119pno\u015b\u0107<\/td>\n<td>Nie trzeba niczego pobiera\u0107 \u2014 gracze mog\u0105 uzyska\u0107 natychmiastowy dost\u0119p do gry na dowolnym urz\u0105dzeniu.<\/td>\n<td>Royalzino PWA umo\u017cliwia szybkie wej\u015bcie do gry, skracaj\u0105c czas oczekiwania i zwi\u0119kszaj\u0105c czas gry.<\/td>\n<\/tr>\n<tr>\n<td>Kompatybilno\u015b\u0107 z r\u00f3\u017cnymi urz\u0105dzeniami<\/td>\n<td>P\u0142ynne dzia\u0142anie na wszystkich urz\u0105dzeniach \u2014 smartfonach, tabletach, komputerach stacjonarnych.<\/td>\n<td>Uniwersalny dost\u0119p, zapewniaj\u0105cy graczom sp\u00f3jny interfejs w ka\u017cdym miejscu.<\/td>\n<\/tr>\n<tr>\n<td>Szybkie \u0142adowanie<\/td>\n<td>Zoptymalizowany pod k\u0105tem szybkiego uruchamiania i p\u0142ynnej rozgrywki.<\/td>\n<td>Gracze sp\u0119dzaj\u0105 wi\u0119cej czasu na graniu, a mniej na czekaniu.<\/td>\n<\/tr>\n<tr>\n<td>Niskie wymagania dotycz\u0105ce pami\u0119ci<\/td>\n<td>Nie ma potrzeby pobierania aplikacji ze sklepu, co pozwala zaoszcz\u0119dzi\u0107 miejsce w pami\u0119ci urz\u0105dzenia.<\/td>\n<td>Idealne rozwi\u0105zanie dla graczy z ograniczon\u0105 pami\u0119ci\u0105, zach\u0119caj\u0105ce do cz\u0119stszego korzystania.<\/td>\n<\/tr>\n<tr>\n<td>Automatyczne aktualizacje<\/td>\n<td>Zawsze aktualne dzi\u0119ki najnowszym funkcjom bez konieczno\u015bci r\u0119cznego aktualizowania.<\/td>\n<td>Gracze maj\u0105 natychmiastowy dost\u0119p do nowych gier i funkcji, dzi\u0119ki czemu pozostaj\u0105 zaanga\u017cowani w korzystanie z platformy.<\/td>\n<\/tr>\n<tr>\n<td>Zwi\u0119kszone bezpiecze\u0144stwo<\/td>\n<td>Bezpieczne przegl\u0105danie stron i transakcje dzi\u0119ki nowoczesnym protoko\u0142om bezpiecze\u0144stwa internetowego.<\/td>\n<td>Buduje zaufanie poprzez ochron\u0119 danych graczy i informacji finansowych.<\/td>\n<\/tr>\n<tr>\n<td>Powiadomienia push<\/td>\n<td>Aktualizacje w czasie rzeczywistym dotycz\u0105ce bonus\u00f3w, nowych gier i promocji.<\/td>\n<td>Informuje graczy i anga\u017cuje ich, zwi\u0119kszaj\u0105c retencj\u0119.<\/td>\n<\/tr>\n<tr>\n<td>Oszcz\u0119dno\u015b\u0107 dla graczy<\/td>\n<td>Nie ma potrzeby kupowania ani aktualizowania aplikacji ze sklep\u00f3w z aplikacjami, co pozwala zaoszcz\u0119dzi\u0107 pieni\u0105dze .<\/td>\n<td>Wi\u0119ksza dost\u0119pno\u015b\u0107, zach\u0119caj\u0105ca graczy do szerszego korzystania z .<\/td>\n<\/tr>\n<tr>\n<td>Ekologiczne i zr\u00f3wnowa\u017cone<\/td>\n<td>Zmniejszone zapotrzebowanie na infrastruktur\u0119 sklepu z aplikacjami i aktualizacje, co zmniejsza wp\u0142yw na \u015brodowisko.<\/td>\n<td>Odzwierciedla nowoczesne, odpowiedzialne podej\u015bcie zgodne z ekologicznym \u015bwiadomo\u015bci\u0105 graczy.<\/td>\n<\/tr>\n<\/tbody>\n<\/table>\n<p><img loading=\"lazy\" decoding=\"async\" class=\"alignnone size-full wp-image-1939\" src=\"https:\/\/royal-zino.org\/wp-content\/uploads\/2026\/03\/Royalzino-Desktop.webp\" alt=\"Royalzino Desktop\" width=\"1248\" height=\"536\" srcset=\"https:\/\/royal-zino.org\/wp-content\/uploads\/2026\/03\/Royalzino-Desktop.webp 1248w, https:\/\/royal-zino.org\/wp-content\/uploads\/2026\/03\/Royalzino-Desktop-300x129.webp 300w, https:\/\/royal-zino.org\/wp-content\/uploads\/2026\/03\/Royalzino-Desktop-1024x440.webp 1024w, https:\/\/royal-zino.org\/wp-content\/uploads\/2026\/03\/Royalzino-Desktop-768x330.webp 768w\" sizes=\"auto, (max-width: 1248px) 100vw, 1248px\" \/><\/p>\n<\/div><\/div><div style=\"clear: both\"><\/div><div class=\"d-flex justify-content-center\"><button data-item=\"decouvrez_link\" data-group=\"website_links\" class=\"goto fw-bold rounded-pill btn btn-orange\" aria-label=\"Pobierz aplikacj\u0119 Royalzino\" >Pobierz aplikacj\u0119 Royalzino<\/button><\/div><div class=\"scrollable-content-wrap my-5\"><div class=\"scrollable-content-inner\"><h2>FAQ<\/h2>\n<h3>Czy musz\u0119 za\u0142o\u017cy\u0107 konto, aby korzysta\u0107 z aplikacji Royalzino?<\/h3>\n<p>Technicznie rzecz bior\u0105c, wiele gier Royalzino Casino mo\u017cna gra\u0107 w trybie demo, ale nie s\u0105dzimy, aby to wystarczy\u0142o. Nasze mobilne kasyno oferuje wiele mo\u017cliwo\u015bci wygrania du\u017cych pieni\u0119dzy, ale aby je otrzyma\u0107, nale\u017cy si\u0119 zarejestrowa\u0107. Aby m\u00f3c korzysta\u0107 z pe\u0142nego zestawu funkcji, w tym automat\u00f3w online, gier z krupierem na \u017cywo, ksi\u0105\u017cek, oryginalnych tytu\u0142\u00f3w i tych z ekskluzywnych sekcji \u015bwi\u0105tecznych, nale\u017cy si\u0119 zarejestrowa\u0107.<\/p>\n<h3>Czy aplikacja Royalzino Casino zapewnia obs\u0142ug\u0119 klienta?<\/h3>\n<p>Oczywi\u015bcie \u2014 nasz wykwalifikowany, wieloj\u0119zyczny zesp\u00f3\u0142 wsparcia jest dost\u0119pny w ka\u017cdej chwili w Twojej strefie czasowej. Kliknij przycisk czatu na \u017cywo i rozpocznij rozmow\u0119 z nami lub po prostu napisz d\u0142u\u017csz\u0105 wiadomo\u015b\u0107 e-mail, je\u015bli potrzebujesz wi\u0119cej miejsca, aby nam co\u015b przekaza\u0107. Wsparcie to zapewnia szybk\u0105 pomoc w przypadku problem\u00f3w technicznych, pyta\u0144 dotycz\u0105cych weryfikacji i innych zapyta\u0144, aby proces gry przebiega\u0142 p\u0142ynnie przez ca\u0142y czas.<\/p>\n<h3>Czy musz\u0119 samodzielnie aktualizowa\u0107 aplikacj\u0119 Royalzino Casino?<\/h3>\n<p>W przypadku aplikacji mobilnych aktualizacje s\u0105 automatyczne, a gracze nie musz\u0105 martwi\u0107 si\u0119 r\u0119cznym aktualizowaniem. Aplikacje na komputery stacjonarne aktualizuj\u0105 si\u0119 poprzez wewn\u0119trzne powiadomienia w przegl\u0105darkach. Nie ma wi\u0119c potrzeby r\u0119cznego pobierania aktualizacji.<\/p>\n<\/div><\/div><\/p>\n","protected":false},"excerpt":{"rendered":"<p>Platforma mobilna Royalzino Casino Royalzino app to nasz najlepszy pomys\u0142 na zapewnienie naszym polskim graczom mobilno\u015bci i najbardziej zaawansowanych technologicznie rozwi\u0105za\u0144. Aplikacja zosta\u0142a zbudowana w oparciu o najnowsz\u0105 technologi\u0119 i gwarantuje konsumentom p\u0142ynne, niezawodne i interesuj\u0105ce wra\u017cenia na r\u00f3\u017cnych urz\u0105dzeniach. Royalzino Casino jest bardzo mobilne. Jest to standard dla fan\u00f3w gier w podr\u00f3\u017cy. Korzystanie z [&hellip;]<\/p>\n","protected":false},"author":1,"featured_media":0,"parent":0,"menu_order":0,"comment_status":"closed","ping_status":"closed","template":"template-builder.php","meta":{"_acf_changed":false,"inline_featured_image":false,"footnotes":""},"class_list":["post-1447","page","type-page","status-publish","hentry"],"acf":[],"yoast_head":"<!-- This site is optimized with the Yoast SEO plugin v27.3 - https:\/\/yoast.com\/product\/yoast-seo-wordpress\/ -->\n<title>Royalzino App Pobierz | iOS, Android &amp; Desktop<\/title>\n<meta name=\"description\" content=\"Royalzino App \u2013 pobierz aplikacj\u0119 na iOS, Android i desktop, aby gra\u0107 w sloty, gry sto\u0142owe i kasyno na \u017cywo gdziekolwiek jeste\u015b. Ciesz si\u0119 p\u0142ynnym dzia\u0142aniem i pe\u0142nym dost\u0119pem do konta z Royal Zino.\" \/>\n<meta name=\"robots\" content=\"index, follow, max-snippet:-1, max-image-preview:large, max-video-preview:-1\" \/>\n<link rel=\"canonical\" href=\"https:\/\/royal-zino.org\/pl\/aplikacja\/\" \/>\n<meta property=\"og:locale\" content=\"pl_PL\" \/>\n<meta property=\"og:type\" content=\"article\" \/>\n<meta property=\"og:title\" content=\"Royalzino App Pobierz | iOS, Android &amp; Desktop\" \/>\n<meta property=\"og:description\" content=\"Royalzino App \u2013 pobierz aplikacj\u0119 na iOS, Android i desktop, aby gra\u0107 w sloty, gry sto\u0142owe i kasyno na \u017cywo gdziekolwiek jeste\u015b. Ciesz si\u0119 p\u0142ynnym dzia\u0142aniem i pe\u0142nym dost\u0119pem do konta z Royal Zino.\" \/>\n<meta property=\"og:url\" content=\"https:\/\/royal-zino.org\/pl\/aplikacja\/\" \/>\n<meta property=\"og:site_name\" content=\"royalzino\" \/>\n<meta property=\"article:modified_time\" content=\"2026-03-05T10:00:00+00:00\" \/>\n<meta name=\"twitter:card\" content=\"summary_large_image\" \/>\n<meta name=\"twitter:label1\" content=\"Est. reading time\" \/>\n\t<meta name=\"twitter:data1\" content=\"2 minutes\" \/>\n<script type=\"application\/ld+json\" class=\"yoast-schema-graph\">{\"@context\":\"https:\\\/\\\/schema.org\",\"@graph\":[{\"@type\":\"WebPage\",\"@id\":\"https:\\\/\\\/royal-zino.org\\\/pl\\\/aplikacja\\\/\",\"url\":\"https:\\\/\\\/royal-zino.org\\\/pl\\\/aplikacja\\\/\",\"name\":\"Royalzino App Pobierz | iOS, Android & Desktop\",\"isPartOf\":{\"@id\":\"https:\\\/\\\/royal-zino.org\\\/pl\\\/#website\"},\"datePublished\":\"2026-01-20T12:08:23+00:00\",\"dateModified\":\"2026-03-05T10:00:00+00:00\",\"description\":\"Royalzino App \u2013 pobierz aplikacj\u0119 na iOS, Android i desktop, aby gra\u0107 w sloty, gry sto\u0142owe i kasyno na \u017cywo gdziekolwiek jeste\u015b. Ciesz si\u0119 p\u0142ynnym dzia\u0142aniem i pe\u0142nym dost\u0119pem do konta z Royal Zino.\",\"breadcrumb\":{\"@id\":\"https:\\\/\\\/royal-zino.org\\\/pl\\\/aplikacja\\\/#breadcrumb\"},\"inLanguage\":\"pl-PL\",\"potentialAction\":[{\"@type\":\"ReadAction\",\"target\":[\"https:\\\/\\\/royal-zino.org\\\/pl\\\/aplikacja\\\/\"]}]},{\"@type\":\"BreadcrumbList\",\"@id\":\"https:\\\/\\\/royal-zino.org\\\/pl\\\/aplikacja\\\/#breadcrumb\",\"itemListElement\":[{\"@type\":\"ListItem\",\"position\":1,\"name\":\"Royalzino\",\"item\":\"https:\\\/\\\/royal-zino.org\\\/pl\\\/\"},{\"@type\":\"ListItem\",\"position\":2,\"name\":\"Aplikacja\"}]},{\"@type\":\"WebSite\",\"@id\":\"https:\\\/\\\/royal-zino.org\\\/pl\\\/#website\",\"url\":\"https:\\\/\\\/royal-zino.org\\\/pl\\\/\",\"name\":\"Royalzino\",\"description\":\"\",\"publisher\":{\"@id\":\"https:\\\/\\\/royal-zino.org\\\/pl\\\/#organization\"},\"potentialAction\":[{\"@type\":\"SearchAction\",\"target\":{\"@type\":\"EntryPoint\",\"urlTemplate\":\"https:\\\/\\\/royal-zino.org\\\/pl\\\/?s={search_term_string}\"},\"query-input\":{\"@type\":\"PropertyValueSpecification\",\"valueRequired\":true,\"valueName\":\"search_term_string\"}}],\"inLanguage\":\"pl-PL\"},{\"@type\":\"Organization\",\"@id\":\"https:\\\/\\\/royal-zino.org\\\/pl\\\/#organization\",\"name\":\"Royalzino\",\"url\":\"https:\\\/\\\/royal-zino.org\\\/pl\\\/\",\"logo\":{\"@type\":\"ImageObject\",\"inLanguage\":\"pl-PL\",\"@id\":\"https:\\\/\\\/royal-zino.org\\\/pl\\\/#\\\/schema\\\/logo\\\/image\\\/\",\"url\":\"https:\\\/\\\/royal-zino.org\\\/wp-content\\\/uploads\\\/2026\\\/03\\\/logo-1.png\",\"contentUrl\":\"https:\\\/\\\/royal-zino.org\\\/wp-content\\\/uploads\\\/2026\\\/03\\\/logo-1.png\",\"width\":160,\"height\":32,\"caption\":\"Royalzino\"},\"image\":{\"@id\":\"https:\\\/\\\/royal-zino.org\\\/pl\\\/#\\\/schema\\\/logo\\\/image\\\/\"}}]}<\/script>\n<!-- \/ Yoast SEO plugin. -->","yoast_head_json":{"title":"Royalzino App Pobierz | iOS, Android & Desktop","description":"Royalzino App \u2013 pobierz aplikacj\u0119 na iOS, Android i desktop, aby gra\u0107 w sloty, gry sto\u0142owe i kasyno na \u017cywo gdziekolwiek jeste\u015b. Ciesz si\u0119 p\u0142ynnym dzia\u0142aniem i pe\u0142nym dost\u0119pem do konta z Royal Zino.","robots":{"index":"index","follow":"follow","max-snippet":"max-snippet:-1","max-image-preview":"max-image-preview:large","max-video-preview":"max-video-preview:-1"},"canonical":"https:\/\/royal-zino.org\/pl\/aplikacja\/","og_locale":"pl_PL","og_type":"article","og_title":"Royalzino App Pobierz | iOS, Android & Desktop","og_description":"Royalzino App \u2013 pobierz aplikacj\u0119 na iOS, Android i desktop, aby gra\u0107 w sloty, gry sto\u0142owe i kasyno na \u017cywo gdziekolwiek jeste\u015b. Ciesz si\u0119 p\u0142ynnym dzia\u0142aniem i pe\u0142nym dost\u0119pem do konta z Royal Zino.","og_url":"https:\/\/royal-zino.org\/pl\/aplikacja\/","og_site_name":"royalzino","article_modified_time":"2026-03-05T10:00:00+00:00","twitter_card":"summary_large_image","twitter_misc":{"Est. reading time":"2 minutes"},"schema":{"@context":"https:\/\/schema.org","@graph":[{"@type":"WebPage","@id":"https:\/\/royal-zino.org\/pl\/aplikacja\/","url":"https:\/\/royal-zino.org\/pl\/aplikacja\/","name":"Royalzino App Pobierz | iOS, Android & Desktop","isPartOf":{"@id":"https:\/\/royal-zino.org\/pl\/#website"},"datePublished":"2026-01-20T12:08:23+00:00","dateModified":"2026-03-05T10:00:00+00:00","description":"Royalzino App \u2013 pobierz aplikacj\u0119 na iOS, Android i desktop, aby gra\u0107 w sloty, gry sto\u0142owe i kasyno na \u017cywo gdziekolwiek jeste\u015b. Ciesz si\u0119 p\u0142ynnym dzia\u0142aniem i pe\u0142nym dost\u0119pem do konta z Royal Zino.","breadcrumb":{"@id":"https:\/\/royal-zino.org\/pl\/aplikacja\/#breadcrumb"},"inLanguage":"pl-PL","potentialAction":[{"@type":"ReadAction","target":["https:\/\/royal-zino.org\/pl\/aplikacja\/"]}]},{"@type":"BreadcrumbList","@id":"https:\/\/royal-zino.org\/pl\/aplikacja\/#breadcrumb","itemListElement":[{"@type":"ListItem","position":1,"name":"Royalzino","item":"https:\/\/royal-zino.org\/pl\/"},{"@type":"ListItem","position":2,"name":"Aplikacja"}]},{"@type":"WebSite","@id":"https:\/\/royal-zino.org\/pl\/#website","url":"https:\/\/royal-zino.org\/pl\/","name":"Royalzino","description":"","publisher":{"@id":"https:\/\/royal-zino.org\/pl\/#organization"},"potentialAction":[{"@type":"SearchAction","target":{"@type":"EntryPoint","urlTemplate":"https:\/\/royal-zino.org\/pl\/?s={search_term_string}"},"query-input":{"@type":"PropertyValueSpecification","valueRequired":true,"valueName":"search_term_string"}}],"inLanguage":"pl-PL"},{"@type":"Organization","@id":"https:\/\/royal-zino.org\/pl\/#organization","name":"Royalzino","url":"https:\/\/royal-zino.org\/pl\/","logo":{"@type":"ImageObject","inLanguage":"pl-PL","@id":"https:\/\/royal-zino.org\/pl\/#\/schema\/logo\/image\/","url":"https:\/\/royal-zino.org\/wp-content\/uploads\/2026\/03\/logo-1.png","contentUrl":"https:\/\/royal-zino.org\/wp-content\/uploads\/2026\/03\/logo-1.png","width":160,"height":32,"caption":"Royalzino"},"image":{"@id":"https:\/\/royal-zino.org\/pl\/#\/schema\/logo\/image\/"}}]}},"_links":{"self":[{"href":"https:\/\/royal-zino.org\/pl\/wp-json\/wp\/v2\/pages\/1447","targetHints":{"allow":["GET"]}}],"collection":[{"href":"https:\/\/royal-zino.org\/pl\/wp-json\/wp\/v2\/pages"}],"about":[{"href":"https:\/\/royal-zino.org\/pl\/wp-json\/wp\/v2\/types\/page"}],"author":[{"embeddable":true,"href":"https:\/\/royal-zino.org\/pl\/wp-json\/wp\/v2\/users\/1"}],"replies":[{"embeddable":true,"href":"https:\/\/royal-zino.org\/pl\/wp-json\/wp\/v2\/comments?post=1447"}],"version-history":[{"count":4,"href":"https:\/\/royal-zino.org\/pl\/wp-json\/wp\/v2\/pages\/1447\/revisions"}],"predecessor-version":[{"id":2093,"href":"https:\/\/royal-zino.org\/pl\/wp-json\/wp\/v2\/pages\/1447\/revisions\/2093"}],"wp:attachment":[{"href":"https:\/\/royal-zino.org\/pl\/wp-json\/wp\/v2\/media?parent=1447"}],"curies":[{"name":"wp","href":"https:\/\/api.w.org\/{rel}","templated":true}]}}