{"id":1486,"date":"2026-01-20T12:11:11","date_gmt":"2026-01-20T12:11:11","guid":{"rendered":"https:\/\/bonuskongcasino.com\/login-and-registration\/"},"modified":"2026-03-05T10:02:11","modified_gmt":"2026-03-05T10:02:11","slug":"logowanie-i-rejestracja","status":"publish","type":"page","link":"https:\/\/royal-zino.org\/pl\/logowanie-i-rejestracja\/","title":{"rendered":"Logowanie i rejestracja"},"content":{"rendered":"<h1>Logowanie i rejestracja konta w Royalzino Casino<\/h1>\n<p>Funkcja do Royalzino login umo\u017cliwia dost\u0119p do szerokiej gamy produkt\u00f3w hazardowych, ekskluzywnych ofert i spersonalizowanych funkcji w naszym kasynie dla polskich graczy. Royalzino Casino jest liderem pod wzgl\u0119dem bezpiecze\u0144stwa, wygody i prze\u0142omowych narz\u0119dzi do niezale\u017cnej gry cyfrowej. Cieszymy si\u0119, \u017ce wszyscy gracze maj\u0105 \u0142atwy dost\u0119p do naszej platformy, dzi\u0119ki czemu wszyscy u\u017cytkownicy mog\u0105 czu\u0107, \u017ce jeste\u015bmy ich najlepszym wyborem, je\u015bli chodzi o stabilne i fascynuj\u0105ce do\u015bwiadczenia w kasynie online.<\/p>\n<p><div class=\"banner-wrap\" aria-label=\"Banner\"><img src=\"https:\/\/royal-zino.org\/wp-content\/uploads\/2026\/03\/royalzino-bnr-static-pc.webp\" class=\"w-100 d-none d-lg-block img-pc main-banner-img\" alt=\"royalzino banner pc\" fetchpriority=\"high\" decoding=\"async\"><img src=\"https:\/\/royal-zino.org\/wp-content\/uploads\/2026\/03\/royalzino-banner-mobile.webp\" class=\"w-100 d-none d-md-block d-lg-none main-banner-img\" alt=\"royalzino banner mobile\" fetchpriority=\"high\" decoding=\"async\"><img src=\"https:\/\/royal-zino.org\/wp-content\/uploads\/2026\/03\/royalzino-banner-mobile.webp\" class=\"w-100 d-md-none\" alt=\"royalzino banner mobile\" fetchpriority=\"high\" decoding=\"async\"><div class=\"banner-description\">\n<div class=\"banner-title\">Bonusy powitalne<\/div>\n<p class=\"banner-header-title\">1500 \u20ac<\/p>\n<div class=\"banner-header-AdditionalText\">+ 250 Darmowe spiny<\/div>\n<button data-item=\"homepage_banner_link\" class=\"goto m-button m-gradient-border m-button--primary m-button--large banner-button btn-orange\">\n            <div class=\"m-button-content\">\n                <span>Zarejestruj si\u0119 teraz<\/span>\n                <span><\/span>\n            <\/div>\n        <\/button>\n<\/div>\n<div class=\"WelcomePack\">\n<p><img loading=\"lazy\" decoding=\"async\" class=\"alignnone size-full wp-image-1873\" src=\"https:\/\/royal-zino.org\/wp-content\/uploads\/2026\/03\/welcome-crown.png\" alt=\"welcome crown\" width=\"25\" height=\"26\" \/><\/p>\n<div class=\"WelcomePack-Info\">Cotygodniowy zwrot got\u00f3wki do 25%<\/div>\n<p><img loading=\"lazy\" decoding=\"async\" class=\"alignnone size-full wp-image-1873\" src=\"https:\/\/royal-zino.org\/wp-content\/uploads\/2026\/03\/welcome-crown.png\" alt=\"welcome crown\" width=\"25\" height=\"26\" \/><\/p>\n<\/div>\n<\/div><div class=\"scrollable-content-wrap my-5\"><div class=\"scrollable-content-inner\"><h2>Rejestracja nowego u\u017cytkownika w Royalzino Casino<\/h2>\n<p>Utworzenie konta w Royalzino Casino jest r\u00f3wnie\u017c stosunkowo proste, co daje nowym graczom natychmiastowy dost\u0119p do ca\u0142ej naszej biblioteki gier. Aby zarejestrowa\u0107 si\u0119 samodzielnie, u\u017cytkownicy musz\u0105 wykona\u0107 kilka prostych krok\u00f3w, aby zapewni\u0107 bezpiecze\u0144stwo i prawid\u0142owe skonfigurowanie swojego konta.<\/p>\n<p><img loading=\"lazy\" decoding=\"async\" class=\"alignnone size-full wp-image-1955\" src=\"https:\/\/royal-zino.org\/wp-content\/uploads\/2026\/03\/Royalzino-login-page.webp\" alt=\"Royalzino login page\" width=\"1248\" height=\"536\" srcset=\"https:\/\/royal-zino.org\/wp-content\/uploads\/2026\/03\/Royalzino-login-page.webp 1248w, https:\/\/royal-zino.org\/wp-content\/uploads\/2026\/03\/Royalzino-login-page-300x129.webp 300w, https:\/\/royal-zino.org\/wp-content\/uploads\/2026\/03\/Royalzino-login-page-1024x440.webp 1024w, https:\/\/royal-zino.org\/wp-content\/uploads\/2026\/03\/Royalzino-login-page-768x330.webp 768w\" sizes=\"auto, (max-width: 1248px) 100vw, 1248px\" \/><\/p>\n<h3>Jak samodzielnie za\u0142o\u017cy\u0107 konto w Royal Zino Casino<\/h3>\n<p>Podzielmy ca\u0142y proces na proste kroki:<\/p>\n<ol>\n<li>Najpierw kliknij na stron\u0119 g\u0142\u00f3wn\u0105 Royal Zino Casino i wype\u0142nij formularz.<\/li>\n<li>Na stronie g\u0142\u00f3wnej znajduje si\u0119 przycisk \u201eZarejestruj si\u0119\u201d, kt\u00f3ry jest dobrze widoczny. Po klikni\u0119ciu rozpocznie si\u0119 proces rejestracji.<\/li>\n<li>Nast\u0119pnie zostaniesz poproszony o podanie niezb\u0119dnych informacji \u2013 adresu e-mail, kt\u00f3ry b\u0119dzie s\u0142u\u017cy\u0142 jako g\u0142\u00f3wny identyfikator do logowania si\u0119 w Royalzino.<\/li>\n<li>Nast\u0119pnie nale\u017cy wybra\u0107 silne has\u0142o, kt\u00f3re jest unikalne i spe\u0142nia standardy bezpiecze\u0144stwa. Gwarantuje to, \u017ce nikt nie uzyska nieautoryzowanego dost\u0119pu do Twojego konta.<\/li>\n<li>W formularzu rejestracyjnym mo\u017cemy r\u00f3wnie\u017c poprosi\u0107 Ci\u0119 o podanie preferowanej nazwy u\u017cytkownika i zaakceptowanie warunk\u00f3w korzystania z platformy (zaznacz pole po przeczytaniu wszystkich warunk\u00f3w).<\/li>\n<li>Istnieje r\u00f3wnie\u017c opcja rejestracji z polem na kody promocyjne, kt\u00f3re mo\u017cna wykorzysta\u0107, aby poprawi\u0107 pocz\u0105tkowe wra\u017cenia z gry, w tym specjalne bonusy lub darmowe spiny.<\/li>\n<\/ol>\n<p>Po wykonaniu tych czynno\u015bci otrzymasz wiadomo\u015b\u0107 e-mail z potwierdzeniem. Prosz\u0119 aktywowa\u0107 swoje konto, klikaj\u0105c w link zawarty w wiadomo\u015bci. Po utworzeniu konta mo\u017cesz w dowolnym momencie zalogowa\u0107 si\u0119 do Royalzino, aby korzysta\u0107 z pe\u0142nej funkcjonalno\u015bci platformy, takiej jak wp\u0142aty, wyp\u0142aty i gry.<\/p>\n<h2>Logowanie do Royalzino<\/h2>\n<p>Logowanie do Royalzino powinno by\u0107 szybkie i bezpieczne. Wystarczy wej\u015b\u0107 na stron\u0119 g\u0142\u00f3wn\u0105 i znale\u017a\u0107 sekcj\u0119 logowania. Mo\u017cesz u\u017cy\u0107 zarejestrowanego adresu e-mail i has\u0142a, aby uzyska\u0107 natychmiastowy dost\u0119p do pulpitu nawigacyjnego swojego konta.<\/p>\n<p>Umo\u017cliwiamy r\u00f3wnie\u017c korzystanie z kont zewn\u0119trznych Google jako opcji logowania \u2014 wszystko dla Twojej wygody! W ten spos\u00f3b u\u017cytkownicy mog\u0105 natychmiast zalogowa\u0107 si\u0119 do Royalzino bez konieczno\u015bci zapami\u0119tywania dodatkowych hase\u0142, co u\u0142atwia korzystanie z serwisu i zapewnia wysoki poziom bezpiecze\u0144stwa. Mamy nadziej\u0119, \u017ce r\u00f3wnie\u017c wypr\u00f3bujesz t\u0119 metod\u0119 logowania \u2014 cieszy si\u0119 ona du\u017cym uznaniem naszych graczy.<\/p>\n<h3>Co zrobi\u0107, je\u015bli zapomn\u0119 has\u0142a?<\/h3>\n<p>Royalzino zapewnia \u0142atw\u0105 opcj\u0119 odzyskiwania has\u0142a na wypadek jego utraty. Na stronie logowania Royalzino wybierz opcj\u0119 \u201eNie pami\u0119tasz has\u0142a?\u201d. Nast\u0119pnie zostaniesz poproszony o wpisanie zarejestrowanego adresu e-mail.<\/p>\n<p>Wy\u015blemy Ci wiadomo\u015b\u0107 e-mail z pomoc\u0105 w odzyskaniu utraconych danych logowania do Royalzino Casino \u2014 adresu e-mail i has\u0142a. Je\u015bli nie otrzymasz od nas wiadomo\u015bci e-mail, jest to niemo\u017cliwe. Sprawd\u017a folder spam \u2014 mo\u017ce tam by\u0107. Przeczytaj wiadomo\u015b\u0107 e-mail i kliknij link, aby utworzy\u0107 nowe has\u0142o, dzi\u0119ki czemu Twoje konto b\u0119dzie bezpieczne i wygodne w u\u017cyciu.<\/p>\n<h2>Procedura KYC w Royal Zino Casino<\/h2>\n<p>W Royalzino Casino stosujemy surow\u0105 polityk\u0119 sprawdzania ka\u017cdego gracza, kt\u00f3ry wchodzi do naszego kasyna. Proces weryfikacji KYC (Know Your Customer) jest wa\u017cny, poniewa\u017c jako gracz chcesz sp\u0119dza\u0107 godziny w bezpiecznym \u015brodowisku, w otoczeniu prawdziwych ludzi, a nie fa\u0142szywych bot\u00f3w.<\/p>\n<p>Procedura weryfikacji nie trwa d\u0142ugo \u2013 mo\u017cemy sprawdzi\u0107 Twoje dokumenty w ci\u0105gu 1\u20132 dni, a czasem nawet szybciej. Zale\u017cy to od osoby. Czasami mamy dodatkowe pytania, je\u015bli co\u015b nas niepokoi. Nie martw si\u0119, je\u015bli otrzymasz od nas wiadomo\u015b\u0107 e-mail lub telefon \u2013 jest to dla Twojego bezpiecze\u0144stwa. Jakie dokumenty s\u0105 potrzebne w Royal Zino Casino?<\/p>\n<ol>\n<li>Kopi\u0119 Twojego prawdziwego paszportu zawieraj\u0105c\u0105 wszystkie wa\u017cne informacje dotycz\u0105ce Twojej to\u017csamo\u015bci.<\/li>\n<li>Rachunki za media potwierdzaj\u0105ce adres zamieszkania i zdolno\u015b\u0107 do pokrycia podstawowych wydatk\u00f3w.<\/li>\n<\/ol>\n<p>Po otrzymaniu dokument\u00f3w mo\u017cesz je przes\u0142a\u0107 do panelu Royalzino Casino \u2013 po\u015bwi\u0119cimy czas na dok\u0142adne sprawdzenie wszystkich informacji. Prosimy o cierpliwo\u015b\u0107, poniewa\u017c mamy wielu graczy do sprawdzenia. Po stwierdzeniu, \u017ce wszystko jest w porz\u0105dku, otrzymasz powiadomienie od Royalzino Casino i b\u0119dziesz mie\u0107 pe\u0142n\u0105 swobod\u0119 dzia\u0142ania \u2013 mo\u017cesz wp\u0142aca\u0107 i wyp\u0142aca\u0107 dowolne kwoty bez ogranicze\u0144, gra\u0107 w dowolne gry i cieszy\u0107 si\u0119 rozrywk\u0105.<\/p>\n<table>\n<tbody>\n<tr>\n<td>Jak pomaga weryfikacja<\/td>\n<td>Wyja\u015bnienie<\/td>\n<\/tr>\n<tr>\n<td>Unikaj ogranicze\u0144 dost\u0119pu do \u015brodk\u00f3w<\/td>\n<td>Po zweryfikowaniu konta b\u0119dziesz m\u00f3g\u0142 wp\u0142aca\u0107 i wyp\u0142aca\u0107 pieni\u0105dze.<\/td>\n<\/tr>\n<tr>\n<td>Pozb\u0105d\u017a si\u0119 ograniczonych opcji gry<\/td>\n<td>Po weryfikacji KYC nie b\u0119dziesz ju\u017c mie\u0107 ogranicze\u0144 w graniu w niekt\u00f3re gry lub korzystaniu z pe\u0142nych funkcji kasyna online.<\/td>\n<\/tr>\n<tr>\n<td>Mo\u017cliwo\u015b\u0107 wyp\u0142aty wygranych<\/td>\n<td>Po weryfikacji mo\u017cesz wyp\u0142aci\u0107 wszelkie wygrane lub saldo konta.<\/td>\n<\/tr>\n<tr>\n<td>Unikaj ryzyka zawieszenia konta<\/td>\n<td>Kasyno nie b\u0119dzie ogranicza\u0107 ani zawiesza\u0107 Twojego konta z powodu nieprzestrzegania zasad.<\/td>\n<\/tr>\n<tr>\n<td>Dost\u0119p do wszystkich korzy\u015bci zwi\u0105zanych z kontem<\/td>\n<td>Po weryfikacji mog\u0105 by\u0107 dost\u0119pne bonusy, promocje i pe\u0142ne uprawnienia do konta.<\/td>\n<\/tr>\n<tr>\n<td>Eliminacja potencjalnych zagro\u017ce\u0144 bezpiecze\u0144stwa<\/td>\n<td>Po weryfikacji Twoje konto zostanie zabezpieczone przed oszustwami i nieautoryzowanym dost\u0119pem.<\/td>\n<\/tr>\n<tr>\n<td>Unikanie potencjalnych ogranicze\u0144 w przysz\u0142o\u015bci<\/td>\n<td>Kasyno nie b\u0119dzie nak\u0142ada\u0107 ogranicze\u0144 ani zamyka\u0107 kont, kt\u00f3re nie przesz\u0142y weryfikacji.<\/td>\n<\/tr>\n<\/tbody>\n<\/table>\n<h2>FAQ<\/h2>\n<h3>Jak mog\u0119 \u0142atwo zalogowa\u0107 si\u0119 do Royalzino?<\/h3>\n<p>Logowanie do Royalzino na naszej platformie jest bardzo szybkie \u2014 nie mo\u017ce by\u0107 prostsze! W sekcji logowania (w prawym g\u00f3rnym rogu) mo\u017cesz wybra\u0107 opcj\u0119 logowania za pomoc\u0105 Google. Znajd\u017a ma\u0142y przycisk \u201eZaloguj si\u0119 za pomoc\u0105 Google\u201d i po prostu u\u017cyj swojego adresu Gmail, aby si\u0119 zalogowa\u0107. Po zalogowaniu mo\u017cesz korzysta\u0107 ze wszystkich funkcji, takich jak bonusy i gry na \u017cywo.<\/p>\n<h3>Jak usun\u0105\u0107 swoje konto?<\/h3>\n<p>Jak ka\u017cde renomowane kasyno, pomagamy w zamkni\u0119ciu konta. Je\u015bli chcesz wy\u0142\u0105czy\u0107 swoje konto Royalzino, wy\u015blij wiadomo\u015b\u0107 do zespo\u0142u pomocy technicznej za po\u015brednictwem czatu na \u017cywo lub poczty elektronicznej. Zesp\u00f3\u0142 pomocy technicznej przeprowadzi Ci\u0119 przez t\u0119 procedur\u0119, kt\u00f3ra obejmuje potwierdzenie Twojej to\u017csamo\u015bci ze wzgl\u0119d\u00f3w bezpiecze\u0144stwa. Usuwamy konta w spos\u00f3b skuteczny i bezpieczny, usuwaj\u0105c wszystkie dane z naszych system\u00f3w.<\/p>\n<h3>Jaka jest procedura aktualizacji danych konta?<\/h3>\n<p>Po zako\u0144czeniu procesu weryfikacji ka\u017cdy mo\u017ce \u0142atwo uzyska\u0107 dost\u0119p do sekcji zarz\u0105dzania kontem. W tym przypadku b\u0119dzie mo\u017cna zmieni\u0107 dane osobowe, dane kontaktowe i metody p\u0142atno\u015bci. Na wypadek zmiany wszystkich danych nale\u017cy utworzy\u0107 silniejsze has\u0142o, a og\u00f3lnie rzecz bior\u0105c, zawsze warto poprawi\u0107 bezpiecze\u0144stwo w kasynie Royal Zino.<\/p>\n<\/div><\/div><\/p>\n","protected":false},"excerpt":{"rendered":"<p>Logowanie i rejestracja konta w Royalzino Casino Funkcja do Royalzino login umo\u017cliwia dost\u0119p do szerokiej gamy produkt\u00f3w hazardowych, ekskluzywnych ofert i spersonalizowanych funkcji w naszym kasynie dla polskich graczy. Royalzino Casino jest liderem pod wzgl\u0119dem bezpiecze\u0144stwa, wygody i prze\u0142omowych narz\u0119dzi do niezale\u017cnej gry cyfrowej. Cieszymy si\u0119, \u017ce wszyscy gracze maj\u0105 \u0142atwy dost\u0119p do naszej platformy, [&hellip;]<\/p>\n","protected":false},"author":1,"featured_media":0,"parent":0,"menu_order":0,"comment_status":"closed","ping_status":"closed","template":"template-builder.php","meta":{"_acf_changed":false,"inline_featured_image":false,"footnotes":""},"class_list":["post-1486","page","type-page","status-publish","hentry"],"acf":[],"yoast_head":"<!-- This site is optimized with the Yoast SEO plugin v27.3 - https:\/\/yoast.com\/product\/yoast-seo-wordpress\/ -->\n<title>Royalzino Login \u2013 Rejestracja z Bezpiecznym Dost\u0119pem<\/title>\n<meta name=\"description\" content=\"Royalzino Login \u2013 zaloguj si\u0119 bezpiecznie lub zarejestruj konto w kilka sekund z szyfrowanym dost\u0119pem i szybk\u0105 weryfikacj\u0105. Zarz\u0105dzaj odzyskiwaniem has\u0142a, ustawieniami profilu i narz\u0119dziami konta \u0142atwo w Royal Zino.\" \/>\n<meta name=\"robots\" content=\"index, follow, max-snippet:-1, max-image-preview:large, max-video-preview:-1\" \/>\n<link rel=\"canonical\" href=\"https:\/\/royal-zino.org\/pl\/logowanie-i-rejestracja\/\" \/>\n<meta property=\"og:locale\" content=\"pl_PL\" \/>\n<meta property=\"og:type\" content=\"article\" \/>\n<meta property=\"og:title\" content=\"Royalzino Login \u2013 Rejestracja z Bezpiecznym Dost\u0119pem\" \/>\n<meta property=\"og:description\" content=\"Royalzino Login \u2013 zaloguj si\u0119 bezpiecznie lub zarejestruj konto w kilka sekund z szyfrowanym dost\u0119pem i szybk\u0105 weryfikacj\u0105. Zarz\u0105dzaj odzyskiwaniem has\u0142a, ustawieniami profilu i narz\u0119dziami konta \u0142atwo w Royal Zino.\" \/>\n<meta property=\"og:url\" content=\"https:\/\/royal-zino.org\/pl\/logowanie-i-rejestracja\/\" \/>\n<meta property=\"og:site_name\" content=\"royalzino\" \/>\n<meta property=\"article:modified_time\" content=\"2026-03-05T10:02:11+00:00\" \/>\n<meta name=\"twitter:card\" content=\"summary_large_image\" \/>\n<meta name=\"twitter:label1\" content=\"Est. reading time\" \/>\n\t<meta name=\"twitter:data1\" content=\"1 minute\" \/>\n<script type=\"application\/ld+json\" class=\"yoast-schema-graph\">{\"@context\":\"https:\\\/\\\/schema.org\",\"@graph\":[{\"@type\":\"WebPage\",\"@id\":\"https:\\\/\\\/royal-zino.org\\\/pl\\\/logowanie-i-rejestracja\\\/\",\"url\":\"https:\\\/\\\/royal-zino.org\\\/pl\\\/logowanie-i-rejestracja\\\/\",\"name\":\"Royalzino Login \u2013 Rejestracja z Bezpiecznym Dost\u0119pem\",\"isPartOf\":{\"@id\":\"https:\\\/\\\/royal-zino.org\\\/pl\\\/#website\"},\"datePublished\":\"2026-01-20T12:11:11+00:00\",\"dateModified\":\"2026-03-05T10:02:11+00:00\",\"description\":\"Royalzino Login \u2013 zaloguj si\u0119 bezpiecznie lub zarejestruj konto w kilka sekund z szyfrowanym dost\u0119pem i szybk\u0105 weryfikacj\u0105. Zarz\u0105dzaj odzyskiwaniem has\u0142a, ustawieniami profilu i narz\u0119dziami konta \u0142atwo w Royal Zino.\",\"breadcrumb\":{\"@id\":\"https:\\\/\\\/royal-zino.org\\\/pl\\\/logowanie-i-rejestracja\\\/#breadcrumb\"},\"inLanguage\":\"pl-PL\",\"potentialAction\":[{\"@type\":\"ReadAction\",\"target\":[\"https:\\\/\\\/royal-zino.org\\\/pl\\\/logowanie-i-rejestracja\\\/\"]}]},{\"@type\":\"BreadcrumbList\",\"@id\":\"https:\\\/\\\/royal-zino.org\\\/pl\\\/logowanie-i-rejestracja\\\/#breadcrumb\",\"itemListElement\":[{\"@type\":\"ListItem\",\"position\":1,\"name\":\"Royalzino\",\"item\":\"https:\\\/\\\/royal-zino.org\\\/pl\\\/\"},{\"@type\":\"ListItem\",\"position\":2,\"name\":\"Logowanie i rejestracja\"}]},{\"@type\":\"WebSite\",\"@id\":\"https:\\\/\\\/royal-zino.org\\\/pl\\\/#website\",\"url\":\"https:\\\/\\\/royal-zino.org\\\/pl\\\/\",\"name\":\"Royalzino\",\"description\":\"\",\"publisher\":{\"@id\":\"https:\\\/\\\/royal-zino.org\\\/pl\\\/#organization\"},\"potentialAction\":[{\"@type\":\"SearchAction\",\"target\":{\"@type\":\"EntryPoint\",\"urlTemplate\":\"https:\\\/\\\/royal-zino.org\\\/pl\\\/?s={search_term_string}\"},\"query-input\":{\"@type\":\"PropertyValueSpecification\",\"valueRequired\":true,\"valueName\":\"search_term_string\"}}],\"inLanguage\":\"pl-PL\"},{\"@type\":\"Organization\",\"@id\":\"https:\\\/\\\/royal-zino.org\\\/pl\\\/#organization\",\"name\":\"Royalzino\",\"url\":\"https:\\\/\\\/royal-zino.org\\\/pl\\\/\",\"logo\":{\"@type\":\"ImageObject\",\"inLanguage\":\"pl-PL\",\"@id\":\"https:\\\/\\\/royal-zino.org\\\/pl\\\/#\\\/schema\\\/logo\\\/image\\\/\",\"url\":\"https:\\\/\\\/royal-zino.org\\\/wp-content\\\/uploads\\\/2026\\\/03\\\/logo-1.png\",\"contentUrl\":\"https:\\\/\\\/royal-zino.org\\\/wp-content\\\/uploads\\\/2026\\\/03\\\/logo-1.png\",\"width\":160,\"height\":32,\"caption\":\"Royalzino\"},\"image\":{\"@id\":\"https:\\\/\\\/royal-zino.org\\\/pl\\\/#\\\/schema\\\/logo\\\/image\\\/\"}}]}<\/script>\n<!-- \/ Yoast SEO plugin. -->","yoast_head_json":{"title":"Royalzino Login \u2013 Rejestracja z Bezpiecznym Dost\u0119pem","description":"Royalzino Login \u2013 zaloguj si\u0119 bezpiecznie lub zarejestruj konto w kilka sekund z szyfrowanym dost\u0119pem i szybk\u0105 weryfikacj\u0105. Zarz\u0105dzaj odzyskiwaniem has\u0142a, ustawieniami profilu i narz\u0119dziami konta \u0142atwo w Royal Zino.","robots":{"index":"index","follow":"follow","max-snippet":"max-snippet:-1","max-image-preview":"max-image-preview:large","max-video-preview":"max-video-preview:-1"},"canonical":"https:\/\/royal-zino.org\/pl\/logowanie-i-rejestracja\/","og_locale":"pl_PL","og_type":"article","og_title":"Royalzino Login \u2013 Rejestracja z Bezpiecznym Dost\u0119pem","og_description":"Royalzino Login \u2013 zaloguj si\u0119 bezpiecznie lub zarejestruj konto w kilka sekund z szyfrowanym dost\u0119pem i szybk\u0105 weryfikacj\u0105. Zarz\u0105dzaj odzyskiwaniem has\u0142a, ustawieniami profilu i narz\u0119dziami konta \u0142atwo w Royal Zino.","og_url":"https:\/\/royal-zino.org\/pl\/logowanie-i-rejestracja\/","og_site_name":"royalzino","article_modified_time":"2026-03-05T10:02:11+00:00","twitter_card":"summary_large_image","twitter_misc":{"Est. reading time":"1 minute"},"schema":{"@context":"https:\/\/schema.org","@graph":[{"@type":"WebPage","@id":"https:\/\/royal-zino.org\/pl\/logowanie-i-rejestracja\/","url":"https:\/\/royal-zino.org\/pl\/logowanie-i-rejestracja\/","name":"Royalzino Login \u2013 Rejestracja z Bezpiecznym Dost\u0119pem","isPartOf":{"@id":"https:\/\/royal-zino.org\/pl\/#website"},"datePublished":"2026-01-20T12:11:11+00:00","dateModified":"2026-03-05T10:02:11+00:00","description":"Royalzino Login \u2013 zaloguj si\u0119 bezpiecznie lub zarejestruj konto w kilka sekund z szyfrowanym dost\u0119pem i szybk\u0105 weryfikacj\u0105. Zarz\u0105dzaj odzyskiwaniem has\u0142a, ustawieniami profilu i narz\u0119dziami konta \u0142atwo w Royal Zino.","breadcrumb":{"@id":"https:\/\/royal-zino.org\/pl\/logowanie-i-rejestracja\/#breadcrumb"},"inLanguage":"pl-PL","potentialAction":[{"@type":"ReadAction","target":["https:\/\/royal-zino.org\/pl\/logowanie-i-rejestracja\/"]}]},{"@type":"BreadcrumbList","@id":"https:\/\/royal-zino.org\/pl\/logowanie-i-rejestracja\/#breadcrumb","itemListElement":[{"@type":"ListItem","position":1,"name":"Royalzino","item":"https:\/\/royal-zino.org\/pl\/"},{"@type":"ListItem","position":2,"name":"Logowanie i rejestracja"}]},{"@type":"WebSite","@id":"https:\/\/royal-zino.org\/pl\/#website","url":"https:\/\/royal-zino.org\/pl\/","name":"Royalzino","description":"","publisher":{"@id":"https:\/\/royal-zino.org\/pl\/#organization"},"potentialAction":[{"@type":"SearchAction","target":{"@type":"EntryPoint","urlTemplate":"https:\/\/royal-zino.org\/pl\/?s={search_term_string}"},"query-input":{"@type":"PropertyValueSpecification","valueRequired":true,"valueName":"search_term_string"}}],"inLanguage":"pl-PL"},{"@type":"Organization","@id":"https:\/\/royal-zino.org\/pl\/#organization","name":"Royalzino","url":"https:\/\/royal-zino.org\/pl\/","logo":{"@type":"ImageObject","inLanguage":"pl-PL","@id":"https:\/\/royal-zino.org\/pl\/#\/schema\/logo\/image\/","url":"https:\/\/royal-zino.org\/wp-content\/uploads\/2026\/03\/logo-1.png","contentUrl":"https:\/\/royal-zino.org\/wp-content\/uploads\/2026\/03\/logo-1.png","width":160,"height":32,"caption":"Royalzino"},"image":{"@id":"https:\/\/royal-zino.org\/pl\/#\/schema\/logo\/image\/"}}]}},"_links":{"self":[{"href":"https:\/\/royal-zino.org\/pl\/wp-json\/wp\/v2\/pages\/1486","targetHints":{"allow":["GET"]}}],"collection":[{"href":"https:\/\/royal-zino.org\/pl\/wp-json\/wp\/v2\/pages"}],"about":[{"href":"https:\/\/royal-zino.org\/pl\/wp-json\/wp\/v2\/types\/page"}],"author":[{"embeddable":true,"href":"https:\/\/royal-zino.org\/pl\/wp-json\/wp\/v2\/users\/1"}],"replies":[{"embeddable":true,"href":"https:\/\/royal-zino.org\/pl\/wp-json\/wp\/v2\/comments?post=1486"}],"version-history":[{"count":2,"href":"https:\/\/royal-zino.org\/pl\/wp-json\/wp\/v2\/pages\/1486\/revisions"}],"predecessor-version":[{"id":2094,"href":"https:\/\/royal-zino.org\/pl\/wp-json\/wp\/v2\/pages\/1486\/revisions\/2094"}],"wp:attachment":[{"href":"https:\/\/royal-zino.org\/pl\/wp-json\/wp\/v2\/media?parent=1486"}],"curies":[{"name":"wp","href":"https:\/\/api.w.org\/{rel}","templated":true}]}}